{"id":7259,"date":"2026-02-28T07:52:39","date_gmt":"2026-02-28T07:52:39","guid":{"rendered":"http:\/\/www.shandongruiying.com\/?post_type=product&#038;p=7259"},"modified":"2026-02-28T09:34:22","modified_gmt":"2026-02-28T09:34:22","slug":"a36-carbon-steel-bar","status":"publish","type":"product","link":"https:\/\/www.shandongruiying.com\/ru\/product\/a36-carbon-steel-bar\/","title":{"rendered":"\u041f\u0440\u0443\u0442\u043e\u043a \u0438\u0437 \u0443\u0433\u043b\u0435\u0440\u043e\u0434\u0438\u0441\u0442\u043e\u0439 \u0441\u0442\u0430\u043b\u0438 A36"},"content":{"rendered":"<h2><strong><b>\u041f\u0430\u0440\u0430\u043c\u0435\u0442\u0440\u044b \u043f\u0440\u043e\u0434\u0443\u043a\u0442\u0430<\/b><\/strong><\/h2>\n<table>\n<tbody>\n<tr>\n<td width=\"126\"><\/td>\n<td colspan=\"4\" width=\"441\">\u041f\u0440\u0443\u0442\u043e\u043a \u0438\u0437 \u0443\u0433\u043b\u0435\u0440\u043e\u0434\u0438\u0441\u0442\u043e\u0439 \u0441\u0442\u0430\u043b\u0438 A36<\/td>\n<\/tr>\n<tr>\n<td width=\"126\">\u0421\u0442\u0430\u043d\u0434\u0430\u0440\u0442<\/td>\n<td colspan=\"4\" width=\"441\">EN\/DIN\/JIS\/ASTM\/BS\/ASME\/AISI<\/td>\n<\/tr>\n<tr>\n<td width=\"126\">\u041e\u0431\u0449\u0438\u0435 \u0442\u0435\u0445\u043d\u0438\u0447\u0435\u0441\u043a\u0438\u0435 \u0445\u0430\u0440\u0430\u043a\u0442\u0435\u0440\u0438\u0441\u0442\u0438\u043a\u0438 \u043a\u0440\u0443\u0433\u043b\u044b\u0445 \u043f\u0440\u0443\u0442\u043a\u043e\u0432<\/td>\n<td colspan=\"4\" width=\"441\">3,0-50,8 \u043c\u043c, \u0431\u043e\u043b\u0435\u0435 50,8-300 \u043c\u043c<\/td>\n<\/tr>\n<tr>\n<td width=\"126\">\u041e\u0431\u0449\u0438\u0435 \u0442\u0435\u0445\u043d\u0438\u0447\u0435\u0441\u043a\u0438\u0435 \u0445\u0430\u0440\u0430\u043a\u0442\u0435\u0440\u0438\u0441\u0442\u0438\u043a\u0438 \u043f\u043b\u043e\u0441\u043a\u0438\u0445 \u043f\u0440\u0443\u0442\u043a\u043e\u0432<\/td>\n<td colspan=\"4\" width=\"441\">6.35\u00d712.7mm,6.35\u00d725.4mm,12.7\u00d725.4mm<\/td>\n<\/tr>\n<tr>\n<td width=\"126\">\u041e\u0431\u0449\u0438\u0435 \u0442\u0435\u0445\u043d\u0438\u0447\u0435\u0441\u043a\u0438\u0435 \u0445\u0430\u0440\u0430\u043a\u0442\u0435\u0440\u0438\u0441\u0442\u0438\u043a\u0438 \u0448\u0435\u0441\u0442\u0438\u0433\u0440\u0430\u043d\u043d\u044b\u0445 \u0441\u0442\u0435\u0440\u0436\u043d\u0435\u0439<\/td>\n<td colspan=\"4\" width=\"441\">AF5.8 \u043c\u043c - 17 \u043c\u043c<\/td>\n<\/tr>\n<tr>\n<td width=\"126\">\u041e\u0431\u0449\u0438\u0435 \u0442\u0435\u0445\u043d\u0438\u0447\u0435\u0441\u043a\u0438\u0435 \u0445\u0430\u0440\u0430\u043a\u0442\u0435\u0440\u0438\u0441\u0442\u0438\u043a\u0438 \u043a\u0432\u0430\u0434\u0440\u0430\u0442\u043d\u044b\u0445 \u0441\u0442\u0435\u0440\u0436\u043d\u0435\u0439<\/td>\n<td colspan=\"4\" width=\"441\">AF2mm-14mm,AF6.35mm,9.5mm,12.7mm,15.98mm,19.0mm,25.4mm<\/td>\n<\/tr>\n<tr>\n<td width=\"126\">\u0414\u043b\u0438\u043d\u0430<\/td>\n<td colspan=\"4\" width=\"441\">1-6 \u043c\u0435\u0442\u0440\u043e\u0432, \u043c\u043e\u0436\u0435\u0442 \u0431\u044b\u0442\u044c \u043d\u0430\u0441\u0442\u0440\u043e\u0435\u043d \u0432 \u0441\u043e\u043e\u0442\u0432\u0435\u0442\u0441\u0442\u0432\u0438\u0438 \u0441 \u0442\u0440\u0435\u0431\u043e\u0432\u0430\u043d\u0438\u044f\u043c\u0438 \u0437\u0430\u043a\u0430\u0437\u0447\u0438\u043a\u0430<\/td>\n<\/tr>\n<tr>\n<td width=\"126\">\u0414\u0438\u0430\u043c\u0435\u0442\u0440<\/p>\n<p>(\u043c\u043c)<\/td>\n<td width=\"99\">\u0413\u043e\u0440\u044f\u0447\u0435\u043a\u0430\u0442\u0430\u043d\u044b\u0435 \u043a\u0440\u0443\u0433\u043b\u044b\u0435 \u043f\u0440\u0443\u0442\u043a\u0438<\/p>\n<p>&nbsp;<\/td>\n<td width=\"79\">25-600<\/td>\n<td width=\"128\">\u0425\u043e\u043b\u043e\u0434\u043d\u043e\u043a\u0430\u0442\u0430\u043d\u044b\u0435 \u043a\u0432\u0430\u0434\u0440\u0430\u0442\u043d\u044b\u0435 \u043f\u0440\u0443\u0442\u043a\u0438<\/p>\n<p>&nbsp;<\/td>\n<td width=\"134\">6-50.8<\/td>\n<\/tr>\n<tr>\n<td width=\"126\"><\/td>\n<td width=\"99\">\u0413\u043e\u0440\u044f\u0447\u0435\u043a\u0430\u0442\u0430\u043d\u044b\u0435 \u043a\u0432\u0430\u0434\u0440\u0430\u0442\u043d\u044b\u0435 \u043f\u0440\u0443\u0442\u043a\u0438<\/p>\n<p>&nbsp;<\/td>\n<td width=\"79\">21-54<\/td>\n<td width=\"128\">\u0425\u043e\u043b\u043e\u0434\u043d\u043e\u043a\u0430\u0442\u0430\u043d\u044b\u0435 \u0448\u0435\u0441\u0442\u0438\u0433\u0440\u0430\u043d\u043d\u044b\u0435 \u043f\u0440\u0443\u0442\u043a\u0438<\/p>\n<p>&nbsp;<\/td>\n<td width=\"134\">9.5-65<\/td>\n<\/tr>\n<tr>\n<td width=\"126\"><\/td>\n<td width=\"99\">\u0425\u043e\u043b\u043e\u0434\u043d\u043e\u043a\u0430\u0442\u0430\u043d\u044b\u0435 \u043a\u0440\u0443\u0433\u043b\u044b\u0435 \u043f\u0440\u0443\u0442\u043a\u0438<\/td>\n<td width=\"79\">6-101.6<\/td>\n<td width=\"128\">\u041a\u043e\u0432\u0430\u043d\u044b\u0435 \u0430\u0440\u043c\u0430\u0442\u0443\u0440\u043d\u044b\u0435 \u0441\u0442\u0435\u0440\u0436\u043d\u0438<\/td>\n<td width=\"134\">200-1000<\/td>\n<\/tr>\n<tr>\n<td width=\"126\">\u0422\u0435\u0445\u043d\u0438\u043a\u0430 \u043e\u0431\u0440\u0430\u0431\u043e\u0442\u043a\u0438 \u043f\u043e\u0432\u0435\u0440\u0445\u043d\u043e\u0441\u0442\u0438<\/td>\n<td colspan=\"4\" width=\"441\">\u0421\u0432\u0435\u0442\u043b\u044b\u0439, \u043f\u043e\u043b\u0438\u0440\u043e\u0432\u0430\u043d\u043d\u044b\u0439, \u0447\u0435\u0440\u043d\u044b\u0439<\/td>\n<\/tr>\n<tr>\n<td width=\"126\">\u041f\u0440\u043e\u0447\u0438\u0435 \u0443\u0441\u043b\u0443\u0433\u0438<\/td>\n<td colspan=\"4\" width=\"441\">\u041c\u0435\u0445\u0430\u043d\u0438\u0447\u0435\u0441\u043a\u0430\u044f \u043e\u0431\u0440\u0430\u0431\u043e\u0442\u043a\u0430 (CNC), \u0431\u0435\u0441\u0446\u0435\u043d\u0442\u0440\u043e\u0432\u043e\u0435 \u0448\u043b\u0438\u0444\u043e\u0432\u0430\u043d\u0438\u0435 (CG), \u0442\u0435\u0440\u043c\u043e\u043e\u0431\u0440\u0430\u0431\u043e\u0442\u043a\u0430, \u043e\u0442\u0436\u0438\u0433, \u0442\u0440\u0430\u0432\u043b\u0435\u043d\u0438\u0435, \u043f\u043e\u043b\u0438\u0440\u043e\u0432\u043a\u0430, \u043f\u0440\u043e\u043a\u0430\u0442\u043a\u0430, \u043a\u043e\u0432\u043a\u0430, \u0440\u0435\u0437\u043a\u0430, \u0433\u0438\u0431\u043a\u0430, \u043c\u0435\u043b\u043a\u043e\u0441\u0435\u0440\u0438\u0439\u043d\u0430\u044f \u043e\u0431\u0440\u0430\u0431\u043e\u0442\u043a\u0430 \u0438 \u0442.\u0434.<\/td>\n<\/tr>\n<\/tbody>\n<\/table>\n<h2><strong>C<\/strong><strong>\u0445\u0438\u043c\u0438\u0447\u0435\u0441\u043a\u0438\u0439 \u043a\u043e\u043c\u043f\u043e\u043d\u0435\u043d\u0442<\/strong><\/h2>\n<table>\n<tbody>\n<tr>\n<td>C<\/td>\n<td>Cu<\/td>\n<td>Fe<\/td>\n<td>Mn<\/td>\n<td>P<\/td>\n<td>Si<\/td>\n<td width=\"76\">S<\/td>\n<\/tr>\n<tr>\n<td width=\"143\">0.25\uff5e0.290<\/td>\n<td width=\"64\">0.20<\/td>\n<td width=\"64\">98.0<\/td>\n<td width=\"64\">1.03<\/td>\n<td width=\"76\">0.040<\/td>\n<td width=\"76\">0.280<\/td>\n<td width=\"76\">0.050<\/td>\n<\/tr>\n<\/tbody>\n<\/table>\n<h3><strong>M<\/strong><strong>\u043c\u0435\u0445\u0430\u043d\u0438\u0447\u0435\u0441\u043a\u043e\u0435 \u0441\u0432\u043e\u0439\u0441\u0442\u0432\u043e<\/strong><\/h3>\n<table>\n<tbody>\n<tr>\n<td width=\"72\">A36<\/td>\n<td width=\"73\">\u041f\u0440\u0435\u0434\u0435\u043b\u044c\u043d\u0430\u044f \u043f\u0440\u043e\u0447\u043d\u043e\u0441\u0442\u044c \u043d\u0430 \u0440\u0430\u0437\u0440\u044b\u0432<\/td>\n<td width=\"47\">\u041f\u0440\u0435\u0434\u0435\u043b \u043f\u0440\u043e\u0447\u043d\u043e\u0441\u0442\u0438, \u043f\u0440\u0435\u0434\u0435\u043b \u0442\u0435\u043a\u0443\u0447\u0435\u0441\u0442\u0438<\/td>\n<td width=\"68\">\u0423\u0434\u043b\u0438\u043d\u0435\u043d\u0438\u0435 \u043f\u0440\u0438 \u0440\u0430\u0437\u0440\u044b\u0432\u0435 (\u0435\u0434\u0438\u043d\u0438\u0446\u0430 \u0438\u0437\u043c\u0435\u0440\u0435\u043d\u0438\u044f: )200 \u043c\u043c)<\/td>\n<td width=\"56\">\u0423\u0434\u043b\u0438\u043d\u0435\u043d\u0438\u0435 \u043f\u0440\u0438 \u0440\u0430\u0437\u0440\u044b\u0432\u0435 (\u0435\u0434.50 \u043c\u043c)<\/td>\n<td width=\"52\">\u041c\u043e\u0434\u0443\u043b\u044c \u0443\u043f\u0440\u0443\u0433\u043e\u0441\u0442\u0438<\/p>\n<p>&nbsp;<\/td>\n<td width=\"68\">\u041c\u043e\u0434\u0443\u043b\u044c \u043e\u0431\u044a\u0435\u043c\u0430 (\u0442\u0438\u043f\u0438\u0447\u043d\u043e\u0435 \u0437\u043d\u0430\u0447\u0435\u043d\u0438\u0435 \u0434\u043b\u044f \u0441\u0442\u0430\u043b\u0438)<\/td>\n<td width=\"56\">\u041a\u043e\u044d\u0444\u0444\u0438\u0446\u0438\u0435\u043d\u0442 \u041f\u0443\u0430\u0441\u0441\u043e\u043d\u0430<\/td>\n<td width=\"73\">\u043c\u043e\u0434\u0443\u043b\u044c \u0441\u0434\u0432\u0438\u0433\u0430<\/td>\n<\/tr>\n<tr>\n<td width=\"72\">\u041c\u0435\u0442\u0440\u0438\u0447\u0435\u0441\u043a\u0430\u044f \u0441\u0438\u0441\u0442\u0435\u043c\u0430<\/td>\n<td width=\"73\">400\uff5e550MPa<\/td>\n<td width=\"47\">250 \u041c\u041f\u0430<\/td>\n<td width=\"68\">20.0%<\/td>\n<td width=\"56\">23.0%<\/td>\n<td width=\"52\">200 \u0413\u041f\u0430<\/td>\n<td width=\"68\">140 \u0413\u041f\u0430<\/td>\n<td width=\"56\">0.260<\/td>\n<td width=\"73\">79,3 \u0413\u041f\u0430<\/td>\n<\/tr>\n<tr>\n<td width=\"72\">\u0418\u043c\u043f\u0435\u0440\u0441\u043a\u0430\u044f \u0441\u0438\u0441\u0442\u0435\u043c\u0430<\/td>\n<td width=\"73\">58000\uff5e79800psi<\/td>\n<td width=\"47\">36300psi<\/td>\n<td width=\"68\">20.0%<\/td>\n<td width=\"56\">23.0%<\/td>\n<td width=\"52\">29000ksi<\/td>\n<td width=\"68\">20300ksi<\/td>\n<td width=\"56\">0.260<\/td>\n<td width=\"73\">11500ksi<\/td>\n<\/tr>\n<\/tbody>\n<\/table>\n<p><img alt=\"\" fetchpriority=\"high\" decoding=\"async\" class=\"alignnone size-full wp-image-7264\" src=\"http:\/\/www.shandongruiying.com\/wp-content\/uploads\/2026\/02\/WPS\u56fe\u72471-1.png\" width=\"598\" height=\"594\" srcset=\"https:\/\/www.shandongruiying.com\/wp-content\/uploads\/2026\/02\/WPS\u56fe\u72471-1.png 598w, https:\/\/www.shandongruiying.com\/wp-content\/uploads\/2026\/02\/WPS\u56fe\u72471-1-300x298.png 300w, https:\/\/www.shandongruiying.com\/wp-content\/uploads\/2026\/02\/WPS\u56fe\u72471-1-150x150.png 150w, https:\/\/www.shandongruiying.com\/wp-content\/uploads\/2026\/02\/WPS\u56fe\u72471-1-12x12.png 12w, https:\/\/www.shandongruiying.com\/wp-content\/uploads\/2026\/02\/WPS\u56fe\u72471-1-100x100.png 100w\" sizes=\"(max-width: 598px) 100vw, 598px\" \/><\/p>\n<p><img alt=\"\" decoding=\"async\" class=\"alignnone size-full wp-image-7265\" src=\"http:\/\/www.shandongruiying.com\/wp-content\/uploads\/2026\/02\/WPS\u56fe\u72472.png\" width=\"598\" height=\"594\" srcset=\"https:\/\/www.shandongruiying.com\/wp-content\/uploads\/2026\/02\/WPS\u56fe\u72472.png 598w, https:\/\/www.shandongruiying.com\/wp-content\/uploads\/2026\/02\/WPS\u56fe\u72472-300x298.png 300w, https:\/\/www.shandongruiying.com\/wp-content\/uploads\/2026\/02\/WPS\u56fe\u72472-150x150.png 150w, https:\/\/www.shandongruiying.com\/wp-content\/uploads\/2026\/02\/WPS\u56fe\u72472-12x12.png 12w, https:\/\/www.shandongruiying.com\/wp-content\/uploads\/2026\/02\/WPS\u56fe\u72472-100x100.png 100w\" sizes=\"(max-width: 598px) 100vw, 598px\" \/><\/p>","protected":false},"excerpt":{"rendered":"<p>A36 - \u044d\u0442\u043e \u043d\u0438\u0437\u043a\u043e\u0443\u0433\u043b\u0435\u0440\u043e\u0434\u0438\u0441\u0442\u0430\u044f \u0441\u0442\u0430\u043b\u044c, \u0441\u043e\u0434\u0435\u0440\u0436\u0430\u0449\u0430\u044f \u043d\u0435\u0437\u043d\u0430\u0447\u0438\u0442\u0435\u043b\u044c\u043d\u043e\u0435 \u043a\u043e\u043b\u0438\u0447\u0435\u0441\u0442\u0432\u043e \u043c\u0430\u0440\u0433\u0430\u043d\u0446\u0430, \u0444\u043e\u0441\u0444\u043e\u0440\u0430, \u0441\u0435\u0440\u044b, \u043a\u0440\u0435\u043c\u043d\u0438\u044f, \u043c\u0435\u0434\u0438 \u0438 \u0434\u0440\u0443\u0433\u0438\u0445 \u044d\u043b\u0435\u043c\u0435\u043d\u0442\u043e\u0432. A36 \u043e\u0431\u043b\u0430\u0434\u0430\u0435\u0442 \u043e\u0442\u043b\u0438\u0447\u043d\u044b\u043c\u0438 \u0441\u0432\u0430\u0440\u043e\u0447\u043d\u044b\u043c\u0438 \u0445\u0430\u0440\u0430\u043a\u0442\u0435\u0440\u0438\u0441\u0442\u0438\u043a\u0430\u043c\u0438 \u0438 \u0432\u044b\u0441\u043e\u043a\u0438\u043c \u043f\u0440\u0435\u0434\u0435\u043b\u043e\u043c \u0442\u0435\u043a\u0443\u0447\u0435\u0441\u0442\u0438, \u0438 \u044f\u0432\u043b\u044f\u0435\u0442\u0441\u044f \u043d\u0430\u0438\u0431\u043e\u043b\u0435\u0435 \u0432\u043e\u0441\u0442\u0440\u0435\u0431\u043e\u0432\u0430\u043d\u043d\u043e\u0439 \u0438\u043d\u0436\u0435\u043d\u0435\u0440\u0430\u043c\u0438 \u043a\u043e\u043d\u0441\u0442\u0440\u0443\u043a\u0446\u0438\u043e\u043d\u043d\u043e\u0439 \u0441\u0442\u0430\u043b\u044c\u043d\u043e\u0439 \u043f\u043b\u0438\u0442\u043e\u0439. \u0418\u0437 ASTM A36 \u0447\u0430\u0449\u0435 \u0432\u0441\u0435\u0433\u043e \u0438\u0437\u0433\u043e\u0442\u0430\u0432\u043b\u0438\u0432\u0430\u044e\u0442 \u0440\u0430\u0437\u043b\u0438\u0447\u043d\u044b\u0435 \u0434\u0435\u0442\u0430\u043b\u0438 \u0438\u0437 \u043a\u043e\u043d\u0441\u0442\u0440\u0443\u043a\u0446\u0438\u043e\u043d\u043d\u043e\u0439 \u0441\u0442\u0430\u043b\u0438. \u042d\u0442\u0430 \u043c\u0430\u0440\u043a\u0430 \u0438\u0441\u043f\u043e\u043b\u044c\u0437\u0443\u0435\u0442\u0441\u044f \u0434\u043b\u044f \u0441\u0432\u0430\u0440\u043d\u044b\u0445, \u0431\u043e\u043b\u0442\u043e\u0432\u044b\u0445 \u0438\u043b\u0438 \u043a\u043b\u0435\u043f\u0430\u043d\u044b\u0445 \u043a\u043e\u043d\u0441\u0442\u0440\u0443\u043a\u0446\u0438\u0439 \u0432 \u043c\u043e\u0441\u0442\u0430\u0445 \u0438 \u0437\u0434\u0430\u043d\u0438\u044f\u0445, \u0430 \u0442\u0430\u043a\u0436\u0435 \u0434\u043b\u044f \u043e\u0431\u0449\u0438\u0445 \u043a\u043e\u043d\u0441\u0442\u0440\u0443\u043a\u0446\u0438\u043e\u043d\u043d\u044b\u0445 \u0446\u0435\u043b\u0435\u0439. \u0411\u043b\u0430\u0433\u043e\u0434\u0430\u0440\u044f \u043c\u0438\u043d\u0438\u043c\u0430\u043b\u044c\u043d\u043e\u043c\u0443 \u043f\u0440\u0435\u0434\u0435\u043b\u0443 \u0442\u0435\u043a\u0443\u0447\u0435\u0441\u0442\u0438 A36 \u043c\u043e\u0436\u0435\u0442 \u0438\u0441\u043f\u043e\u043b\u044c\u0437\u043e\u0432\u0430\u0442\u044c\u0441\u044f \u0434\u043b\u044f \u0441\u043e\u0437\u0434\u0430\u043d\u0438\u044f \u0431\u043e\u043b\u0435\u0435 \u043b\u0435\u0433\u043a\u0438\u0445 \u043a\u043e\u043d\u0441\u0442\u0440\u0443\u043a\u0446\u0438\u0439 \u0438 \u043e\u0431\u043e\u0440\u0443\u0434\u043e\u0432\u0430\u043d\u0438\u044f \u0438 \u043e\u0431\u0435\u0441\u043f\u0435\u0447\u0438\u0432\u0430\u0435\u0442 \u0445\u043e\u0440\u043e\u0448\u0443\u044e \u0441\u043f\u043e\u0441\u043e\u0431\u043d\u043e\u0441\u0442\u044c \u043a \u0441\u0432\u0430\u0440\u043a\u0435.<\/p>","protected":false},"featured_media":7262,"template":"","meta":{"_seopress_robots_primary_cat":"none","_seopress_titles_title":"ASTM A36 Steel Plate | Low Carbon Structural Steel Supplier","_seopress_titles_desc":"ASTM A36 is a low-carbon structural steel plate with excellent weldability and high yield strength. Widely used in bridges, buildings, and welded structures. Reliable A36 steel plate supplier for global markets.","_seopress_robots_index":"","_uag_custom_page_level_css":"","site-sidebar-layout":"default","site-content-layout":"","ast-site-content-layout":"default","site-content-style":"default","site-sidebar-style":"default","ast-global-header-display":"","ast-banner-title-visibility":"","ast-main-header-display":"","ast-hfb-above-header-display":"","ast-hfb-below-header-display":"","ast-hfb-mobile-header-display":"","site-post-title":"","ast-breadcrumbs-content":"","ast-featured-img":"","footer-sml-layout":"","theme-transparent-header-meta":"default","adv-header-id-meta":"","stick-header-meta":"default","header-above-stick-meta":"","header-main-stick-meta":"","header-below-stick-meta":"","astra-migrate-meta-layouts":"set","ast-page-background-enabled":"default","ast-page-background-meta":{"desktop":{"background-color":"","background-image":"","background-repeat":"repeat","background-position":"center center","background-size":"auto","background-attachment":"scroll","background-type":"","background-media":"","overlay-type":"","overlay-color":"","overlay-opacity":"","overlay-gradient":""},"tablet":{"background-color":"","background-image":"","background-repeat":"repeat","background-position":"center center","background-size":"auto","background-attachment":"scroll","background-type":"","background-media":"","overlay-type":"","overlay-color":"","overlay-opacity":"","overlay-gradient":""},"mobile":{"background-color":"","background-image":"","background-repeat":"repeat","background-position":"center center","background-size":"auto","background-attachment":"scroll","background-type":"","background-media":"","overlay-type":"","overlay-color":"","overlay-opacity":"","overlay-gradient":""}},"ast-content-background-meta":{"desktop":{"background-color":"var(--ast-global-color-5)","background-image":"","background-repeat":"repeat","background-position":"center center","background-size":"auto","background-attachment":"scroll","background-type":"","background-media":"","overlay-type":"","overlay-color":"","overlay-opacity":"","overlay-gradient":""},"tablet":{"background-color":"var(--ast-global-color-5)","background-image":"","background-repeat":"repeat","background-position":"center center","background-size":"auto","background-attachment":"scroll","background-type":"","background-media":"","overlay-type":"","overlay-color":"","overlay-opacity":"","overlay-gradient":""},"mobile":{"background-color":"var(--ast-global-color-5)","background-image":"","background-repeat":"repeat","background-position":"center center","background-size":"auto","background-attachment":"scroll","background-type":"","background-media":"","overlay-type":"","overlay-color":"","overlay-opacity":"","overlay-gradient":""}}},"product_brand":[],"product_cat":[116],"product_tag":[],"class_list":{"0":"post-7259","1":"product","2":"type-product","3":"status-publish","4":"has-post-thumbnail","6":"product_cat-round-bar","7":"desktop-align-left","8":"tablet-align-left","9":"mobile-align-left","10":"ast-product-gallery-layout-horizontal-slider","11":"ast-product-tabs-layout-horizontal","13":"first","14":"instock","15":"shipping-taxable","16":"product-type-simple"},"uagb_featured_image_src":{"full":["https:\/\/www.shandongruiying.com\/wp-content\/uploads\/2026\/02\/1-5.jpg",600,600,false],"thumbnail":["https:\/\/www.shandongruiying.com\/wp-content\/uploads\/2026\/02\/1-5-150x150.jpg",150,150,true],"medium":["https:\/\/www.shandongruiying.com\/wp-content\/uploads\/2026\/02\/1-5-300x300.jpg",300,300,true],"medium_large":["https:\/\/www.shandongruiying.com\/wp-content\/uploads\/2026\/02\/1-5.jpg",600,600,false],"large":["https:\/\/www.shandongruiying.com\/wp-content\/uploads\/2026\/02\/1-5.jpg",600,600,false],"1536x1536":["https:\/\/www.shandongruiying.com\/wp-content\/uploads\/2026\/02\/1-5.jpg",600,600,false],"2048x2048":["https:\/\/www.shandongruiying.com\/wp-content\/uploads\/2026\/02\/1-5.jpg",600,600,false],"trp-custom-language-flag":["https:\/\/www.shandongruiying.com\/wp-content\/uploads\/2026\/02\/1-5-12x12.jpg",12,12,true],"woocommerce_thumbnail":["https:\/\/www.shandongruiying.com\/wp-content\/uploads\/2026\/02\/1-5-300x300.jpg",300,300,true],"woocommerce_single":["https:\/\/www.shandongruiying.com\/wp-content\/uploads\/2026\/02\/1-5.jpg",600,600,false],"woocommerce_gallery_thumbnail":["https:\/\/www.shandongruiying.com\/wp-content\/uploads\/2026\/02\/1-5-100x100.jpg",100,100,true]},"uagb_author_info":{"display_name":"Shandong Ruiying Import and Export Trading Co., Ltd.","author_link":"https:\/\/www.shandongruiying.com\/ru\/author\/"},"uagb_comment_info":0,"uagb_excerpt":"A36 is a low-carbon steel that contains trace amounts of manganese, phosphorus, sulfur, silicon, copper and other elements. A36 has excellent welding performance and high yield strength, and is the most specified structural steel plate by engineers. ASTM A36 is most often manufactured into various structural steel parts. This grade is used for welded, bolted&hellip;","_links":{"self":[{"href":"https:\/\/www.shandongruiying.com\/ru\/wp-json\/wp\/v2\/product\/7259","targetHints":{"allow":["GET"]}}],"collection":[{"href":"https:\/\/www.shandongruiying.com\/ru\/wp-json\/wp\/v2\/product"}],"about":[{"href":"https:\/\/www.shandongruiying.com\/ru\/wp-json\/wp\/v2\/types\/product"}],"wp:featuredmedia":[{"embeddable":true,"href":"https:\/\/www.shandongruiying.com\/ru\/wp-json\/wp\/v2\/media\/7262"}],"wp:attachment":[{"href":"https:\/\/www.shandongruiying.com\/ru\/wp-json\/wp\/v2\/media?parent=7259"}],"wp:term":[{"taxonomy":"product_brand","embeddable":true,"href":"https:\/\/www.shandongruiying.com\/ru\/wp-json\/wp\/v2\/product_brand?post=7259"},{"taxonomy":"product_cat","embeddable":true,"href":"https:\/\/www.shandongruiying.com\/ru\/wp-json\/wp\/v2\/product_cat?post=7259"},{"taxonomy":"product_tag","embeddable":true,"href":"https:\/\/www.shandongruiying.com\/ru\/wp-json\/wp\/v2\/product_tag?post=7259"}],"curies":[{"name":"wp","href":"https:\/\/api.w.org\/{rel}","templated":true}]}}