{"id":7607,"date":"2026-03-31T10:16:28","date_gmt":"2026-03-31T10:16:28","guid":{"rendered":"https:\/\/www.shandongruiying.com\/?post_type=product&#038;p=7607"},"modified":"2026-03-31T10:16:29","modified_gmt":"2026-03-31T10:16:29","slug":"galvanized-steel-plate","status":"publish","type":"product","link":"https:\/\/www.shandongruiying.com\/es\/producto\/galvanized-steel-plate\/","title":{"rendered":"Chapa de acero galvanizado"},"content":{"rendered":"<p>Este producto es una chapa de acero galvanizada en caliente continua, hecha de chapa base de alta calidad laminada en fr\u00edo o en caliente, procesada a trav\u00e9s de m\u00faltiples procesos de precisi\u00f3n como decapado, recocido, galvanizado en caliente, pasivaci\u00f3n y recubrimiento de aceite, que b\u00e1sicamente cumple con los requisitos de la norma nacional GB\/T 2518-2019 y las principales normas internacionales. La superficie del producto se cubre con una capa de zinc uniforme y densa, que tiene una excelente resistencia a la corrosi\u00f3n, un buen rendimiento de procesamiento mec\u00e1nico y una hermosa textura superficial. A trav\u00e9s de la protecci\u00f3n cat\u00f3dica, la capa de zinc puede aislar eficazmente el aire y la humedad de la erosi\u00f3n de la placa base, ampliar en gran medida la vida \u00fatil de la chapa de acero y reducir el coste de mantenimiento posterior. Con un excelente rendimiento de costes, este producto es ampliamente utilizado en la construcci\u00f3n, automoci\u00f3n, electrodom\u00e9sticos, fabricaci\u00f3n de maquinaria y otros campos. Puede proporcionar productos personalizados con diferentes pesos de recubrimiento de zinc, estructuras superficiales y especificaciones de tama\u00f1o seg\u00fan las necesidades del cliente, adaptarse a diversas tecnolog\u00edas de procesamiento como estampaci\u00f3n, soldadura y doblado, y satisfacer las necesidades de uso de diversos escenarios.<\/p>\n\n<h3><strong>Par\u00e1metros del producto<\/strong><\/h3>\n<table>\n<tbody>\n<tr>\n<td width=\"250\">Tipo de placa base<\/td>\n<td width=\"250\">Placa base laminada en fr\u00edo, Placa base laminada en caliente<\/td>\n<\/tr>\n<tr>\n<td width=\"250\">Gama de espesores<\/td>\n<td width=\"250\">0,2 mm - 6,0 mm (personalizable)<\/td>\n<\/tr>\n<tr>\n<td width=\"250\">Anchura<\/td>\n<td width=\"250\">600 mm - 2000 mm (personalizable)<\/td>\n<\/tr>\n<tr>\n<td width=\"250\">Longitud Alcance<\/td>\n<td width=\"250\">1000mm - 6000mm (Personalizable)<\/td>\n<\/tr>\n<tr>\n<td width=\"250\">Peso del revestimiento de zinc<\/td>\n<td width=\"250\">40 g\/m\u00b2 - 600 g\/m\u00b2 (Z60-Z600, personalizable)<\/td>\n<\/tr>\n<tr>\n<td width=\"250\">Proceso de galvanizaci\u00f3n<\/td>\n<td width=\"250\">Galvanizaci\u00f3n en caliente<\/td>\n<\/tr>\n<tr>\n<td width=\"250\">Estructura de la superficie<\/td>\n<td width=\"250\">Regular, Peque\u00f1o o Cero Spangle (Opcional)<\/td>\n<\/tr>\n<tr>\n<td width=\"250\">Tratamiento de superficies<\/td>\n<td width=\"250\">Pasivado, revestimiento de aceite, antihuellas (opcional)<\/td>\n<\/tr>\n<tr>\n<td width=\"250\">Ejecutivo est\u00e1ndar<\/td>\n<td width=\"250\">GB\/T 2518-2019, ASTM A653\/A653M, Serie EN, JIS G 3302<\/td>\n<\/tr>\n<\/tbody>\n<\/table>\n<h3><strong>Composici\u00f3n qu\u00edmica<\/strong><\/h3>\n<table>\n<tbody>\n<tr>\n<td><strong><b>Elemento<\/b><\/strong><\/td>\n<td><strong><b>Contenido (fracci\u00f3n de masa)<\/b><\/strong><\/td>\n<\/tr>\n<tr>\n<td>Carbono (C)<\/td>\n<td>\u2264 0,12%<\/td>\n<\/tr>\n<tr>\n<td>Silicio (Si)<\/td>\n<td>\u2264 0,50%<\/td>\n<\/tr>\n<tr>\n<td>Manganeso (Mn)<\/td>\n<td>\u2264 0,60% (Grado estructural \u2264 1,70%)<\/td>\n<\/tr>\n<tr>\n<td>F\u00f3sforo (P)<\/td>\n<td>\u2264 0,10%<\/td>\n<\/tr>\n<tr>\n<td>Azufre (S)<\/td>\n<td>\u2264 0,045%<\/td>\n<\/tr>\n<tr>\n<td>Titanio (Ti)<\/td>\n<td>\u2264 0,30% (el Nb puede sustituir parte del Ti)<\/td>\n<\/tr>\n<tr>\n<td>Hierro (Fe)<\/td>\n<td>Saldo<\/td>\n<\/tr>\n<\/tbody>\n<\/table>\n<h3><strong>Propiedades mec\u00e1nicas<\/strong><\/h3>\n<table>\n<tbody>\n<tr>\n<td width=\"144\"><strong><b>Propiedad<\/b><\/strong><\/td>\n<td width=\"144\"><strong><b>Valor t\u00edpico<\/b><\/strong><\/td>\n<\/tr>\n<tr>\n<td width=\"144\">L\u00edmite el\u00e1stico (ReL\/Rp0,2)<\/td>\n<td width=\"144\">120MPa - 550MPa (depende del grado)<\/td>\n<\/tr>\n<tr>\n<td width=\"144\">Resistencia a la tracci\u00f3n (Rm)<\/td>\n<td width=\"144\">260MPa - 550MPa (depende del grado)<\/td>\n<\/tr>\n<tr>\n<td width=\"144\">Alargamiento tras fractura (A80mm)<\/td>\n<td width=\"144\">\u2265 16% - 41% (Depende del grado)<\/td>\n<\/tr>\n<tr>\n<td width=\"144\">Rendimiento de flexi\u00f3n<\/td>\n<td width=\"144\">Ensayo de flexi\u00f3n a 180\u00b0, sin desprendimientos<\/td>\n<\/tr>\n<tr>\n<td width=\"144\">Dureza (HBW)<\/td>\n<td width=\"144\">120HBW - 400HBW<\/td>\n<\/tr>\n<tr>\n<td width=\"144\">Resistencia a la corrosi\u00f3n<\/td>\n<td width=\"144\">Prueba de niebla salina neutra de 120 h<\/td>\n<\/tr>\n<\/tbody>\n<\/table>","protected":false},"excerpt":{"rendered":"<p>Chapa de acero galvanizada en caliente fabricada a partir de acero de primera calidad laminado en fr\u00edo o en caliente, con un recubrimiento de zinc uniforme para una mayor resistencia a la corrosi\u00f3n. Cumple la norma GB\/T 2518-2019 y otras normas internacionales. Ideal para la construcci\u00f3n, la automoci\u00f3n, los electrodom\u00e9sticos y la industria manufacturera. Tama\u00f1os y pesos de revestimiento personalizados disponibles.<\/p>","protected":false},"featured_media":7610,"template":"","meta":{"_seopress_robots_primary_cat":"","_seopress_titles_title":"Hot-Dip Galvanized Steel Sheet | GI Sheet Supplier with High Corrosion Resistance","_seopress_titles_desc":"Hot-dip galvanized steel sheet made from premium cold-rolled or hot-rolled steel, featuring a uniform zinc coating for superior corrosion resistance. Complies with GB\/T 2518-2019 and international standards. Ideal for construction, automotive, appliances, and manufacturing industries. Custom sizes and coating weights available.","_seopress_robots_index":"","_uag_custom_page_level_css":"","site-sidebar-layout":"default","site-content-layout":"","ast-site-content-layout":"default","site-content-style":"default","site-sidebar-style":"default","ast-global-header-display":"","ast-banner-title-visibility":"","ast-main-header-display":"","ast-hfb-above-header-display":"","ast-hfb-below-header-display":"","ast-hfb-mobile-header-display":"","site-post-title":"","ast-breadcrumbs-content":"","ast-featured-img":"","footer-sml-layout":"","theme-transparent-header-meta":"default","adv-header-id-meta":"","stick-header-meta":"default","header-above-stick-meta":"","header-main-stick-meta":"","header-below-stick-meta":"","astra-migrate-meta-layouts":"set","ast-page-background-enabled":"default","ast-page-background-meta":{"desktop":{"background-color":"","background-image":"","background-repeat":"repeat","background-position":"center center","background-size":"auto","background-attachment":"scroll","background-type":"","background-media":"","overlay-type":"","overlay-color":"","overlay-opacity":"","overlay-gradient":""},"tablet":{"background-color":"","background-image":"","background-repeat":"repeat","background-position":"center center","background-size":"auto","background-attachment":"scroll","background-type":"","background-media":"","overlay-type":"","overlay-color":"","overlay-opacity":"","overlay-gradient":""},"mobile":{"background-color":"","background-image":"","background-repeat":"repeat","background-position":"center center","background-size":"auto","background-attachment":"scroll","background-type":"","background-media":"","overlay-type":"","overlay-color":"","overlay-opacity":"","overlay-gradient":""}},"ast-content-background-meta":{"desktop":{"background-color":"var(--ast-global-color-5)","background-image":"","background-repeat":"repeat","background-position":"center center","background-size":"auto","background-attachment":"scroll","background-type":"","background-media":"","overlay-type":"","overlay-color":"","overlay-opacity":"","overlay-gradient":""},"tablet":{"background-color":"var(--ast-global-color-5)","background-image":"","background-repeat":"repeat","background-position":"center center","background-size":"auto","background-attachment":"scroll","background-type":"","background-media":"","overlay-type":"","overlay-color":"","overlay-opacity":"","overlay-gradient":""},"mobile":{"background-color":"var(--ast-global-color-5)","background-image":"","background-repeat":"repeat","background-position":"center center","background-size":"auto","background-attachment":"scroll","background-type":"","background-media":"","overlay-type":"","overlay-color":"","overlay-opacity":"","overlay-gradient":""}}},"product_brand":[],"product_cat":[109],"product_tag":[],"class_list":{"0":"post-7607","1":"product","2":"type-product","3":"status-publish","4":"has-post-thumbnail","6":"product_cat-galvanized-steel-sheet","7":"desktop-align-left","8":"tablet-align-left","9":"mobile-align-left","10":"ast-product-gallery-layout-horizontal-slider","11":"ast-product-tabs-layout-horizontal","13":"first","14":"instock","15":"shipping-taxable","16":"product-type-simple"},"uagb_featured_image_src":{"full":["https:\/\/www.shandongruiying.com\/wp-content\/uploads\/2026\/03\/1-21.jpg",600,600,false],"thumbnail":["https:\/\/www.shandongruiying.com\/wp-content\/uploads\/2026\/03\/1-21-150x150.jpg",150,150,true],"medium":["https:\/\/www.shandongruiying.com\/wp-content\/uploads\/2026\/03\/1-21-300x300.jpg",300,300,true],"medium_large":["https:\/\/www.shandongruiying.com\/wp-content\/uploads\/2026\/03\/1-21.jpg",600,600,false],"large":["https:\/\/www.shandongruiying.com\/wp-content\/uploads\/2026\/03\/1-21.jpg",600,600,false],"1536x1536":["https:\/\/www.shandongruiying.com\/wp-content\/uploads\/2026\/03\/1-21.jpg",600,600,false],"2048x2048":["https:\/\/www.shandongruiying.com\/wp-content\/uploads\/2026\/03\/1-21.jpg",600,600,false],"trp-custom-language-flag":["https:\/\/www.shandongruiying.com\/wp-content\/uploads\/2026\/03\/1-21-12x12.jpg",12,12,true],"woocommerce_thumbnail":["https:\/\/www.shandongruiying.com\/wp-content\/uploads\/2026\/03\/1-21-300x300.jpg",300,300,true],"woocommerce_single":["https:\/\/www.shandongruiying.com\/wp-content\/uploads\/2026\/03\/1-21.jpg",600,600,false],"woocommerce_gallery_thumbnail":["https:\/\/www.shandongruiying.com\/wp-content\/uploads\/2026\/03\/1-21-100x100.jpg",100,100,true]},"uagb_author_info":{"display_name":"Shandong Ruiying Import and Export Trading Co., Ltd.","author_link":"https:\/\/www.shandongruiying.com\/es\/author\/"},"uagb_comment_info":0,"uagb_excerpt":"Hot-dip galvanized steel sheet made from premium cold-rolled or hot-rolled steel, featuring a uniform zinc coating for superior corrosion resistance. Complies with GB\/T 2518-2019 and international standards. Ideal for construction, automotive, appliances, and manufacturing industries. Custom sizes and coating weights available.","_links":{"self":[{"href":"https:\/\/www.shandongruiying.com\/es\/wp-json\/wp\/v2\/product\/7607","targetHints":{"allow":["GET"]}}],"collection":[{"href":"https:\/\/www.shandongruiying.com\/es\/wp-json\/wp\/v2\/product"}],"about":[{"href":"https:\/\/www.shandongruiying.com\/es\/wp-json\/wp\/v2\/types\/product"}],"wp:featuredmedia":[{"embeddable":true,"href":"https:\/\/www.shandongruiying.com\/es\/wp-json\/wp\/v2\/media\/7610"}],"wp:attachment":[{"href":"https:\/\/www.shandongruiying.com\/es\/wp-json\/wp\/v2\/media?parent=7607"}],"wp:term":[{"taxonomy":"product_brand","embeddable":true,"href":"https:\/\/www.shandongruiying.com\/es\/wp-json\/wp\/v2\/product_brand?post=7607"},{"taxonomy":"product_cat","embeddable":true,"href":"https:\/\/www.shandongruiying.com\/es\/wp-json\/wp\/v2\/product_cat?post=7607"},{"taxonomy":"product_tag","embeddable":true,"href":"https:\/\/www.shandongruiying.com\/es\/wp-json\/wp\/v2\/product_tag?post=7607"}],"curies":[{"name":"wp","href":"https:\/\/api.w.org\/{rel}","templated":true}]}}