{"id":7436,"date":"2026-03-06T05:44:00","date_gmt":"2026-03-06T05:44:00","guid":{"rendered":"http:\/\/www.shandongruiying.com\/?post_type=product&#038;p=7436"},"modified":"2026-03-06T05:45:09","modified_gmt":"2026-03-06T05:45:09","slug":"down-the-hole-drill-bit","status":"publish","type":"product","link":"https:\/\/www.shandongruiying.com\/es\/producto\/down-the-hole-drill-bit\/","title":{"rendered":"Broca de perforaci\u00f3n"},"content":{"rendered":"<p>140mm-DHD350 broca de perforaci\u00f3n de alta presi\u00f3n del viento<\/p>\n<p><img alt=\"\" fetchpriority=\"high\" decoding=\"async\" class=\"alignnone size-full wp-image-7441\" src=\"http:\/\/www.shandongruiying.com\/wp-content\/uploads\/2026\/03\/WPS\u56fe\u72471-4.png\" width=\"332\" height=\"246\" srcset=\"https:\/\/www.shandongruiying.com\/wp-content\/uploads\/2026\/03\/WPS\u56fe\u72471-4.png 332w, https:\/\/www.shandongruiying.com\/wp-content\/uploads\/2026\/03\/WPS\u56fe\u72471-4-300x222.png 300w, https:\/\/www.shandongruiying.com\/wp-content\/uploads\/2026\/03\/WPS\u56fe\u72471-4-16x12.png 16w\" sizes=\"(max-width: 332px) 100vw, 332px\" \/><\/p>\n<p>76mm-CIR70--Broca sumergible de baja presi\u00f3n de viento<\/p>\n<p><img alt=\"\" decoding=\"async\" class=\"alignnone size-full wp-image-7442\" src=\"http:\/\/www.shandongruiying.com\/wp-content\/uploads\/2026\/03\/WPS\u56fe\u72472-3.png\" width=\"326\" height=\"281\" srcset=\"https:\/\/www.shandongruiying.com\/wp-content\/uploads\/2026\/03\/WPS\u56fe\u72472-3.png 326w, https:\/\/www.shandongruiying.com\/wp-content\/uploads\/2026\/03\/WPS\u56fe\u72472-3-300x259.png 300w, https:\/\/www.shandongruiying.com\/wp-content\/uploads\/2026\/03\/WPS\u56fe\u72472-3-14x12.png 14w\" sizes=\"(max-width: 326px) 100vw, 326px\" \/><\/p>\n<p>Nuestra empresa ofrece una variedad de otras especificaciones que son adecuados para el uso de diversos tubos de perforaci\u00f3n. Tambi\u00e9n podemos personalizar seg\u00fan los requisitos del cliente.<\/p>\n<h5>Aplicaci\u00f3n<\/h5>\n<p>La broca de perforaci\u00f3n en fondo se utiliza para perforar rocas en operaciones a cielo abierto o subterr\u00e1neas, como miner\u00eda y excavaci\u00f3n de t\u00faneles, consiguiendo una rotura eficaz de la roca mediante el impactador de perforaci\u00f3n en fondo. Es adecuada para formaciones rocosas de dureza media a dura.<\/p>\n<p><img alt=\"\" decoding=\"async\" class=\"alignnone size-full wp-image-7443\" src=\"http:\/\/www.shandongruiying.com\/wp-content\/uploads\/2026\/03\/WPS\u56fe\u72473-1.png\" width=\"311\" height=\"466\" srcset=\"https:\/\/www.shandongruiying.com\/wp-content\/uploads\/2026\/03\/WPS\u56fe\u72473-1.png 311w, https:\/\/www.shandongruiying.com\/wp-content\/uploads\/2026\/03\/WPS\u56fe\u72473-1-200x300.png 200w, https:\/\/www.shandongruiying.com\/wp-content\/uploads\/2026\/03\/WPS\u56fe\u72473-1-8x12.png 8w\" sizes=\"(max-width: 311px) 100vw, 311px\" \/><\/p>\n<p><img alt=\"\" loading=\"lazy\" decoding=\"async\" class=\"alignnone size-full wp-image-7444\" src=\"http:\/\/www.shandongruiying.com\/wp-content\/uploads\/2026\/03\/WPS\u56fe\u72474-1.png\" width=\"904\" height=\"588\" srcset=\"https:\/\/www.shandongruiying.com\/wp-content\/uploads\/2026\/03\/WPS\u56fe\u72474-1.png 904w, https:\/\/www.shandongruiying.com\/wp-content\/uploads\/2026\/03\/WPS\u56fe\u72474-1-300x195.png 300w, https:\/\/www.shandongruiying.com\/wp-content\/uploads\/2026\/03\/WPS\u56fe\u72474-1-768x500.png 768w, https:\/\/www.shandongruiying.com\/wp-content\/uploads\/2026\/03\/WPS\u56fe\u72474-1-18x12.png 18w, https:\/\/www.shandongruiying.com\/wp-content\/uploads\/2026\/03\/WPS\u56fe\u72474-1-600x390.png 600w\" sizes=\"(max-width: 904px) 100vw, 904px\" \/><\/p>\n<p>&nbsp;<\/p>","protected":false},"excerpt":{"rendered":"<p>Nuestra empresa ofrece una variedad de otras especificaciones que son adecuados para el uso de diversos tubos de perforaci\u00f3n. Tambi\u00e9n podemos personalizar seg\u00fan los requisitos del cliente.<\/p>","protected":false},"featured_media":7439,"template":"","meta":{"_seopress_robots_primary_cat":"none","_seopress_titles_title":"Down-the-Hole Drill Bit | High Efficiency Rock Drilling Bit for Mining & Tunneling","_seopress_titles_desc":"Down-the-hole (DTH) drill bit is designed for efficient rock drilling in open-pit and underground operations. Suitable for medium-hard to hard rock formations, it delivers high performance and precise rock breaking through DTH impactors, ideal for mining, tunneling, and construction projects.","_seopress_robots_index":"","_uag_custom_page_level_css":"","site-sidebar-layout":"default","site-content-layout":"","ast-site-content-layout":"default","site-content-style":"default","site-sidebar-style":"default","ast-global-header-display":"","ast-banner-title-visibility":"","ast-main-header-display":"","ast-hfb-above-header-display":"","ast-hfb-below-header-display":"","ast-hfb-mobile-header-display":"","site-post-title":"","ast-breadcrumbs-content":"","ast-featured-img":"","footer-sml-layout":"","theme-transparent-header-meta":"default","adv-header-id-meta":"","stick-header-meta":"default","header-above-stick-meta":"","header-main-stick-meta":"","header-below-stick-meta":"","astra-migrate-meta-layouts":"set","ast-page-background-enabled":"default","ast-page-background-meta":{"desktop":{"background-color":"","background-image":"","background-repeat":"repeat","background-position":"center center","background-size":"auto","background-attachment":"scroll","background-type":"","background-media":"","overlay-type":"","overlay-color":"","overlay-opacity":"","overlay-gradient":""},"tablet":{"background-color":"","background-image":"","background-repeat":"repeat","background-position":"center center","background-size":"auto","background-attachment":"scroll","background-type":"","background-media":"","overlay-type":"","overlay-color":"","overlay-opacity":"","overlay-gradient":""},"mobile":{"background-color":"","background-image":"","background-repeat":"repeat","background-position":"center center","background-size":"auto","background-attachment":"scroll","background-type":"","background-media":"","overlay-type":"","overlay-color":"","overlay-opacity":"","overlay-gradient":""}},"ast-content-background-meta":{"desktop":{"background-color":"var(--ast-global-color-5)","background-image":"","background-repeat":"repeat","background-position":"center center","background-size":"auto","background-attachment":"scroll","background-type":"","background-media":"","overlay-type":"","overlay-color":"","overlay-opacity":"","overlay-gradient":""},"tablet":{"background-color":"var(--ast-global-color-5)","background-image":"","background-repeat":"repeat","background-position":"center center","background-size":"auto","background-attachment":"scroll","background-type":"","background-media":"","overlay-type":"","overlay-color":"","overlay-opacity":"","overlay-gradient":""},"mobile":{"background-color":"var(--ast-global-color-5)","background-image":"","background-repeat":"repeat","background-position":"center center","background-size":"auto","background-attachment":"scroll","background-type":"","background-media":"","overlay-type":"","overlay-color":"","overlay-opacity":"","overlay-gradient":""}}},"product_brand":[],"product_cat":[124],"product_tag":[],"class_list":{"0":"post-7436","1":"product","2":"type-product","3":"status-publish","4":"has-post-thumbnail","6":"product_cat-down-the-hole-drill-bit","7":"desktop-align-left","8":"tablet-align-left","9":"mobile-align-left","10":"ast-product-gallery-layout-horizontal-slider","11":"ast-product-tabs-layout-horizontal","13":"first","14":"instock","15":"shipping-taxable","16":"product-type-simple"},"uagb_featured_image_src":{"full":["https:\/\/www.shandongruiying.com\/wp-content\/uploads\/2026\/03\/1-14.jpg",600,600,false],"thumbnail":["https:\/\/www.shandongruiying.com\/wp-content\/uploads\/2026\/03\/1-14-150x150.jpg",150,150,true],"medium":["https:\/\/www.shandongruiying.com\/wp-content\/uploads\/2026\/03\/1-14-300x300.jpg",300,300,true],"medium_large":["https:\/\/www.shandongruiying.com\/wp-content\/uploads\/2026\/03\/1-14.jpg",600,600,false],"large":["https:\/\/www.shandongruiying.com\/wp-content\/uploads\/2026\/03\/1-14.jpg",600,600,false],"1536x1536":["https:\/\/www.shandongruiying.com\/wp-content\/uploads\/2026\/03\/1-14.jpg",600,600,false],"2048x2048":["https:\/\/www.shandongruiying.com\/wp-content\/uploads\/2026\/03\/1-14.jpg",600,600,false],"trp-custom-language-flag":["https:\/\/www.shandongruiying.com\/wp-content\/uploads\/2026\/03\/1-14-12x12.jpg",12,12,true],"woocommerce_thumbnail":["https:\/\/www.shandongruiying.com\/wp-content\/uploads\/2026\/03\/1-14-300x300.jpg",300,300,true],"woocommerce_single":["https:\/\/www.shandongruiying.com\/wp-content\/uploads\/2026\/03\/1-14.jpg",600,600,false],"woocommerce_gallery_thumbnail":["https:\/\/www.shandongruiying.com\/wp-content\/uploads\/2026\/03\/1-14-100x100.jpg",100,100,true]},"uagb_author_info":{"display_name":"Shandong Ruiying Import and Export Trading Co., Ltd.","author_link":"https:\/\/www.shandongruiying.com\/es\/author\/"},"uagb_comment_info":0,"uagb_excerpt":"Our company offers a variety of other specifications that are suitable for the use of various drill pipes. We can also customize according to customer requirements.","_links":{"self":[{"href":"https:\/\/www.shandongruiying.com\/es\/wp-json\/wp\/v2\/product\/7436","targetHints":{"allow":["GET"]}}],"collection":[{"href":"https:\/\/www.shandongruiying.com\/es\/wp-json\/wp\/v2\/product"}],"about":[{"href":"https:\/\/www.shandongruiying.com\/es\/wp-json\/wp\/v2\/types\/product"}],"wp:featuredmedia":[{"embeddable":true,"href":"https:\/\/www.shandongruiying.com\/es\/wp-json\/wp\/v2\/media\/7439"}],"wp:attachment":[{"href":"https:\/\/www.shandongruiying.com\/es\/wp-json\/wp\/v2\/media?parent=7436"}],"wp:term":[{"taxonomy":"product_brand","embeddable":true,"href":"https:\/\/www.shandongruiying.com\/es\/wp-json\/wp\/v2\/product_brand?post=7436"},{"taxonomy":"product_cat","embeddable":true,"href":"https:\/\/www.shandongruiying.com\/es\/wp-json\/wp\/v2\/product_cat?post=7436"},{"taxonomy":"product_tag","embeddable":true,"href":"https:\/\/www.shandongruiying.com\/es\/wp-json\/wp\/v2\/product_tag?post=7436"}],"curies":[{"name":"wp","href":"https:\/\/api.w.org\/{rel}","templated":true}]}}