{"id":7431,"date":"2026-03-06T03:49:01","date_gmt":"2026-03-06T03:49:01","guid":{"rendered":"http:\/\/www.shandongruiying.com\/?post_type=product&#038;p=7431"},"modified":"2026-03-06T03:49:01","modified_gmt":"2026-03-06T03:49:01","slug":"coupler-coupling-sleeve","status":"publish","type":"product","link":"https:\/\/www.shandongruiying.com\/es\/producto\/coupler-coupling-sleeve\/","title":{"rendered":"Acoplador\/Manguito de acoplamiento"},"content":{"rendered":"<h3 data-section-id=\"f0xuy6\" data-start=\"77\" data-end=\"99\">Productos<\/h3>\n<p data-start=\"100\" data-end=\"528\">El manguito de conexi\u00f3n es un accesorio indispensable en el sistema de herramientas de perforaci\u00f3n de los equipos de perforaci\u00f3n de rocas. Se instala en la uni\u00f3n de las barras de perforaci\u00f3n coincidentes durante las operaciones de perforaci\u00f3n y desempe\u00f1a un papel fundamental en la conexi\u00f3n de varias barras de perforaci\u00f3n en el mismo eje. A trav\u00e9s de las conexiones roscadas, el manguito transmite eficazmente la energ\u00eda de impacto generada por la m\u00e1quina de perforaci\u00f3n de rocas, permitiendo una perforaci\u00f3n eficaz de los agujeros de roca.<\/p>\n\n<h3 data-section-id=\"2hw79h\" data-start=\"535\" data-end=\"557\">Funci\u00f3n de trabajo<\/h3>\n<p data-start=\"558\" data-end=\"1026\">Durante el proceso de perforaci\u00f3n, el manguito de conexi\u00f3n conecta las barras de perforaci\u00f3n o las barras de perforaci\u00f3n de cola y garantiza la transmisi\u00f3n estable de la potencia y las ondas de tensi\u00f3n. Soporta m\u00faltiples tipos de cargas, como tensi\u00f3n y compresi\u00f3n axial, flexi\u00f3n, torsi\u00f3n, contacto y esfuerzos de fricci\u00f3n. Debido a estas complejas condiciones de trabajo, la selecci\u00f3n de los materiales adecuados y la optimizaci\u00f3n de la estructura geom\u00e9trica y el proceso de fabricaci\u00f3n son esenciales para garantizar el rendimiento y la durabilidad.<\/p>\n<h3 data-section-id=\"oq0xba\" data-start=\"1033\" data-end=\"1065\">Material y fabricaci\u00f3n<\/h3>\n<p data-start=\"1066\" data-end=\"1295\">Estamos especializados en la producci\u00f3n y fabricaci\u00f3n de barras de perforaci\u00f3n para altos hornos y equipos de apertura de altos hornos. Nuestros manguitos de conexi\u00f3n se fabrican con materiales de acero de alta calidad para garantizar su solidez y resistencia al desgaste.<\/p>\n<p data-start=\"1297\" data-end=\"1327\">Las principales opciones de material incluyen:<\/p>\n<ul data-start=\"1329\" data-end=\"1376\">\n<li data-section-id=\"1iqffoh\" data-start=\"1329\" data-end=\"1353\">\n<p data-start=\"1331\" data-end=\"1353\"><strong data-start=\"1331\" data-end=\"1351\">Acero aleado 40Cr<\/strong><\/p>\n<\/li>\n<li data-section-id=\"15ot0xe\" data-start=\"1354\" data-end=\"1376\">\n<p data-start=\"1356\" data-end=\"1376\"><strong data-start=\"1356\" data-end=\"1376\">45# acero al carbono<\/strong><\/p>\n<\/li>\n<\/ul>\n<p data-start=\"1378\" data-end=\"1485\">Estos materiales ofrecen excelentes propiedades mec\u00e1nicas y durabilidad para entornos de perforaci\u00f3n exigentes.<\/p>\n<h3 data-section-id=\"10g0bhf\" data-start=\"1492\" data-end=\"1510\">Tipos de hilo<\/h3>\n<p data-start=\"1511\" data-end=\"1623\">Las roscas de los manguitos de conexi\u00f3n est\u00e1n dise\u00f1adas para adaptarse a diferentes sistemas de perforaci\u00f3n. Los tipos de rosca m\u00e1s comunes son:<\/p>\n<ul data-start=\"1625\" data-end=\"1660\">\n<li data-section-id=\"w9t4n4\" data-start=\"1625\" data-end=\"1638\">\n<p data-start=\"1627\" data-end=\"1638\"><strong data-start=\"1627\" data-end=\"1636\">R\/T32<\/strong><\/p>\n<\/li>\n<li data-section-id=\"1lkvea9\" data-start=\"1639\" data-end=\"1650\">\n<p data-start=\"1641\" data-end=\"1650\"><strong data-start=\"1641\" data-end=\"1648\">R38<\/strong><\/p>\n<\/li>\n<li data-section-id=\"dgrms7\" data-start=\"1651\" data-end=\"1660\">\n<p data-start=\"1653\" data-end=\"1660\"><strong data-start=\"1653\" data-end=\"1660\">T38<\/strong><\/p>\n<\/li>\n<\/ul>\n<p data-start=\"1662\" data-end=\"1768\">Estas normas de rosca garantizan conexiones seguras y una transferencia eficaz de la energ\u00eda durante las operaciones de perforaci\u00f3n.<\/p>\n<h3 data-section-id=\"sls8xy\" data-start=\"1775\" data-end=\"1794\">Tipos de productos<\/h3>\n<p data-start=\"1795\" data-end=\"1873\">Nuestros manguitos de conexi\u00f3n est\u00e1n disponibles en varios dise\u00f1os estructurales, incluidos:<\/p>\n<ul data-start=\"1875\" data-end=\"1950\">\n<li data-section-id=\"ifixr2\" data-start=\"1875\" data-end=\"1906\">\n<p data-start=\"1877\" data-end=\"1906\"><strong data-start=\"1877\" data-end=\"1904\">Manguitos de conexi\u00f3n planos<\/strong><\/p>\n<\/li>\n<li data-section-id=\"t60iah\" data-start=\"1907\" data-end=\"1950\">\n<p data-start=\"1909\" data-end=\"1950\"><strong data-start=\"1909\" data-end=\"1950\">Manguitos de conexi\u00f3n hexagonales internos<\/strong><\/p>\n<\/li>\n<\/ul>\n<p data-start=\"1952\" data-end=\"2047\">Ambos tipos est\u00e1n dise\u00f1ados para ofrecer un rendimiento fiable en aplicaciones de perforaci\u00f3n de altos hornos.<\/p>\n<h3 data-section-id=\"1w8mwzq\" data-start=\"2054\" data-end=\"2081\">Servicio de personalizaci\u00f3n<\/h3>\n<p data-start=\"2082\" data-end=\"2313\">Apoyamos el procesamiento personalizado de acuerdo con los requisitos del cliente, incluyendo diferentes tama\u00f1os, materiales y especificaciones de rosca. Nuestros productos se utilizan ampliamente en sistemas de perforaci\u00f3n de altos hornos y otros equipos de perforaci\u00f3n de rocas.<\/p>\n<p data-start=\"2315\" data-end=\"2433\" data-is-last-node=\"\" data-is-only-node=\"\">Si desea m\u00e1s informaci\u00f3n sobre nuestros manguitos de conexi\u00f3n y herramientas de perforaci\u00f3n, no dude en ponerse en contacto con nosotros para consultarnos.<\/p>","protected":false},"excerpt":{"rendered":"<p>El manguito de conexi\u00f3n es un accesorio indispensable en el sistema de herramientas de perforaci\u00f3n de los equipos de perforaci\u00f3n de rocas. Se instala en la uni\u00f3n de las barras de perforaci\u00f3n coincidentes durante las operaciones de perforaci\u00f3n y desempe\u00f1a un papel fundamental en la conexi\u00f3n de varias barras de perforaci\u00f3n en el mismo eje. A trav\u00e9s de las conexiones roscadas, el manguito transmite eficazmente la energ\u00eda de impacto generada por la m\u00e1quina de perforaci\u00f3n de rocas, permitiendo una perforaci\u00f3n eficaz de los agujeros de roca.<\/p>","protected":false},"featured_media":7434,"template":"","meta":{"_seopress_robots_primary_cat":"","_seopress_titles_title":"Connection Sleeve for Drill Rod | Blast Furnace Drilling Coupling Sleeve Manufacturer","_seopress_titles_desc":"High quality connection sleeve designed for blast furnace drilling tools. Made from durable 40Cr and 45# carbon steel, our drill rod coupling sleeves provide strong thread connection, efficient impact transmission, and reliable performance in rock drilling and blast furnace opening operations. Custom sizes and thread types available.","_seopress_robots_index":"","_uag_custom_page_level_css":"","site-sidebar-layout":"default","site-content-layout":"","ast-site-content-layout":"default","site-content-style":"default","site-sidebar-style":"default","ast-global-header-display":"","ast-banner-title-visibility":"","ast-main-header-display":"","ast-hfb-above-header-display":"","ast-hfb-below-header-display":"","ast-hfb-mobile-header-display":"","site-post-title":"","ast-breadcrumbs-content":"","ast-featured-img":"","footer-sml-layout":"","theme-transparent-header-meta":"default","adv-header-id-meta":"","stick-header-meta":"default","header-above-stick-meta":"","header-main-stick-meta":"","header-below-stick-meta":"","astra-migrate-meta-layouts":"set","ast-page-background-enabled":"default","ast-page-background-meta":{"desktop":{"background-color":"","background-image":"","background-repeat":"repeat","background-position":"center center","background-size":"auto","background-attachment":"scroll","background-type":"","background-media":"","overlay-type":"","overlay-color":"","overlay-opacity":"","overlay-gradient":""},"tablet":{"background-color":"","background-image":"","background-repeat":"repeat","background-position":"center center","background-size":"auto","background-attachment":"scroll","background-type":"","background-media":"","overlay-type":"","overlay-color":"","overlay-opacity":"","overlay-gradient":""},"mobile":{"background-color":"","background-image":"","background-repeat":"repeat","background-position":"center center","background-size":"auto","background-attachment":"scroll","background-type":"","background-media":"","overlay-type":"","overlay-color":"","overlay-opacity":"","overlay-gradient":""}},"ast-content-background-meta":{"desktop":{"background-color":"var(--ast-global-color-5)","background-image":"","background-repeat":"repeat","background-position":"center center","background-size":"auto","background-attachment":"scroll","background-type":"","background-media":"","overlay-type":"","overlay-color":"","overlay-opacity":"","overlay-gradient":""},"tablet":{"background-color":"var(--ast-global-color-5)","background-image":"","background-repeat":"repeat","background-position":"center center","background-size":"auto","background-attachment":"scroll","background-type":"","background-media":"","overlay-type":"","overlay-color":"","overlay-opacity":"","overlay-gradient":""},"mobile":{"background-color":"var(--ast-global-color-5)","background-image":"","background-repeat":"repeat","background-position":"center center","background-size":"auto","background-attachment":"scroll","background-type":"","background-media":"","overlay-type":"","overlay-color":"","overlay-opacity":"","overlay-gradient":""}}},"product_brand":[],"product_cat":[128],"product_tag":[],"class_list":{"0":"post-7431","1":"product","2":"type-product","3":"status-publish","4":"has-post-thumbnail","6":"product_cat-furnace-blast-drilling-coupler","7":"desktop-align-left","8":"tablet-align-left","9":"mobile-align-left","10":"ast-product-gallery-layout-horizontal-slider","11":"ast-product-tabs-layout-horizontal","13":"first","14":"instock","15":"shipping-taxable","16":"product-type-simple"},"uagb_featured_image_src":{"full":["https:\/\/www.shandongruiying.com\/wp-content\/uploads\/2026\/03\/1-13.jpg",600,600,false],"thumbnail":["https:\/\/www.shandongruiying.com\/wp-content\/uploads\/2026\/03\/1-13-150x150.jpg",150,150,true],"medium":["https:\/\/www.shandongruiying.com\/wp-content\/uploads\/2026\/03\/1-13-300x300.jpg",300,300,true],"medium_large":["https:\/\/www.shandongruiying.com\/wp-content\/uploads\/2026\/03\/1-13.jpg",600,600,false],"large":["https:\/\/www.shandongruiying.com\/wp-content\/uploads\/2026\/03\/1-13.jpg",600,600,false],"1536x1536":["https:\/\/www.shandongruiying.com\/wp-content\/uploads\/2026\/03\/1-13.jpg",600,600,false],"2048x2048":["https:\/\/www.shandongruiying.com\/wp-content\/uploads\/2026\/03\/1-13.jpg",600,600,false],"trp-custom-language-flag":["https:\/\/www.shandongruiying.com\/wp-content\/uploads\/2026\/03\/1-13-12x12.jpg",12,12,true],"woocommerce_thumbnail":["https:\/\/www.shandongruiying.com\/wp-content\/uploads\/2026\/03\/1-13-300x300.jpg",300,300,true],"woocommerce_single":["https:\/\/www.shandongruiying.com\/wp-content\/uploads\/2026\/03\/1-13.jpg",600,600,false],"woocommerce_gallery_thumbnail":["https:\/\/www.shandongruiying.com\/wp-content\/uploads\/2026\/03\/1-13-100x100.jpg",100,100,true]},"uagb_author_info":{"display_name":"Shandong Ruiying Import and Export Trading Co., Ltd.","author_link":"https:\/\/www.shandongruiying.com\/es\/author\/"},"uagb_comment_info":0,"uagb_excerpt":"The connection sleeve is an indispensable accessory in the drilling tool system of rock drilling equipment. It is installed at the joint of matching drill rods during drilling operations and plays a critical role in connecting multiple drill rods on the same axis. Through threaded connections, the sleeve effectively transmits the impact energy generated by&hellip;","_links":{"self":[{"href":"https:\/\/www.shandongruiying.com\/es\/wp-json\/wp\/v2\/product\/7431","targetHints":{"allow":["GET"]}}],"collection":[{"href":"https:\/\/www.shandongruiying.com\/es\/wp-json\/wp\/v2\/product"}],"about":[{"href":"https:\/\/www.shandongruiying.com\/es\/wp-json\/wp\/v2\/types\/product"}],"wp:featuredmedia":[{"embeddable":true,"href":"https:\/\/www.shandongruiying.com\/es\/wp-json\/wp\/v2\/media\/7434"}],"wp:attachment":[{"href":"https:\/\/www.shandongruiying.com\/es\/wp-json\/wp\/v2\/media?parent=7431"}],"wp:term":[{"taxonomy":"product_brand","embeddable":true,"href":"https:\/\/www.shandongruiying.com\/es\/wp-json\/wp\/v2\/product_brand?post=7431"},{"taxonomy":"product_cat","embeddable":true,"href":"https:\/\/www.shandongruiying.com\/es\/wp-json\/wp\/v2\/product_cat?post=7431"},{"taxonomy":"product_tag","embeddable":true,"href":"https:\/\/www.shandongruiying.com\/es\/wp-json\/wp\/v2\/product_tag?post=7431"}],"curies":[{"name":"wp","href":"https:\/\/api.w.org\/{rel}","templated":true}]}}