{"id":7416,"date":"2026-03-06T03:19:47","date_gmt":"2026-03-06T03:19:47","guid":{"rendered":"http:\/\/www.shandongruiying.com\/?post_type=product&#038;p=7416"},"modified":"2026-03-06T03:23:26","modified_gmt":"2026-03-06T03:23:26","slug":"h-beam","status":"publish","type":"product","link":"https:\/\/www.shandongruiying.com\/es\/producto\/h-beam\/","title":{"rendered":"Viga en H"},"content":{"rendered":"<p>La viga H es un nuevo tipo de acero econ\u00f3mico para la construcci\u00f3n. La forma de la secci\u00f3n transversal de la viga H es econ\u00f3micamente razonable, con excelentes propiedades mec\u00e1nicas. Durante el proceso de laminaci\u00f3n, la extensi\u00f3n de cada punto de la secci\u00f3n transversal es relativamente uniforme, y la tensi\u00f3n interna es peque\u00f1a. En comparaci\u00f3n con el acero en forma de I ordinario, tiene las ventajas de un mayor m\u00f3dulo de secci\u00f3n, menor peso y ahorro de metal. Puede reducir la estructura del edificio en 30-40%. Adem\u00e1s, como los lados interior y exterior de las patas son paralelos y los extremos de las patas son \u00e1ngulos rectos, cuando se ensamblan y combinan en componentes, la cantidad de trabajo de soldadura y remachado puede ahorrarse en 25%. Se utiliza com\u00fanmente en edificios de gran escala (como f\u00e1bricas, edificios de gran altura, etc.) que requieren una alta capacidad portante y una buena estabilidad de secci\u00f3n, as\u00ed como en puentes, barcos, maquinaria de elevaci\u00f3n y transporte, cimentaciones de equipos, soportes y pilotes de cimentaci\u00f3n.<\/p>\n\n<h4><strong>Par\u00e1metros del producto<\/strong><\/h4>\n<table>\n<tbody>\n<tr>\n<td width=\"70\">Material<\/td>\n<td width=\"489\">A36\u3001St37\u3001S235J0\u3001S235J2\uff0cSt52\uff0c16 mn\uff0cS355JOQ195,Q215,Q235B,Q345B,S235JR\uff0cS355JR\uff0cS355\uff0cSS440\uff0cSM400A\uff0cSM400BA572,GR50,GR60,SS540<\/td>\n<\/tr>\n<tr>\n<td width=\"70\">\u00c1mbito de producci\u00f3n<\/td>\n<td width=\"489\">H100*100-H400*400H150*75 -H900*300<\/td>\n<\/tr>\n<tr>\n<td width=\"70\">Longitud<\/td>\n<td width=\"489\">6 m, 9 m, 12 m o seg\u00fan las necesidades del cliente<\/td>\n<\/tr>\n<tr>\n<td width=\"70\">Tecnolog\u00eda<\/td>\n<td width=\"489\">Laminado en caliente, soldadura<\/td>\n<\/tr>\n<tr>\n<td width=\"70\">Est\u00e1ndar<\/td>\n<td width=\"489\">ASTM\uff0cAISI\uff0cJIS\uff0cGB\uff0c DIN\uff0cEN<\/td>\n<\/tr>\n<tr>\n<td width=\"70\">Superficie<\/td>\n<td width=\"489\">Galvanizado, pintado; o seg\u00fan sus necesidades<\/td>\n<\/tr>\n<tr>\n<td width=\"70\">Tipo de empresa<\/td>\n<td width=\"489\">Fabricante<\/td>\n<\/tr>\n<tr>\n<td width=\"70\">Aplicaci\u00f3n<\/td>\n<td width=\"489\">Se utiliza ampliamente en la construcci\u00f3n de estructuras de edificios e ingenier\u00eda, como vigas para salas, vigas para barcos, hornos industriales, etc.<\/td>\n<\/tr>\n<tr>\n<td width=\"70\">Puerto de carga<\/td>\n<td width=\"489\">Cualquier puerto de China<\/td>\n<\/tr>\n<tr>\n<td width=\"70\">Embalaje<\/td>\n<td width=\"489\">\u00a0Embalaje est\u00e1ndar para exportaci\u00f3n o personalizado<\/td>\n<\/tr>\n<\/tbody>\n<\/table>","protected":false},"excerpt":{"rendered":"<p><strong>\u00c1mbito de producci\u00f3n\uff1a<\/strong>H100*100-H400*400H150*75 -H900*300<br \/>\n<strong>Longitud\uff1a<\/strong>6 m, 9 m, 12 m o seg\u00fan las necesidades del cliente<br \/>\n<strong>Est\u00e1ndar\uff1a<\/strong>ASTM\uff0cAISI\uff0cJIS\uff0cGB\uff0c DIN\uff0cEN<br \/>\n<strong>Superficie\uff1a<\/strong>Galvanizado, pintado; o seg\u00fan sus necesidades<br \/>\n<strong>Tipo de negocio\uff1a<\/strong>Fabricante<\/p>","protected":false},"featured_media":7419,"template":"","meta":{"_seopress_robots_primary_cat":"none","_seopress_titles_title":"H-Beam Steel Supplier | Structural H Beam for Construction and Industrial Projects","_seopress_titles_desc":"H-beam is an economical structural steel with excellent mechanical properties, high load-bearing capacity, and lightweight design. Widely used in buildings, bridges, machinery supports, and industrial structures, it helps reduce structural weight while improving stability and strength.","_seopress_robots_index":"","_uag_custom_page_level_css":"","site-sidebar-layout":"default","site-content-layout":"","ast-site-content-layout":"default","site-content-style":"default","site-sidebar-style":"default","ast-global-header-display":"","ast-banner-title-visibility":"","ast-main-header-display":"","ast-hfb-above-header-display":"","ast-hfb-below-header-display":"","ast-hfb-mobile-header-display":"","site-post-title":"","ast-breadcrumbs-content":"","ast-featured-img":"","footer-sml-layout":"","theme-transparent-header-meta":"default","adv-header-id-meta":"","stick-header-meta":"default","header-above-stick-meta":"","header-main-stick-meta":"","header-below-stick-meta":"","astra-migrate-meta-layouts":"set","ast-page-background-enabled":"default","ast-page-background-meta":{"desktop":{"background-color":"","background-image":"","background-repeat":"repeat","background-position":"center center","background-size":"auto","background-attachment":"scroll","background-type":"","background-media":"","overlay-type":"","overlay-color":"","overlay-opacity":"","overlay-gradient":""},"tablet":{"background-color":"","background-image":"","background-repeat":"repeat","background-position":"center center","background-size":"auto","background-attachment":"scroll","background-type":"","background-media":"","overlay-type":"","overlay-color":"","overlay-opacity":"","overlay-gradient":""},"mobile":{"background-color":"","background-image":"","background-repeat":"repeat","background-position":"center center","background-size":"auto","background-attachment":"scroll","background-type":"","background-media":"","overlay-type":"","overlay-color":"","overlay-opacity":"","overlay-gradient":""}},"ast-content-background-meta":{"desktop":{"background-color":"var(--ast-global-color-5)","background-image":"","background-repeat":"repeat","background-position":"center center","background-size":"auto","background-attachment":"scroll","background-type":"","background-media":"","overlay-type":"","overlay-color":"","overlay-opacity":"","overlay-gradient":""},"tablet":{"background-color":"var(--ast-global-color-5)","background-image":"","background-repeat":"repeat","background-position":"center center","background-size":"auto","background-attachment":"scroll","background-type":"","background-media":"","overlay-type":"","overlay-color":"","overlay-opacity":"","overlay-gradient":""},"mobile":{"background-color":"var(--ast-global-color-5)","background-image":"","background-repeat":"repeat","background-position":"center center","background-size":"auto","background-attachment":"scroll","background-type":"","background-media":"","overlay-type":"","overlay-color":"","overlay-opacity":"","overlay-gradient":""}}},"product_brand":[],"product_cat":[119],"product_tag":[],"class_list":{"0":"post-7416","1":"product","2":"type-product","3":"status-publish","4":"has-post-thumbnail","6":"product_cat-h-beam","7":"desktop-align-left","8":"tablet-align-left","9":"mobile-align-left","10":"ast-product-gallery-layout-horizontal-slider","11":"ast-product-tabs-layout-horizontal","13":"first","14":"instock","15":"shipping-taxable","16":"product-type-simple"},"uagb_featured_image_src":{"full":["https:\/\/www.shandongruiying.com\/wp-content\/uploads\/2026\/03\/2-11.jpg",600,600,false],"thumbnail":["https:\/\/www.shandongruiying.com\/wp-content\/uploads\/2026\/03\/2-11-150x150.jpg",150,150,true],"medium":["https:\/\/www.shandongruiying.com\/wp-content\/uploads\/2026\/03\/2-11-300x300.jpg",300,300,true],"medium_large":["https:\/\/www.shandongruiying.com\/wp-content\/uploads\/2026\/03\/2-11.jpg",600,600,false],"large":["https:\/\/www.shandongruiying.com\/wp-content\/uploads\/2026\/03\/2-11.jpg",600,600,false],"1536x1536":["https:\/\/www.shandongruiying.com\/wp-content\/uploads\/2026\/03\/2-11.jpg",600,600,false],"2048x2048":["https:\/\/www.shandongruiying.com\/wp-content\/uploads\/2026\/03\/2-11.jpg",600,600,false],"trp-custom-language-flag":["https:\/\/www.shandongruiying.com\/wp-content\/uploads\/2026\/03\/2-11-12x12.jpg",12,12,true],"woocommerce_thumbnail":["https:\/\/www.shandongruiying.com\/wp-content\/uploads\/2026\/03\/2-11-300x300.jpg",300,300,true],"woocommerce_single":["https:\/\/www.shandongruiying.com\/wp-content\/uploads\/2026\/03\/2-11.jpg",600,600,false],"woocommerce_gallery_thumbnail":["https:\/\/www.shandongruiying.com\/wp-content\/uploads\/2026\/03\/2-11-100x100.jpg",100,100,true]},"uagb_author_info":{"display_name":"Shandong Ruiying Import and Export Trading Co., Ltd.","author_link":"https:\/\/www.shandongruiying.com\/es\/author\/"},"uagb_comment_info":0,"uagb_excerpt":"Production scope\uff1aH100*100-H400*400H150*75 -H900*300 Length\uff1a6m, 9m, 12m\u00a0or as required by the customer Standard\uff1aASTM\uff0cAISI\uff0cJIS\uff0cGB\uff0c\u00a0DIN\uff0cEN Surface\uff1aGalvanized, painted; or as required by you Business Type\uff1aManufacturer","_links":{"self":[{"href":"https:\/\/www.shandongruiying.com\/es\/wp-json\/wp\/v2\/product\/7416","targetHints":{"allow":["GET"]}}],"collection":[{"href":"https:\/\/www.shandongruiying.com\/es\/wp-json\/wp\/v2\/product"}],"about":[{"href":"https:\/\/www.shandongruiying.com\/es\/wp-json\/wp\/v2\/types\/product"}],"wp:featuredmedia":[{"embeddable":true,"href":"https:\/\/www.shandongruiying.com\/es\/wp-json\/wp\/v2\/media\/7419"}],"wp:attachment":[{"href":"https:\/\/www.shandongruiying.com\/es\/wp-json\/wp\/v2\/media?parent=7416"}],"wp:term":[{"taxonomy":"product_brand","embeddable":true,"href":"https:\/\/www.shandongruiying.com\/es\/wp-json\/wp\/v2\/product_brand?post=7416"},{"taxonomy":"product_cat","embeddable":true,"href":"https:\/\/www.shandongruiying.com\/es\/wp-json\/wp\/v2\/product_cat?post=7416"},{"taxonomy":"product_tag","embeddable":true,"href":"https:\/\/www.shandongruiying.com\/es\/wp-json\/wp\/v2\/product_tag?post=7416"}],"curies":[{"name":"wp","href":"https:\/\/api.w.org\/{rel}","templated":true}]}}