{"id":7409,"date":"2026-03-06T03:12:33","date_gmt":"2026-03-06T03:12:33","guid":{"rendered":"http:\/\/www.shandongruiying.com\/?post_type=product&#038;p=7409"},"modified":"2026-03-06T03:12:33","modified_gmt":"2026-03-06T03:12:33","slug":"furnace-blast-drilling-bit","status":"publish","type":"product","link":"https:\/\/www.shandongruiying.com\/es\/producto\/furnace-blast-drilling-bit\/","title":{"rendered":"Broca de perforaci\u00f3n de chorro de horno"},"content":{"rendered":"<table>\n<tbody>\n<tr>\n<td>Material<\/td>\n<td width=\"466\">Puntas de carburo de tungsteno y acero<\/td>\n<\/tr>\n<tr>\n<td>Cantidad de botones<\/td>\n<td width=\"466\">Bot\u00f3n de man\u00f3metro: 5 piezas<br \/>\nBot\u00f3n central: 2 piezas<\/td>\n<\/tr>\n<tr>\n<td>Tipo de boca<\/td>\n<td width=\"466\">Cara plana<\/td>\n<\/tr>\n<tr>\n<td>Formaci\u00f3n rocosa<\/td>\n<td width=\"466\">Rocas duras<\/td>\n<\/tr>\n<tr>\n<td>Ventaja<\/td>\n<td width=\"466\">1, Adopta materia prima superior para producir;<br \/>\n2, Tenemos una gran experiencia en la fabricaci\u00f3n y un estricto sistema de control de calidad<br \/>\n3. Larga vida \u00fatil<br \/>\n4. Suministramos brocas de bot\u00f3n de rosca de tama\u00f1o est\u00e1ndar y brocas de bot\u00f3n retr\u00e1ctil.<br \/>\n5. Tambi\u00e9n suministramos brocas de bot\u00f3n personalizadas.<\/td>\n<\/tr>\n<tr>\n<td width=\"93\">OEM<\/td>\n<td width=\"466\">Tambi\u00e9n puede personalizarse seg\u00fan los requisitos del cliente.<\/td>\n<\/tr>\n<\/tbody>\n<\/table>\n\n<table>\n<tbody>\n<tr>\n<td colspan=\"2\">Di\u00e1metro<\/td>\n<td>Tama\u00f1o de la punta<\/td>\n<td rowspan=\"2\">Hilo<\/td>\n<td rowspan=\"2\" width=\"188\">Peso aprox.<br \/>\nKG<\/td>\n<\/tr>\n<tr>\n<td>MM<\/td>\n<td>PULGADAS<\/td>\n<td>H*W<\/td>\n<\/tr>\n<tr>\n<td>45<\/td>\n<td>1 3\/4<\/td>\n<td>7*8<\/td>\n<td>R32<\/td>\n<td width=\"188\">0.5<\/td>\n<\/tr>\n<tr>\n<td>50<\/td>\n<td>1 31\/32<\/td>\n<td>7*8<\/td>\n<td>R32<\/td>\n<td width=\"188\">0.6<\/td>\n<\/tr>\n<tr>\n<td>55<\/td>\n<td>2 1\/8<\/td>\n<td>7*8<\/td>\n<td>R32<\/td>\n<td width=\"188\">0.6<\/td>\n<\/tr>\n<tr>\n<td>55<\/td>\n<td>2 1\/8<\/td>\n<td>7*8<\/td>\n<td>R38<\/td>\n<td width=\"188\">0.7<\/td>\n<\/tr>\n<tr>\n<td>55<\/td>\n<td>2 1\/8<\/td>\n<td>7*8<\/td>\n<td>R38<\/td>\n<td width=\"188\">1.0<\/td>\n<\/tr>\n<tr>\n<td>60<\/td>\n<td>2 3\/8<\/td>\n<td>7*8<\/td>\n<td>R32<\/td>\n<td width=\"188\">0.7<\/td>\n<\/tr>\n<tr>\n<td>60<\/td>\n<td>2 3\/8<\/td>\n<td>7*8<\/td>\n<td>R38<\/td>\n<td width=\"188\">1.2<\/td>\n<\/tr>\n<tr>\n<td>60<\/td>\n<td>2 3\/8<\/td>\n<td>7*8<\/td>\n<td>T38<\/td>\n<td width=\"188\">1.3<\/td>\n<\/tr>\n<tr>\n<td>65<\/td>\n<td>2 1\/2<\/td>\n<td>7*8<\/td>\n<td>R32<\/td>\n<td width=\"188\">0.9<\/td>\n<\/tr>\n<tr>\n<td>65<\/td>\n<td>2 1\/2<\/td>\n<td>7*8<\/td>\n<td>R38<\/td>\n<td width=\"188\">1.3<\/td>\n<\/tr>\n<tr>\n<td>65<\/td>\n<td>2 1\/2<\/td>\n<td>7*8<\/td>\n<td>T38<\/td>\n<td width=\"188\">1.4<\/td>\n<\/tr>\n<tr>\n<td>70<\/td>\n<td>2 3\/5<\/td>\n<td>7*8<\/td>\n<td>R32<\/td>\n<td width=\"188\">1.3<\/td>\n<\/tr>\n<tr>\n<td>70<\/td>\n<td>2 3\/5<\/td>\n<td>7*8<\/td>\n<td>T38<\/td>\n<td width=\"188\">1.5<\/td>\n<\/tr>\n<tr>\n<td>80<\/td>\n<td>3 1\/8<\/td>\n<td>7*8<\/td>\n<td>R32<\/td>\n<td width=\"188\">1.7<\/td>\n<\/tr>\n<tr>\n<td width=\"51\">100<\/td>\n<td width=\"106\">3 3\/4<\/td>\n<td width=\"120\">7*8<\/td>\n<td width=\"92\">R32<\/td>\n<td width=\"188\">1.8<\/td>\n<\/tr>\n<\/tbody>\n<\/table>\n<p>&nbsp;<\/p>","protected":false},"excerpt":{"rendered":"<p><strong>Material\uff1a<\/strong>Puntas de carburo de tungsteno y acero<br \/>\n<strong>Tipo de cara de bit\uff1a<\/strong>Cara plana<br \/>\n<strong>Formaci\u00f3n rocosa\uff1a<\/strong>Rocas duras<br \/>\n<strong>OEM\uff1a<\/strong>Tambi\u00e9n puede personalizarse seg\u00fan los requisitos del cliente.<\/p>","protected":false},"featured_media":7412,"template":"","meta":{"_seopress_robots_primary_cat":"","_seopress_titles_title":"Furnace Blast Drilling Bit Manufacturer | High Temperature Blast Furnace Drill Bit Supplier","_seopress_titles_desc":"High quality furnace blast drilling bit designed for blast furnace drilling operations. Our durable drill bits feature high strength alloy materials, excellent wear resistance and stable performance in high temperature environments. Ideal for steel plants and industrial drilling applications.","_seopress_robots_index":"","_uag_custom_page_level_css":"","site-sidebar-layout":"default","site-content-layout":"","ast-site-content-layout":"default","site-content-style":"default","site-sidebar-style":"default","ast-global-header-display":"","ast-banner-title-visibility":"","ast-main-header-display":"","ast-hfb-above-header-display":"","ast-hfb-below-header-display":"","ast-hfb-mobile-header-display":"","site-post-title":"","ast-breadcrumbs-content":"","ast-featured-img":"","footer-sml-layout":"","theme-transparent-header-meta":"default","adv-header-id-meta":"","stick-header-meta":"default","header-above-stick-meta":"","header-main-stick-meta":"","header-below-stick-meta":"","astra-migrate-meta-layouts":"set","ast-page-background-enabled":"default","ast-page-background-meta":{"desktop":{"background-color":"","background-image":"","background-repeat":"repeat","background-position":"center center","background-size":"auto","background-attachment":"scroll","background-type":"","background-media":"","overlay-type":"","overlay-color":"","overlay-opacity":"","overlay-gradient":""},"tablet":{"background-color":"","background-image":"","background-repeat":"repeat","background-position":"center center","background-size":"auto","background-attachment":"scroll","background-type":"","background-media":"","overlay-type":"","overlay-color":"","overlay-opacity":"","overlay-gradient":""},"mobile":{"background-color":"","background-image":"","background-repeat":"repeat","background-position":"center center","background-size":"auto","background-attachment":"scroll","background-type":"","background-media":"","overlay-type":"","overlay-color":"","overlay-opacity":"","overlay-gradient":""}},"ast-content-background-meta":{"desktop":{"background-color":"var(--ast-global-color-5)","background-image":"","background-repeat":"repeat","background-position":"center center","background-size":"auto","background-attachment":"scroll","background-type":"","background-media":"","overlay-type":"","overlay-color":"","overlay-opacity":"","overlay-gradient":""},"tablet":{"background-color":"var(--ast-global-color-5)","background-image":"","background-repeat":"repeat","background-position":"center center","background-size":"auto","background-attachment":"scroll","background-type":"","background-media":"","overlay-type":"","overlay-color":"","overlay-opacity":"","overlay-gradient":""},"mobile":{"background-color":"var(--ast-global-color-5)","background-image":"","background-repeat":"repeat","background-position":"center center","background-size":"auto","background-attachment":"scroll","background-type":"","background-media":"","overlay-type":"","overlay-color":"","overlay-opacity":"","overlay-gradient":""}}},"product_brand":[],"product_cat":[127],"product_tag":[],"class_list":{"0":"post-7409","1":"product","2":"type-product","3":"status-publish","4":"has-post-thumbnail","6":"product_cat-furnace-blast-drilling-bit","7":"desktop-align-left","8":"tablet-align-left","9":"mobile-align-left","10":"ast-product-gallery-layout-horizontal-slider","11":"ast-product-tabs-layout-horizontal","13":"first","14":"instock","15":"shipping-taxable","16":"product-type-simple"},"uagb_featured_image_src":{"full":["https:\/\/www.shandongruiying.com\/wp-content\/uploads\/2026\/03\/1-10.jpg",600,600,false],"thumbnail":["https:\/\/www.shandongruiying.com\/wp-content\/uploads\/2026\/03\/1-10-150x150.jpg",150,150,true],"medium":["https:\/\/www.shandongruiying.com\/wp-content\/uploads\/2026\/03\/1-10-300x300.jpg",300,300,true],"medium_large":["https:\/\/www.shandongruiying.com\/wp-content\/uploads\/2026\/03\/1-10.jpg",600,600,false],"large":["https:\/\/www.shandongruiying.com\/wp-content\/uploads\/2026\/03\/1-10.jpg",600,600,false],"1536x1536":["https:\/\/www.shandongruiying.com\/wp-content\/uploads\/2026\/03\/1-10.jpg",600,600,false],"2048x2048":["https:\/\/www.shandongruiying.com\/wp-content\/uploads\/2026\/03\/1-10.jpg",600,600,false],"trp-custom-language-flag":["https:\/\/www.shandongruiying.com\/wp-content\/uploads\/2026\/03\/1-10-12x12.jpg",12,12,true],"woocommerce_thumbnail":["https:\/\/www.shandongruiying.com\/wp-content\/uploads\/2026\/03\/1-10-300x300.jpg",300,300,true],"woocommerce_single":["https:\/\/www.shandongruiying.com\/wp-content\/uploads\/2026\/03\/1-10.jpg",600,600,false],"woocommerce_gallery_thumbnail":["https:\/\/www.shandongruiying.com\/wp-content\/uploads\/2026\/03\/1-10-100x100.jpg",100,100,true]},"uagb_author_info":{"display_name":"Shandong Ruiying Import and Export Trading Co., Ltd.","author_link":"https:\/\/www.shandongruiying.com\/es\/author\/"},"uagb_comment_info":0,"uagb_excerpt":"Material\uff1aTungsten carbide tips and steel Bit face type\uff1aFlat face Rock formation\uff1aHard rocks OEM\uff1aIt can also be customized according to the customer's requirements.","_links":{"self":[{"href":"https:\/\/www.shandongruiying.com\/es\/wp-json\/wp\/v2\/product\/7409","targetHints":{"allow":["GET"]}}],"collection":[{"href":"https:\/\/www.shandongruiying.com\/es\/wp-json\/wp\/v2\/product"}],"about":[{"href":"https:\/\/www.shandongruiying.com\/es\/wp-json\/wp\/v2\/types\/product"}],"wp:featuredmedia":[{"embeddable":true,"href":"https:\/\/www.shandongruiying.com\/es\/wp-json\/wp\/v2\/media\/7412"}],"wp:attachment":[{"href":"https:\/\/www.shandongruiying.com\/es\/wp-json\/wp\/v2\/media?parent=7409"}],"wp:term":[{"taxonomy":"product_brand","embeddable":true,"href":"https:\/\/www.shandongruiying.com\/es\/wp-json\/wp\/v2\/product_brand?post=7409"},{"taxonomy":"product_cat","embeddable":true,"href":"https:\/\/www.shandongruiying.com\/es\/wp-json\/wp\/v2\/product_cat?post=7409"},{"taxonomy":"product_tag","embeddable":true,"href":"https:\/\/www.shandongruiying.com\/es\/wp-json\/wp\/v2\/product_tag?post=7409"}],"curies":[{"name":"wp","href":"https:\/\/api.w.org\/{rel}","templated":true}]}}