{"id":7396,"date":"2026-03-05T08:51:16","date_gmt":"2026-03-05T08:51:16","guid":{"rendered":"http:\/\/www.shandongruiying.com\/?post_type=product&#038;p=7396"},"modified":"2026-03-05T08:58:04","modified_gmt":"2026-03-05T08:58:04","slug":"carbon-steel-beam-channel","status":"publish","type":"product","link":"https:\/\/www.shandongruiying.com\/es\/producto\/carbon-steel-beam-channel\/","title":{"rendered":"Canal para vigas de acero al carbono"},"content":{"rendered":"<p>El canal de vigas es una tira larga de acero con secci\u00f3n transversal c\u00f3ncavo-convexa. Pertenece al acero estructural al carbono utilizado para la construcci\u00f3n y la maquinaria, y es un tipo de acero con secci\u00f3n transversal compleja. Su forma transversal es c\u00f3ncavo-convexa. El acero de canal se utiliza principalmente en estructuras de edificios, proyectos de muros cortina, fabricaci\u00f3n de equipos mec\u00e1nicos y veh\u00edculos, etc.<\/p>\n\n<h4><strong>Par\u00e1metros del producto<\/strong><\/h4>\n<table>\n<tbody>\n<tr>\n<td width=\"70\">Material<\/td>\n<td width=\"489\">A36\u3001St37\u3001S235J0\u3001S235J2\uff0cSt52\uff0c16mn\uff0cS355JOQ195,Q215,Q235B,Q345B,S235JR\uff0cS355JR\uff0cS355\uff0cSS440\uff0cSM400A\uff0cSM400BA572,GR50,GR60,SS540<\/td>\n<\/tr>\n<tr>\n<td width=\"70\">\u00c1mbito de producci\u00f3n<\/td>\n<td width=\"489\">50*37*4.5-400*104*14.5\uff0c75*40*3.8*7-152*76*6.4*9\uff0c140*60*7*10-200*75*8.5*11.5<\/td>\n<\/tr>\n<tr>\n<td width=\"70\">Longitud<\/td>\n<td width=\"489\">6 m, 9 m, 12 m o seg\u00fan las necesidades del cliente<\/td>\n<\/tr>\n<tr>\n<td width=\"70\">Tecnolog\u00eda<\/td>\n<td width=\"489\">Laminado en caliente, soldadura<\/td>\n<\/tr>\n<tr>\n<td width=\"70\">Est\u00e1ndar<\/td>\n<td width=\"489\">ASTM\uff0cAISI\uff0cJIS\uff0cGB\uff0c DIN\uff0cEN<\/td>\n<\/tr>\n<tr>\n<td width=\"70\">Superficie<\/td>\n<td width=\"489\">Galvanizado, pintado; o seg\u00fan sus necesidades<\/td>\n<\/tr>\n<tr>\n<td width=\"70\">Tipo de empresa<\/td>\n<td width=\"489\">Fabricante<\/td>\n<\/tr>\n<tr>\n<td width=\"70\">Aplicaci\u00f3n<\/td>\n<td width=\"489\">Se utiliza ampliamente en la construcci\u00f3n de estructuras de edificios e ingenier\u00eda, como vigas para salas, vigas para barcos, hornos industriales, etc.<\/td>\n<\/tr>\n<tr>\n<td width=\"70\">Puerto de carga<\/td>\n<td width=\"489\">Cualquier puerto de China<\/td>\n<\/tr>\n<tr>\n<td width=\"70\">Embalaje<\/td>\n<td width=\"489\">\u00a0Embalaje est\u00e1ndar para exportaci\u00f3n o personalizado<\/td>\n<\/tr>\n<\/tbody>\n<\/table>\n<p><img alt=\"\" fetchpriority=\"high\" decoding=\"async\" class=\"alignnone wp-image-7401\" src=\"http:\/\/www.shandongruiying.com\/wp-content\/uploads\/2026\/03\/WPS\u56fe\u72472-3.jpeg\" width=\"1000\" height=\"1778\" srcset=\"https:\/\/www.shandongruiying.com\/wp-content\/uploads\/2026\/03\/WPS\u56fe\u72472-3.jpeg 1125w, https:\/\/www.shandongruiying.com\/wp-content\/uploads\/2026\/03\/WPS\u56fe\u72472-3-169x300.jpeg 169w, https:\/\/www.shandongruiying.com\/wp-content\/uploads\/2026\/03\/WPS\u56fe\u72472-3-576x1024.jpeg 576w, https:\/\/www.shandongruiying.com\/wp-content\/uploads\/2026\/03\/WPS\u56fe\u72472-3-768x1365.jpeg 768w, https:\/\/www.shandongruiying.com\/wp-content\/uploads\/2026\/03\/WPS\u56fe\u72472-3-864x1536.jpeg 864w, https:\/\/www.shandongruiying.com\/wp-content\/uploads\/2026\/03\/WPS\u56fe\u72472-3-7x12.jpeg 7w, https:\/\/www.shandongruiying.com\/wp-content\/uploads\/2026\/03\/WPS\u56fe\u72472-3-600x1067.jpeg 600w\" sizes=\"(max-width: 1000px) 100vw, 1000px\" \/><\/p>","protected":false},"excerpt":{"rendered":"<p><strong>Longitud\uff1a<\/strong>6 m, 9 m, 12 m o seg\u00fan las necesidades del cliente<br \/>\n<strong>Tecnolog\u00eda\uff1a<\/strong>Laminado en caliente, soldadura<br \/>\n<strong>Est\u00e1ndar\uff1a<\/strong>ASTM\uff0cAISI\uff0cJIS\uff0cGB\uff0c DIN\uff0cEN<br \/>\n<strong>Superficie\uff1a<\/strong>Galvanizado, pintado; o seg\u00fan sus necesidades<br \/>\n<strong>Tipo de negocio\uff1a<\/strong>Fabricante<\/p>","protected":false},"featured_media":7399,"template":"","meta":{"_seopress_robots_primary_cat":"none","_seopress_titles_title":"Carbon Steel Channel Beam: Structural Channel Steel for Construction and Machinery","_seopress_titles_desc":"Carbon steel channel beams feature a concave-convex cross-section and are widely used in building structures, curtain wall systems, mechanical equipment, and vehicle manufacturing. Known for their strength and durability, they are essential structural steel components.","_seopress_robots_index":"","_uag_custom_page_level_css":"","site-sidebar-layout":"default","site-content-layout":"","ast-site-content-layout":"default","site-content-style":"default","site-sidebar-style":"default","ast-global-header-display":"","ast-banner-title-visibility":"","ast-main-header-display":"","ast-hfb-above-header-display":"","ast-hfb-below-header-display":"","ast-hfb-mobile-header-display":"","site-post-title":"","ast-breadcrumbs-content":"","ast-featured-img":"","footer-sml-layout":"","theme-transparent-header-meta":"default","adv-header-id-meta":"","stick-header-meta":"default","header-above-stick-meta":"","header-main-stick-meta":"","header-below-stick-meta":"","astra-migrate-meta-layouts":"set","ast-page-background-enabled":"default","ast-page-background-meta":{"desktop":{"background-color":"","background-image":"","background-repeat":"repeat","background-position":"center center","background-size":"auto","background-attachment":"scroll","background-type":"","background-media":"","overlay-type":"","overlay-color":"","overlay-opacity":"","overlay-gradient":""},"tablet":{"background-color":"","background-image":"","background-repeat":"repeat","background-position":"center center","background-size":"auto","background-attachment":"scroll","background-type":"","background-media":"","overlay-type":"","overlay-color":"","overlay-opacity":"","overlay-gradient":""},"mobile":{"background-color":"","background-image":"","background-repeat":"repeat","background-position":"center center","background-size":"auto","background-attachment":"scroll","background-type":"","background-media":"","overlay-type":"","overlay-color":"","overlay-opacity":"","overlay-gradient":""}},"ast-content-background-meta":{"desktop":{"background-color":"var(--ast-global-color-5)","background-image":"","background-repeat":"repeat","background-position":"center center","background-size":"auto","background-attachment":"scroll","background-type":"","background-media":"","overlay-type":"","overlay-color":"","overlay-opacity":"","overlay-gradient":""},"tablet":{"background-color":"var(--ast-global-color-5)","background-image":"","background-repeat":"repeat","background-position":"center center","background-size":"auto","background-attachment":"scroll","background-type":"","background-media":"","overlay-type":"","overlay-color":"","overlay-opacity":"","overlay-gradient":""},"mobile":{"background-color":"var(--ast-global-color-5)","background-image":"","background-repeat":"repeat","background-position":"center center","background-size":"auto","background-attachment":"scroll","background-type":"","background-media":"","overlay-type":"","overlay-color":"","overlay-opacity":"","overlay-gradient":""}}},"product_brand":[],"product_cat":[120],"product_tag":[],"class_list":{"0":"post-7396","1":"product","2":"type-product","3":"status-publish","4":"has-post-thumbnail","6":"product_cat-beam-channel","7":"desktop-align-left","8":"tablet-align-left","9":"mobile-align-left","10":"ast-product-gallery-layout-horizontal-slider","11":"ast-product-tabs-layout-horizontal","13":"first","14":"instock","15":"shipping-taxable","16":"product-type-simple"},"uagb_featured_image_src":{"full":["https:\/\/www.shandongruiying.com\/wp-content\/uploads\/2026\/03\/2-9.jpg",600,600,false],"thumbnail":["https:\/\/www.shandongruiying.com\/wp-content\/uploads\/2026\/03\/2-9-150x150.jpg",150,150,true],"medium":["https:\/\/www.shandongruiying.com\/wp-content\/uploads\/2026\/03\/2-9-300x300.jpg",300,300,true],"medium_large":["https:\/\/www.shandongruiying.com\/wp-content\/uploads\/2026\/03\/2-9.jpg",600,600,false],"large":["https:\/\/www.shandongruiying.com\/wp-content\/uploads\/2026\/03\/2-9.jpg",600,600,false],"1536x1536":["https:\/\/www.shandongruiying.com\/wp-content\/uploads\/2026\/03\/2-9.jpg",600,600,false],"2048x2048":["https:\/\/www.shandongruiying.com\/wp-content\/uploads\/2026\/03\/2-9.jpg",600,600,false],"trp-custom-language-flag":["https:\/\/www.shandongruiying.com\/wp-content\/uploads\/2026\/03\/2-9-12x12.jpg",12,12,true],"woocommerce_thumbnail":["https:\/\/www.shandongruiying.com\/wp-content\/uploads\/2026\/03\/2-9-300x300.jpg",300,300,true],"woocommerce_single":["https:\/\/www.shandongruiying.com\/wp-content\/uploads\/2026\/03\/2-9.jpg",600,600,false],"woocommerce_gallery_thumbnail":["https:\/\/www.shandongruiying.com\/wp-content\/uploads\/2026\/03\/2-9-100x100.jpg",100,100,true]},"uagb_author_info":{"display_name":"Shandong Ruiying Import and Export Trading Co., Ltd.","author_link":"https:\/\/www.shandongruiying.com\/es\/author\/"},"uagb_comment_info":0,"uagb_excerpt":"Length\uff1a6m, 9m, 12m\u00a0or as required by the customer Technology\uff1aHot rolling, welding Standard\uff1aASTM\uff0cAISI\uff0cJIS\uff0cGB\uff0c\u00a0DIN\uff0cEN Surface\uff1aGalvanized, painted; or as required by you Business Type\uff1aManufacturer","_links":{"self":[{"href":"https:\/\/www.shandongruiying.com\/es\/wp-json\/wp\/v2\/product\/7396","targetHints":{"allow":["GET"]}}],"collection":[{"href":"https:\/\/www.shandongruiying.com\/es\/wp-json\/wp\/v2\/product"}],"about":[{"href":"https:\/\/www.shandongruiying.com\/es\/wp-json\/wp\/v2\/types\/product"}],"wp:featuredmedia":[{"embeddable":true,"href":"https:\/\/www.shandongruiying.com\/es\/wp-json\/wp\/v2\/media\/7399"}],"wp:attachment":[{"href":"https:\/\/www.shandongruiying.com\/es\/wp-json\/wp\/v2\/media?parent=7396"}],"wp:term":[{"taxonomy":"product_brand","embeddable":true,"href":"https:\/\/www.shandongruiying.com\/es\/wp-json\/wp\/v2\/product_brand?post=7396"},{"taxonomy":"product_cat","embeddable":true,"href":"https:\/\/www.shandongruiying.com\/es\/wp-json\/wp\/v2\/product_cat?post=7396"},{"taxonomy":"product_tag","embeddable":true,"href":"https:\/\/www.shandongruiying.com\/es\/wp-json\/wp\/v2\/product_tag?post=7396"}],"curies":[{"name":"wp","href":"https:\/\/api.w.org\/{rel}","templated":true}]}}