{"id":7383,"date":"2026-03-05T08:28:47","date_gmt":"2026-03-05T08:28:47","guid":{"rendered":"http:\/\/www.shandongruiying.com\/?post_type=product&#038;p=7383"},"modified":"2026-03-05T08:28:47","modified_gmt":"2026-03-05T08:28:47","slug":"rectangular-tube","status":"publish","type":"product","link":"https:\/\/www.shandongruiying.com\/es\/producto\/rectangular-tube\/","title":{"rendered":"Tubo rectangular"},"content":{"rendered":"<p>Los tubos cuadrados y rectangulares que vende nuestra empresa abarcan una amplia gama de tama\u00f1os: tubos cuadrados de 20*20 a 600*600, tubos rectangulares de 20*30 a 600*800, con espesores que van de 1,5 mm a 35,0 mm, y m\u00e1s de 2.800 especificaciones diferentes. Los materiales incluyen Q195, Q215, Q235, Q275, Q345, 20#, 45#, acero inoxidable, tubos sin soldadura, acero aleado, etc. Tambi\u00e9n podemos producir tubos de formas especiales, como romboidales, triangulares, pentagonales, hexagonales y en forma de abanico, y podemos personalizar tubos cuadrados y rectangulares, tubos cuadrados y rectangulares en \u00e1ngulo recto, tubos cuadrados y rectangulares de pared gruesa, tubos cuadrados y rectangulares sin soldadura, tubos cuadrados y rectangulares laminados en caliente y tubos cuadrados y rectangulares de esquinas afiladas seg\u00fan los planos y dimensiones proporcionados por los clientes.<\/p>\n<p>Nuestros tubos cuadrados y rectangulares de gran di\u00e1metro y paredes gruesas se utilizan ampliamente en proyectos de estructuras de acero a gran escala, fabricaci\u00f3n de maquinaria, construcci\u00f3n naval, construcci\u00f3n, metalurgia, automoci\u00f3n, ferrocarril, carretera, aviaci\u00f3n, contenedores, muebles, decoraci\u00f3n y otras industrias.<\/p>","protected":false},"excerpt":{"rendered":"<p>Nuestros tubos cuadrados y rectangulares de gran di\u00e1metro y paredes gruesas se utilizan ampliamente en proyectos de estructuras de acero a gran escala, fabricaci\u00f3n de maquinaria, construcci\u00f3n naval, construcci\u00f3n, metalurgia, automoci\u00f3n, ferrocarril, carretera, aviaci\u00f3n, contenedores, muebles, decoraci\u00f3n y otras industrias.<\/p>","protected":false},"featured_media":7389,"template":"","meta":{"_seopress_robots_primary_cat":"","_seopress_titles_title":"Rectangular Steel Tube: Full Size Range, Custom Shapes and Industrial Applications","_seopress_titles_desc":"Our rectangular steel tubes are available in sizes from 20\u00d730 mm to 600\u00d7800 mm with thicknesses from 1.5 mm to 35 mm. Made from materials such as Q195, Q235, Q345, stainless steel, and alloy steel, we also offer customized shapes and specifications based on customer drawings.","_seopress_robots_index":"","_uag_custom_page_level_css":"","site-sidebar-layout":"default","site-content-layout":"","ast-site-content-layout":"default","site-content-style":"default","site-sidebar-style":"default","ast-global-header-display":"","ast-banner-title-visibility":"","ast-main-header-display":"","ast-hfb-above-header-display":"","ast-hfb-below-header-display":"","ast-hfb-mobile-header-display":"","site-post-title":"","ast-breadcrumbs-content":"","ast-featured-img":"","footer-sml-layout":"","theme-transparent-header-meta":"default","adv-header-id-meta":"","stick-header-meta":"default","header-above-stick-meta":"","header-main-stick-meta":"","header-below-stick-meta":"","astra-migrate-meta-layouts":"set","ast-page-background-enabled":"default","ast-page-background-meta":{"desktop":{"background-color":"","background-image":"","background-repeat":"repeat","background-position":"center center","background-size":"auto","background-attachment":"scroll","background-type":"","background-media":"","overlay-type":"","overlay-color":"","overlay-opacity":"","overlay-gradient":""},"tablet":{"background-color":"","background-image":"","background-repeat":"repeat","background-position":"center center","background-size":"auto","background-attachment":"scroll","background-type":"","background-media":"","overlay-type":"","overlay-color":"","overlay-opacity":"","overlay-gradient":""},"mobile":{"background-color":"","background-image":"","background-repeat":"repeat","background-position":"center center","background-size":"auto","background-attachment":"scroll","background-type":"","background-media":"","overlay-type":"","overlay-color":"","overlay-opacity":"","overlay-gradient":""}},"ast-content-background-meta":{"desktop":{"background-color":"var(--ast-global-color-5)","background-image":"","background-repeat":"repeat","background-position":"center center","background-size":"auto","background-attachment":"scroll","background-type":"","background-media":"","overlay-type":"","overlay-color":"","overlay-opacity":"","overlay-gradient":""},"tablet":{"background-color":"var(--ast-global-color-5)","background-image":"","background-repeat":"repeat","background-position":"center center","background-size":"auto","background-attachment":"scroll","background-type":"","background-media":"","overlay-type":"","overlay-color":"","overlay-opacity":"","overlay-gradient":""},"mobile":{"background-color":"var(--ast-global-color-5)","background-image":"","background-repeat":"repeat","background-position":"center center","background-size":"auto","background-attachment":"scroll","background-type":"","background-media":"","overlay-type":"","overlay-color":"","overlay-opacity":"","overlay-gradient":""}}},"product_brand":[],"product_cat":[103],"product_tag":[],"class_list":{"0":"post-7383","1":"product","2":"type-product","3":"status-publish","4":"has-post-thumbnail","6":"product_cat-rectangular-tube","7":"desktop-align-left","8":"tablet-align-left","9":"mobile-align-left","10":"ast-product-gallery-layout-horizontal-slider","11":"ast-product-tabs-layout-horizontal","13":"first","14":"instock","15":"shipping-taxable","16":"product-type-simple"},"uagb_featured_image_src":{"full":["https:\/\/www.shandongruiying.com\/wp-content\/uploads\/2026\/03\/1-8.jpg",600,600,false],"thumbnail":["https:\/\/www.shandongruiying.com\/wp-content\/uploads\/2026\/03\/1-8-150x150.jpg",150,150,true],"medium":["https:\/\/www.shandongruiying.com\/wp-content\/uploads\/2026\/03\/1-8-300x300.jpg",300,300,true],"medium_large":["https:\/\/www.shandongruiying.com\/wp-content\/uploads\/2026\/03\/1-8.jpg",600,600,false],"large":["https:\/\/www.shandongruiying.com\/wp-content\/uploads\/2026\/03\/1-8.jpg",600,600,false],"1536x1536":["https:\/\/www.shandongruiying.com\/wp-content\/uploads\/2026\/03\/1-8.jpg",600,600,false],"2048x2048":["https:\/\/www.shandongruiying.com\/wp-content\/uploads\/2026\/03\/1-8.jpg",600,600,false],"trp-custom-language-flag":["https:\/\/www.shandongruiying.com\/wp-content\/uploads\/2026\/03\/1-8-12x12.jpg",12,12,true],"woocommerce_thumbnail":["https:\/\/www.shandongruiying.com\/wp-content\/uploads\/2026\/03\/1-8-300x300.jpg",300,300,true],"woocommerce_single":["https:\/\/www.shandongruiying.com\/wp-content\/uploads\/2026\/03\/1-8.jpg",600,600,false],"woocommerce_gallery_thumbnail":["https:\/\/www.shandongruiying.com\/wp-content\/uploads\/2026\/03\/1-8-100x100.jpg",100,100,true]},"uagb_author_info":{"display_name":"Shandong Ruiying Import and Export Trading Co., Ltd.","author_link":"https:\/\/www.shandongruiying.com\/es\/author\/"},"uagb_comment_info":0,"uagb_excerpt":"Our large-diameter and thick-walled square and rectangular tubes are widely used in large-scale steel structure projects, machinery manufacturing, shipbuilding, construction, metallurgy, automotive, railway, highway, aviation, container, furniture, decoration and other industries.","_links":{"self":[{"href":"https:\/\/www.shandongruiying.com\/es\/wp-json\/wp\/v2\/product\/7383","targetHints":{"allow":["GET"]}}],"collection":[{"href":"https:\/\/www.shandongruiying.com\/es\/wp-json\/wp\/v2\/product"}],"about":[{"href":"https:\/\/www.shandongruiying.com\/es\/wp-json\/wp\/v2\/types\/product"}],"wp:featuredmedia":[{"embeddable":true,"href":"https:\/\/www.shandongruiying.com\/es\/wp-json\/wp\/v2\/media\/7389"}],"wp:attachment":[{"href":"https:\/\/www.shandongruiying.com\/es\/wp-json\/wp\/v2\/media?parent=7383"}],"wp:term":[{"taxonomy":"product_brand","embeddable":true,"href":"https:\/\/www.shandongruiying.com\/es\/wp-json\/wp\/v2\/product_brand?post=7383"},{"taxonomy":"product_cat","embeddable":true,"href":"https:\/\/www.shandongruiying.com\/es\/wp-json\/wp\/v2\/product_cat?post=7383"},{"taxonomy":"product_tag","embeddable":true,"href":"https:\/\/www.shandongruiying.com\/es\/wp-json\/wp\/v2\/product_tag?post=7383"}],"curies":[{"name":"wp","href":"https:\/\/api.w.org\/{rel}","templated":true}]}}