{"id":7377,"date":"2026-03-05T08:18:23","date_gmt":"2026-03-05T08:18:23","guid":{"rendered":"http:\/\/www.shandongruiying.com\/?post_type=product&#038;p=7377"},"modified":"2026-03-05T08:18:23","modified_gmt":"2026-03-05T08:18:23","slug":"high-frequency-straight-seam-welded-pipe%ef%bc%88erw%ef%bc%89","status":"publish","type":"product","link":"https:\/\/www.shandongruiying.com\/es\/producto\/high-frequency-straight-seam-welded-pipe%ef%bc%88erw%ef%bc%89\/","title":{"rendered":"Tubos soldados con costura recta de alta frecuencia\uff08ERW\uff09"},"content":{"rendered":"<h4><strong>Material<\/strong><\/h4>\n<p>Los materiales m\u00e1s utilizados en China suelen ser Q235A, Q235B, 0Cr13, 1Cr17, 00Cr19Ni11, 1Cr18Ni9, 0Cr18Ni11Nb, 16Mn, 20#, Q345, L245, L290, X42, X46, X70, X80, etc. Entre ellos, X42, X46, X56, X80 y otros materiales se ajustan a las normas API.<\/p>\n\n<h4><strong>Aplicaci\u00f3n<\/strong><\/h4>\n<p>Los tubos de acero con costura recta se utilizan principalmente en China para proyectos de abastecimiento de agua, industria petroqu\u00edmica, industria qu\u00edmica, industria energ\u00e9tica, riego agr\u00edcola y construcci\u00f3n urbana.<\/p>\n<p>Para el transporte de l\u00edquidos: suministro de agua, drenaje.<\/p>\n<p>Para el transporte de gas: gas, vapor, gas licuado de petr\u00f3leo.<\/p>\n<p>Para fines estructurales: se utilizan como tubos de hinca de pilotes, para puentes; para muelles, carreteras y estructuras de edificios, etc.<\/p>\n<h4><strong>Otros tubos soldados<\/strong><\/h4>\n<h6>Tubos de acero soldados<\/h6>\n<p>Tubos de acero soldados: Tambi\u00e9n conocidos como tubos soldados, se fabrican cortando tiras de acero en barras de acero estrechas y proces\u00e1ndolas en fr\u00edo con moldes para darles forma tubular. A continuaci\u00f3n, una soldadora especial suelda una costura del tubo. El cord\u00f3n de soldadura exterior se pule hasta obtener un acabado liso. Generalmente, las rebabas interiores de los tubos soldados ordinarios no se mecanizan. S\u00f3lo los tubos soldados de precisi\u00f3n tienen rebabas interiores.<\/p>\n<p>Clasificaci\u00f3n de la resistencia a la corrosi\u00f3n: Los tubos de acero soldados se refieren a tubos de acero con costuras que se forman doblando tiras o placas de acero en formas tales como c\u00edrculos o cuadrados y luego se sueldan. Seg\u00fan los diferentes m\u00e9todos de soldadura, pueden clasificarse como tubos de soldadura por arco, tubos de soldadura por resistencia de alta frecuencia o baja frecuencia, tubos de soldadura por gas, tubos de soldadura por horno y tubos Bondi. De acuerdo con la forma de la costura de soldadura, se pueden dividir en tubos de soldadura de costura recta y tubos de soldadura en espiral. Los tubos de soldadura de arco se utilizan en la perforaci\u00f3n y extracci\u00f3n de petr\u00f3leo y en las industrias de maquinaria y fabricaci\u00f3n, etc. Los tubos de soldadura de horno se pueden utilizar como tuber\u00edas de gas de agua, etc. Los tubos soldados de costura recta de gran di\u00e1metro se utilizan para el transporte de petr\u00f3leo y gas a alta presi\u00f3n, etc.; Los tubos soldados en espiral se utilizan para el transporte de petr\u00f3leo y gas, pilotes de tuber\u00edas, pilares de puentes, etc. Los tubos de acero soldados tienen menores costos y mayor eficiencia de producci\u00f3n en comparaci\u00f3n con los tubos de acero sin soldadura.<\/p>\n<h6>Tubos con costura recta<\/h6>\n<p>Se fabrican doblando chapas o flejes de acero y sold\u00e1ndolos a continuaci\u00f3n. Seg\u00fan la forma de la costura de soldadura, se dividen en tubos soldados con costura recta y tubos soldados en espiral. Seg\u00fan sus usos, se clasifican en tubos soldados generales, tubos soldados galvanizados, tubos soldados por soplado de ox\u00edgeno, tubos con manguito de alambre, tubos soldados m\u00e9tricos, tubos locos, tubos de bomba de pozo profundo, tubos de automoci\u00f3n, tubos de transformador, tubos soldados el\u00e9ctricos de pared delgada, tubos soldados el\u00e9ctricos de forma especial y tubos soldados en espiral.<\/p>\n<p>&nbsp;<\/p>","protected":false},"excerpt":{"rendered":"<p>Tubo soldado con costura recta: Los tubos fabricados soldando chapas de acero laminadas en caliente o en fr\u00edo o bobinas de fleje de acero en equipos de soldadura y obtenidos mediante soldadura de costura recta se denominan tubos soldados de costura recta. (El nombre se debe a que el punto de soldadura del tubo forma una l\u00ednea recta).<\/p>","protected":false},"featured_media":7380,"template":"","meta":{"_seopress_robots_primary_cat":"","_seopress_titles_title":"High-Frequency Straight Seam Welded Pipe: Manufacturing Process, Features and Industrial Applications","_seopress_titles_desc":"High-frequency straight seam welded pipes are manufactured by welding hot-rolled or cold-rolled steel plates and strips using high-frequency welding technology. They offer strong weld seams, high production efficiency, and reliable performance for construction, pipelines, and industrial applications.","_seopress_robots_index":"","_uag_custom_page_level_css":"","site-sidebar-layout":"default","site-content-layout":"","ast-site-content-layout":"default","site-content-style":"default","site-sidebar-style":"default","ast-global-header-display":"","ast-banner-title-visibility":"","ast-main-header-display":"","ast-hfb-above-header-display":"","ast-hfb-below-header-display":"","ast-hfb-mobile-header-display":"","site-post-title":"","ast-breadcrumbs-content":"","ast-featured-img":"","footer-sml-layout":"","theme-transparent-header-meta":"default","adv-header-id-meta":"","stick-header-meta":"default","header-above-stick-meta":"","header-main-stick-meta":"","header-below-stick-meta":"","astra-migrate-meta-layouts":"set","ast-page-background-enabled":"default","ast-page-background-meta":{"desktop":{"background-color":"","background-image":"","background-repeat":"repeat","background-position":"center center","background-size":"auto","background-attachment":"scroll","background-type":"","background-media":"","overlay-type":"","overlay-color":"","overlay-opacity":"","overlay-gradient":""},"tablet":{"background-color":"","background-image":"","background-repeat":"repeat","background-position":"center center","background-size":"auto","background-attachment":"scroll","background-type":"","background-media":"","overlay-type":"","overlay-color":"","overlay-opacity":"","overlay-gradient":""},"mobile":{"background-color":"","background-image":"","background-repeat":"repeat","background-position":"center center","background-size":"auto","background-attachment":"scroll","background-type":"","background-media":"","overlay-type":"","overlay-color":"","overlay-opacity":"","overlay-gradient":""}},"ast-content-background-meta":{"desktop":{"background-color":"var(--ast-global-color-5)","background-image":"","background-repeat":"repeat","background-position":"center center","background-size":"auto","background-attachment":"scroll","background-type":"","background-media":"","overlay-type":"","overlay-color":"","overlay-opacity":"","overlay-gradient":""},"tablet":{"background-color":"var(--ast-global-color-5)","background-image":"","background-repeat":"repeat","background-position":"center center","background-size":"auto","background-attachment":"scroll","background-type":"","background-media":"","overlay-type":"","overlay-color":"","overlay-opacity":"","overlay-gradient":""},"mobile":{"background-color":"var(--ast-global-color-5)","background-image":"","background-repeat":"repeat","background-position":"center center","background-size":"auto","background-attachment":"scroll","background-type":"","background-media":"","overlay-type":"","overlay-color":"","overlay-opacity":"","overlay-gradient":""}}},"product_brand":[],"product_cat":[100],"product_tag":[],"class_list":{"0":"post-7377","1":"product","2":"type-product","3":"status-publish","4":"has-post-thumbnail","6":"product_cat-welded-pipe","7":"desktop-align-left","8":"tablet-align-left","9":"mobile-align-left","10":"ast-product-gallery-layout-horizontal-slider","11":"ast-product-tabs-layout-horizontal","13":"first","14":"instock","15":"shipping-taxable","16":"product-type-simple"},"uagb_featured_image_src":{"full":["https:\/\/www.shandongruiying.com\/wp-content\/uploads\/2026\/03\/1-7.jpg",600,600,false],"thumbnail":["https:\/\/www.shandongruiying.com\/wp-content\/uploads\/2026\/03\/1-7-150x150.jpg",150,150,true],"medium":["https:\/\/www.shandongruiying.com\/wp-content\/uploads\/2026\/03\/1-7-300x300.jpg",300,300,true],"medium_large":["https:\/\/www.shandongruiying.com\/wp-content\/uploads\/2026\/03\/1-7.jpg",600,600,false],"large":["https:\/\/www.shandongruiying.com\/wp-content\/uploads\/2026\/03\/1-7.jpg",600,600,false],"1536x1536":["https:\/\/www.shandongruiying.com\/wp-content\/uploads\/2026\/03\/1-7.jpg",600,600,false],"2048x2048":["https:\/\/www.shandongruiying.com\/wp-content\/uploads\/2026\/03\/1-7.jpg",600,600,false],"trp-custom-language-flag":["https:\/\/www.shandongruiying.com\/wp-content\/uploads\/2026\/03\/1-7-12x12.jpg",12,12,true],"woocommerce_thumbnail":["https:\/\/www.shandongruiying.com\/wp-content\/uploads\/2026\/03\/1-7-300x300.jpg",300,300,true],"woocommerce_single":["https:\/\/www.shandongruiying.com\/wp-content\/uploads\/2026\/03\/1-7.jpg",600,600,false],"woocommerce_gallery_thumbnail":["https:\/\/www.shandongruiying.com\/wp-content\/uploads\/2026\/03\/1-7-100x100.jpg",100,100,true]},"uagb_author_info":{"display_name":"Shandong Ruiying Import and Export Trading Co., Ltd.","author_link":"https:\/\/www.shandongruiying.com\/es\/author\/"},"uagb_comment_info":0,"uagb_excerpt":"Straight seam welded pipe: Pipes made by welding hot-rolled or cold-rolled steel plates or steel strip coils on welding equipment and obtained through straight seam welding are all called straight seam welded pipes. (The name is given because the welding point of the pipe forms a straight line.)","_links":{"self":[{"href":"https:\/\/www.shandongruiying.com\/es\/wp-json\/wp\/v2\/product\/7377","targetHints":{"allow":["GET"]}}],"collection":[{"href":"https:\/\/www.shandongruiying.com\/es\/wp-json\/wp\/v2\/product"}],"about":[{"href":"https:\/\/www.shandongruiying.com\/es\/wp-json\/wp\/v2\/types\/product"}],"wp:featuredmedia":[{"embeddable":true,"href":"https:\/\/www.shandongruiying.com\/es\/wp-json\/wp\/v2\/media\/7380"}],"wp:attachment":[{"href":"https:\/\/www.shandongruiying.com\/es\/wp-json\/wp\/v2\/media?parent=7377"}],"wp:term":[{"taxonomy":"product_brand","embeddable":true,"href":"https:\/\/www.shandongruiying.com\/es\/wp-json\/wp\/v2\/product_brand?post=7377"},{"taxonomy":"product_cat","embeddable":true,"href":"https:\/\/www.shandongruiying.com\/es\/wp-json\/wp\/v2\/product_cat?post=7377"},{"taxonomy":"product_tag","embeddable":true,"href":"https:\/\/www.shandongruiying.com\/es\/wp-json\/wp\/v2\/product_tag?post=7377"}],"curies":[{"name":"wp","href":"https:\/\/api.w.org\/{rel}","templated":true}]}}