{"id":7365,"date":"2026-03-05T07:56:55","date_gmt":"2026-03-05T07:56:55","guid":{"rendered":"http:\/\/www.shandongruiying.com\/?post_type=product&#038;p=7365"},"modified":"2026-03-05T07:56:55","modified_gmt":"2026-03-05T07:56:55","slug":"hot-dip-galvanized-coil","status":"publish","type":"product","link":"https:\/\/www.shandongruiying.com\/es\/producto\/hot-dip-galvanized-coil\/","title":{"rendered":"Bobina galvanizada en caliente"},"content":{"rendered":"<p>La galvanizaci\u00f3n en caliente es un proceso en el que el metal fundido reacciona con el sustrato de hierro para formar una capa de aleaci\u00f3n, combinando as\u00ed el sustrato y el revestimiento. En el proceso de galvanizado en caliente, las piezas de acero se decapan primero para eliminar el \u00f3xido de hierro superficial. Tras el decapado, se limpian en una soluci\u00f3n de cloruro de amonio o cloruro de zinc o una soluci\u00f3n mixta de cloruro de amonio y cloruro de zinc, y luego se env\u00edan al ba\u00f1o de galvanizaci\u00f3n en caliente. El galvanizado en caliente tiene las ventajas de un revestimiento uniforme, una fuerte adherencia y una larga vida \u00fatil.<\/p>\n\n<p>El galvanizado en caliente es uno de los medios eficaces para retrasar la corrosi\u00f3n ambiental de los materiales de acero. Consiste en sumergir los productos de acero que han sido limpiados y activados en la superficie en l\u00edquido de zinc fundido, donde se forma un revestimiento de aleaci\u00f3n de zinc bien adherido en la superficie de los productos de acero a trav\u00e9s de la reacci\u00f3n y difusi\u00f3n entre el hierro y el zinc. En comparaci\u00f3n con otros m\u00e9todos de protecci\u00f3n de metales, el proceso de galvanizado en caliente presenta ventajas en las caracter\u00edsticas protectoras combinadas de la barrera f\u00edsica y la protecci\u00f3n electroqu\u00edmica del revestimiento, la fuerza de uni\u00f3n entre el revestimiento y el sustrato, la densidad, la durabilidad, la ausencia de mantenimiento, la econom\u00eda del revestimiento y su adaptabilidad a la forma y el tama\u00f1o de los productos. En la actualidad, los productos galvanizados en caliente incluyen principalmente chapas de acero, flejes de acero, alambres de acero, tubos de acero, etc., entre los que las chapas de acero galvanizadas en caliente representan una gran proporci\u00f3n.<\/p>\n\n<p><strong>El proceso de producci\u00f3n del galvanizado en caliente es el siguiente:<\/strong><\/p>\n<p>Material base \u2192 Desengrasado \u2192 Lavado con agua \u2192 Decapado \u2192 Lavado con agua \u2192 Aclarado \u2192 Soluci\u00f3n fundente \u2192 Secado \u2192 Galvanizado en caliente \u2192 Enfriado \u2192 Inspecci\u00f3n \u2192 Embalaje.<\/p>\n<h4>\u00c1mbito de aplicaci\u00f3n<\/h4>\n<p>Desde hace mucho tiempo, la tecnolog\u00eda de galvanizaci\u00f3n en caliente goza del favor de la gente por su bajo coste de revestimiento, sus excelentes propiedades protectoras y su atractivo aspecto. Se utiliza ampliamente en campos como la automoci\u00f3n, la construcci\u00f3n, los electrodom\u00e9sticos, los productos qu\u00edmicos, la maquinaria, el petr\u00f3leo, la metalurgia, la industria ligera, el transporte, la energ\u00eda, la aviaci\u00f3n y la ingenier\u00eda naval.<\/p>\n<h5><strong><b>Par\u00e1metros del producto<\/b><\/strong><\/h5>\n<table>\n<tbody>\n<tr>\n<td><strong><b>nombre del producto<\/b><\/strong><\/td>\n<td width=\"447\">Bobina galvanizada en caliente<\/td>\n<\/tr>\n<tr>\n<td>Espesor<\/td>\n<td width=\"447\">0,12 mm-3,5 mm<\/td>\n<\/tr>\n<tr>\n<td>Anchura<\/td>\n<td width=\"447\">600mm-1500mm<\/td>\n<\/tr>\n<tr>\n<td>Longitud<\/td>\n<td width=\"447\">508mm\/610mm\uff0cPersonalizable<\/td>\n<\/tr>\n<tr>\n<td>Est\u00e1ndar<\/td>\n<td width=\"447\">AISI,ASTM,DIN,JIS,GB,JIS,SUS,EN<\/td>\n<\/tr>\n<tr>\n<td>- recubrimiento de zinc<\/td>\n<td width=\"447\">Galvanizado en caliente\uff1a60-275g\/m\u00b2.<\/td>\n<\/tr>\n<tr>\n<td width=\"119\">&nbsp;<\/td>\n<td width=\"447\">Galvanizado en caliente\uff1a80-275g\/m\u00b2.<\/td>\n<\/tr>\n<\/tbody>\n<\/table>\n<h5>\u00a0Selecci\u00f3n de superficie galvanizada<\/h5>\n<table>\n<tbody>\n<tr>\n<td>\u00c1ngulo cero<\/td>\n<td>Galvanized Spangle<\/td>\n<td>\u00c1ngulo normal<\/td>\n<td width=\"133\">Flor grande de zinc<\/td>\n<\/tr>\n<tr>\n<td width=\"133\"><img alt=\"\" fetchpriority=\"high\" decoding=\"async\" class=\"alignnone size-full wp-image-7368\" src=\"http:\/\/www.shandongruiying.com\/wp-content\/uploads\/2026\/03\/WPS\u56fe\u72471-3.png\" width=\"370\" height=\"269\" srcset=\"https:\/\/www.shandongruiying.com\/wp-content\/uploads\/2026\/03\/WPS\u56fe\u72471-3.png 370w, https:\/\/www.shandongruiying.com\/wp-content\/uploads\/2026\/03\/WPS\u56fe\u72471-3-300x218.png 300w, https:\/\/www.shandongruiying.com\/wp-content\/uploads\/2026\/03\/WPS\u56fe\u72471-3-18x12.png 18w\" sizes=\"(max-width: 370px) 100vw, 370px\" \/><\/td>\n<td width=\"133\"><img alt=\"\" decoding=\"async\" class=\"alignnone size-full wp-image-7369\" src=\"http:\/\/www.shandongruiying.com\/wp-content\/uploads\/2026\/03\/WPS\u56fe\u72472-2.png\" width=\"358\" height=\"261\" srcset=\"https:\/\/www.shandongruiying.com\/wp-content\/uploads\/2026\/03\/WPS\u56fe\u72472-2.png 358w, https:\/\/www.shandongruiying.com\/wp-content\/uploads\/2026\/03\/WPS\u56fe\u72472-2-300x219.png 300w, https:\/\/www.shandongruiying.com\/wp-content\/uploads\/2026\/03\/WPS\u56fe\u72472-2-16x12.png 16w\" sizes=\"(max-width: 358px) 100vw, 358px\" \/><\/td>\n<td width=\"167\"><img alt=\"\" decoding=\"async\" class=\"alignnone wp-image-7370\" src=\"http:\/\/www.shandongruiying.com\/wp-content\/uploads\/2026\/03\/WPS\u56fe\u72473.png\" width=\"358\" height=\"257\" srcset=\"https:\/\/www.shandongruiying.com\/wp-content\/uploads\/2026\/03\/WPS\u56fe\u72473.png 366w, https:\/\/www.shandongruiying.com\/wp-content\/uploads\/2026\/03\/WPS\u56fe\u72473-300x216.png 300w, https:\/\/www.shandongruiying.com\/wp-content\/uploads\/2026\/03\/WPS\u56fe\u72473-18x12.png 18w\" sizes=\"(max-width: 358px) 100vw, 358px\" \/><\/td>\n<td width=\"133\"><img alt=\"\" loading=\"lazy\" decoding=\"async\" class=\"alignnone size-full wp-image-7371\" src=\"http:\/\/www.shandongruiying.com\/wp-content\/uploads\/2026\/03\/WPS\u56fe\u72474.png\" width=\"370\" height=\"261\" srcset=\"https:\/\/www.shandongruiying.com\/wp-content\/uploads\/2026\/03\/WPS\u56fe\u72474.png 370w, https:\/\/www.shandongruiying.com\/wp-content\/uploads\/2026\/03\/WPS\u56fe\u72474-300x212.png 300w, https:\/\/www.shandongruiying.com\/wp-content\/uploads\/2026\/03\/WPS\u56fe\u72474-18x12.png 18w\" sizes=\"(max-width: 370px) 100vw, 370px\" \/><\/td>\n<\/tr>\n<\/tbody>\n<\/table>\n<table>\n<tbody>\n<tr>\n<td><strong>entorno de servicios<\/strong><\/td>\n<td width=\"414\"><strong>Espesor recomendado del revestimiento de zinc<\/strong><\/td>\n<\/tr>\n<tr>\n<td>Uso en interiores<\/td>\n<td width=\"414\">Z10 o Z12 (100 g\/\u33a1o 120 g\/\u33a1)<\/td>\n<\/tr>\n<tr>\n<td>Suburbios<\/td>\n<td width=\"414\">Z20 y pintado (200g\/\u33a1)<\/td>\n<\/tr>\n<tr>\n<td>Ciudad o zona industrial<\/td>\n<td width=\"414\">Z27\uff08270g\/\u33a1) o G90\uff08American Standard\uff09y pintado<\/td>\n<\/tr>\n<tr>\n<td>Zonas costeras<\/td>\n<td width=\"414\">M\u00e1s grueso que el Z27 (270 g\/m\u00b2) o el G90 (norma americana\uff09y pintado<\/td>\n<\/tr>\n<tr>\n<td width=\"153\">Aplicaci\u00f3n de estampaci\u00f3n o embutici\u00f3n profunda<\/td>\n<td width=\"414\">M\u00e1s fino que el Z27 (270 g\/m\u00b2) o el G90 (norma estadounidense) para evitar que el revestimiento se despegue tras el estampado<\/td>\n<\/tr>\n<\/tbody>\n<\/table>\n<table>\n<tbody>\n<tr>\n<td width=\"191\"><strong>Tipo de tratamiento superficial<\/strong><\/td>\n<td width=\"55\"><strong>C\u00f3digo<\/strong><\/td>\n<td width=\"320\"><strong>Caracter\u00edstica<\/strong><\/td>\n<\/tr>\n<tr>\n<td width=\"191\">Tratamiento con \u00e1cido cr\u00f3mico<\/td>\n<td width=\"55\">C<\/td>\n<td width=\"320\">Excelente resistencia a la corrosi\u00f3n<\/td>\n<\/tr>\n<tr>\n<td width=\"191\">tratamiento con \u00e1cido cr\u00f3mico + revestimiento de aceite<\/td>\n<td width=\"55\">S<\/td>\n<td width=\"320\">Buena resistencia a la corrosi\u00f3n<\/td>\n<\/tr>\n<tr>\n<td width=\"191\">Tratamiento con \u00e1cido fosf\u00f3rico (incluido el tratamiento de sellado de poros)<\/td>\n<td width=\"55\">P<\/td>\n<td width=\"320\">Demuestra cierta resistencia a la corrosi\u00f3n con un excelente rendimiento de la pintura<\/td>\n<\/tr>\n<tr>\n<td width=\"191\">Tratamiento con \u00e1cido fosf\u00f3rico (incluido el tratamiento de sellado de poros) + revestimiento de aceite<\/td>\n<td width=\"55\">Q<\/td>\n<td width=\"320\">Posee cierta resistencia a la corrosi\u00f3n y muestra un excelente rendimiento de la pintura, evitando la formaci\u00f3n de \u00f3xido durante el transporte y el almacenamiento.<\/td>\n<\/tr>\n<tr>\n<td width=\"191\">Tratamiento con \u00e1cido fosf\u00f3rico (excluido el tratamiento de sellado)<\/td>\n<td width=\"55\">T<\/td>\n<td width=\"320\">Demuestra cierta resistencia a la corrosi\u00f3n con un excelente rendimiento de la pintura<\/td>\n<\/tr>\n<tr>\n<td width=\"191\">Tratamiento con \u00e1cido fosf\u00f3rico (excluido el tratamiento de sellado) + revestimiento de aceite<\/td>\n<td width=\"55\">V<\/td>\n<td width=\"320\">Posee cierta resistencia a la corrosi\u00f3n, presenta un excelente rendimiento de pintura y evita la formaci\u00f3n de \u00f3xido.<\/td>\n<\/tr>\n<tr>\n<td width=\"191\">Engrase<\/td>\n<td width=\"55\">O<\/td>\n<td width=\"320\">Evitan la oxidaci\u00f3n durante el transporte y el almacenamiento<\/td>\n<\/tr>\n<tr>\n<td width=\"191\">Sin tratamiento<\/td>\n<td width=\"55\">M<\/td>\n<td width=\"320\">Ideal para pintar inmediatamente<\/td>\n<\/tr>\n<\/tbody>\n<\/table>","protected":false},"excerpt":{"rendered":"<p><strong>Grosor:<\/strong>0,12 mm-3,5 mm<br \/>\n<strong>Anchura:<\/strong>600mm-1500mm<br \/>\n<strong>Longitud:<\/strong>508mm\/610mm\uff0cPersonalizable<br \/>\n<strong>Est\u00e1ndar:<\/strong>AISI,ASTM,DIN,JIS,GB,JIS,SUS,EN<br \/>\n<strong>recubrimiento de zinc:<\/strong>Galvanizado en caliente\uff1a80-275g\/m\u00b2.<\/p>","protected":false},"featured_media":7372,"template":"","meta":{"_seopress_robots_primary_cat":"","_seopress_titles_title":"Hot-Dip Galvanized Coil: Manufacturing Process, Corrosion Protection and Industrial Applications","_seopress_titles_desc":"Hot-dip galvanized coil is produced by coating steel with molten zinc to create a durable zinc-iron alloy layer. It offers excellent corrosion resistance, strong adhesion, and long service life, making it ideal for construction, automotive, and industrial applications.","_seopress_robots_index":"","_uag_custom_page_level_css":"","site-sidebar-layout":"default","site-content-layout":"","ast-site-content-layout":"default","site-content-style":"default","site-sidebar-style":"default","ast-global-header-display":"","ast-banner-title-visibility":"","ast-main-header-display":"","ast-hfb-above-header-display":"","ast-hfb-below-header-display":"","ast-hfb-mobile-header-display":"","site-post-title":"","ast-breadcrumbs-content":"","ast-featured-img":"","footer-sml-layout":"","theme-transparent-header-meta":"default","adv-header-id-meta":"","stick-header-meta":"default","header-above-stick-meta":"","header-main-stick-meta":"","header-below-stick-meta":"","astra-migrate-meta-layouts":"set","ast-page-background-enabled":"default","ast-page-background-meta":{"desktop":{"background-color":"","background-image":"","background-repeat":"repeat","background-position":"center center","background-size":"auto","background-attachment":"scroll","background-type":"","background-media":"","overlay-type":"","overlay-color":"","overlay-opacity":"","overlay-gradient":""},"tablet":{"background-color":"","background-image":"","background-repeat":"repeat","background-position":"center center","background-size":"auto","background-attachment":"scroll","background-type":"","background-media":"","overlay-type":"","overlay-color":"","overlay-opacity":"","overlay-gradient":""},"mobile":{"background-color":"","background-image":"","background-repeat":"repeat","background-position":"center center","background-size":"auto","background-attachment":"scroll","background-type":"","background-media":"","overlay-type":"","overlay-color":"","overlay-opacity":"","overlay-gradient":""}},"ast-content-background-meta":{"desktop":{"background-color":"var(--ast-global-color-5)","background-image":"","background-repeat":"repeat","background-position":"center center","background-size":"auto","background-attachment":"scroll","background-type":"","background-media":"","overlay-type":"","overlay-color":"","overlay-opacity":"","overlay-gradient":""},"tablet":{"background-color":"var(--ast-global-color-5)","background-image":"","background-repeat":"repeat","background-position":"center center","background-size":"auto","background-attachment":"scroll","background-type":"","background-media":"","overlay-type":"","overlay-color":"","overlay-opacity":"","overlay-gradient":""},"mobile":{"background-color":"var(--ast-global-color-5)","background-image":"","background-repeat":"repeat","background-position":"center center","background-size":"auto","background-attachment":"scroll","background-type":"","background-media":"","overlay-type":"","overlay-color":"","overlay-opacity":"","overlay-gradient":""}}},"product_brand":[],"product_cat":[111],"product_tag":[],"class_list":{"0":"post-7365","1":"product","2":"type-product","3":"status-publish","4":"has-post-thumbnail","6":"product_cat-galvanized-coil","7":"desktop-align-left","8":"tablet-align-left","9":"mobile-align-left","10":"ast-product-gallery-layout-horizontal-slider","11":"ast-product-tabs-layout-horizontal","13":"first","14":"instock","15":"shipping-taxable","16":"product-type-simple"},"uagb_featured_image_src":{"full":["https:\/\/www.shandongruiying.com\/wp-content\/uploads\/2026\/03\/3-1.jpg",600,600,false],"thumbnail":["https:\/\/www.shandongruiying.com\/wp-content\/uploads\/2026\/03\/3-1-150x150.jpg",150,150,true],"medium":["https:\/\/www.shandongruiying.com\/wp-content\/uploads\/2026\/03\/3-1-300x300.jpg",300,300,true],"medium_large":["https:\/\/www.shandongruiying.com\/wp-content\/uploads\/2026\/03\/3-1.jpg",600,600,false],"large":["https:\/\/www.shandongruiying.com\/wp-content\/uploads\/2026\/03\/3-1.jpg",600,600,false],"1536x1536":["https:\/\/www.shandongruiying.com\/wp-content\/uploads\/2026\/03\/3-1.jpg",600,600,false],"2048x2048":["https:\/\/www.shandongruiying.com\/wp-content\/uploads\/2026\/03\/3-1.jpg",600,600,false],"trp-custom-language-flag":["https:\/\/www.shandongruiying.com\/wp-content\/uploads\/2026\/03\/3-1-12x12.jpg",12,12,true],"woocommerce_thumbnail":["https:\/\/www.shandongruiying.com\/wp-content\/uploads\/2026\/03\/3-1-300x300.jpg",300,300,true],"woocommerce_single":["https:\/\/www.shandongruiying.com\/wp-content\/uploads\/2026\/03\/3-1.jpg",600,600,false],"woocommerce_gallery_thumbnail":["https:\/\/www.shandongruiying.com\/wp-content\/uploads\/2026\/03\/3-1-100x100.jpg",100,100,true]},"uagb_author_info":{"display_name":"Shandong Ruiying Import and Export Trading Co., Ltd.","author_link":"https:\/\/www.shandongruiying.com\/es\/author\/"},"uagb_comment_info":0,"uagb_excerpt":"Thickness:0.12mm-3.5mm Width:600mm-1500mm Length:508mm\/610mm\uff0cCustomizable Standard:AISI,ASTM,DIN,JIS,GB,JIS,SUS,EN zinc coating:Hot-dip galvanizing\uff1a80-275g\/m\u00b2","_links":{"self":[{"href":"https:\/\/www.shandongruiying.com\/es\/wp-json\/wp\/v2\/product\/7365","targetHints":{"allow":["GET"]}}],"collection":[{"href":"https:\/\/www.shandongruiying.com\/es\/wp-json\/wp\/v2\/product"}],"about":[{"href":"https:\/\/www.shandongruiying.com\/es\/wp-json\/wp\/v2\/types\/product"}],"wp:featuredmedia":[{"embeddable":true,"href":"https:\/\/www.shandongruiying.com\/es\/wp-json\/wp\/v2\/media\/7372"}],"wp:attachment":[{"href":"https:\/\/www.shandongruiying.com\/es\/wp-json\/wp\/v2\/media?parent=7365"}],"wp:term":[{"taxonomy":"product_brand","embeddable":true,"href":"https:\/\/www.shandongruiying.com\/es\/wp-json\/wp\/v2\/product_brand?post=7365"},{"taxonomy":"product_cat","embeddable":true,"href":"https:\/\/www.shandongruiying.com\/es\/wp-json\/wp\/v2\/product_cat?post=7365"},{"taxonomy":"product_tag","embeddable":true,"href":"https:\/\/www.shandongruiying.com\/es\/wp-json\/wp\/v2\/product_tag?post=7365"}],"curies":[{"name":"wp","href":"https:\/\/api.w.org\/{rel}","templated":true}]}}