{"id":7346,"date":"2026-03-03T08:51:55","date_gmt":"2026-03-03T08:51:55","guid":{"rendered":"http:\/\/www.shandongruiying.com\/?post_type=product&#038;p=7346"},"modified":"2026-03-03T08:51:55","modified_gmt":"2026-03-03T08:51:55","slug":"color-coated-coil","status":"publish","type":"product","link":"https:\/\/www.shandongruiying.com\/es\/producto\/color-coated-coil\/","title":{"rendered":"Bobina recubierta de color"},"content":{"rendered":"<p>El material de chapa PPGI es un tipo de material muy popular. Se fabrica a partir de acero galvanizado en caliente o acero electrogalvanizado (capa galvanizada) como material de base, y se recubre con m\u00faltiples capas de revestimientos org\u00e1nicos para evitar la oxidaci\u00f3n. Se utiliza para paneles de tejado, paneles de pared, muebles, electrodom\u00e9sticos, piezas de autom\u00f3vil, etc. Conserva la resistencia del acero galvanizado, mientras que sus revestimientos org\u00e1nicos ofrecen una gran variedad de colores y un aspecto atractivo.<\/p>\n\n<h3>Par\u00e1metros del producto<\/h3>\n<table>\n<tbody>\n<tr>\n<td width=\"332\">Nombre del producto<\/td>\n<td width=\"1000\">PPGI<\/td>\n<\/tr>\n<tr>\n<td width=\"332\">Espesor<\/td>\n<td width=\"1000\">0,13 mm-0,8 mm<\/td>\n<\/tr>\n<tr>\n<td width=\"332\">Anchura<\/td>\n<td width=\"1000\">600mm-1250mm<\/td>\n<\/tr>\n<tr>\n<td width=\"332\">Longitud<\/td>\n<td width=\"1000\">Admite personalizaci\u00f3n<\/td>\n<\/tr>\n<tr>\n<td width=\"332\">Color<\/td>\n<td width=\"1000\">Utilice la carta de colores RAL (patrones personalizados disponibles)<\/td>\n<\/tr>\n<tr>\n<td width=\"332\">Recubierto<\/td>\n<td width=\"1000\">PE \/ SMP \/ HDP \/ PVDF<\/td>\n<\/tr>\n<tr>\n<td width=\"332\">Imprimaci\u00f3n<\/td>\n<td width=\"1000\">Imprimaci\u00f3n epoxi \/ Imprimaci\u00f3n poli\u00e9ster \/ Imprimaci\u00f3n acr\u00edlica hidrosoluble \/ Imprimaci\u00f3n poliuretano<\/td>\n<\/tr>\n<tr>\n<td width=\"332\">Espesor del revestimiento<\/td>\n<td width=\"1000\">Capa superior\uff1a10-30mic \/ Capa posterior\uff1a5-25mic<\/td>\n<\/tr>\n<\/tbody>\n<\/table>\n<h3><strong><b>Acero galvanizado en caliente PPGI<\/b><\/strong><\/h3>\n<p>El principal sustrato utilizado es la chapa de acero galvanizada en caliente. Debido a la protecci\u00f3n que proporcionan la capa de zinc y el revestimiento org\u00e1nico, su vida \u00fatil es mayor que la de la chapa de acero galvanizada en caliente. El espesor recomendado de la capa de zinc es de 275 gramos por metro cuadrado.<\/p>\n<h3><strong><b>Acero galvanizado PPGI<\/b><\/strong><\/h3>\n<p>Como material de base se utilizan chapas de acero galvanizado. Debido al fino recubrimiento de zinc de las chapas de acero galvanizado, normalmente de 20 g\/\u33a1, su resistencia a la corrosi\u00f3n es inferior a la de las chapas de acero galvanizado en caliente. Por lo tanto, este producto no es adecuado para paredes y tejados exteriores. Sin embargo, presenta un aspecto atractivo y una excelente capacidad de procesamiento, por lo que se utiliza principalmente en electrodom\u00e9sticos, muebles de acero y decoraci\u00f3n de interiores.<\/p>\n<h4><strong><b>selecci\u00f3n de color<\/b><\/strong><\/h4>\n<p>Ofrecemos m\u00faltiples colores para elegir. Estas son las opciones m\u00e1s comunes. Si prefiere otros colores o dise\u00f1os, env\u00edenos su c\u00f3digo de color RAL.<\/p>\n<p><img alt=\"\" fetchpriority=\"high\" decoding=\"async\" class=\"alignnone wp-image-7349\" src=\"http:\/\/www.shandongruiying.com\/wp-content\/uploads\/2026\/03\/WPS\u56fe\u72471-1.png\" width=\"1000\" height=\"299\" srcset=\"https:\/\/www.shandongruiying.com\/wp-content\/uploads\/2026\/03\/WPS\u56fe\u72471-1.png 1560w, https:\/\/www.shandongruiying.com\/wp-content\/uploads\/2026\/03\/WPS\u56fe\u72471-1-300x90.png 300w, https:\/\/www.shandongruiying.com\/wp-content\/uploads\/2026\/03\/WPS\u56fe\u72471-1-1024x306.png 1024w, https:\/\/www.shandongruiying.com\/wp-content\/uploads\/2026\/03\/WPS\u56fe\u72471-1-768x229.png 768w, https:\/\/www.shandongruiying.com\/wp-content\/uploads\/2026\/03\/WPS\u56fe\u72471-1-1536x459.png 1536w, https:\/\/www.shandongruiying.com\/wp-content\/uploads\/2026\/03\/WPS\u56fe\u72471-1-18x5.png 18w, https:\/\/www.shandongruiying.com\/wp-content\/uploads\/2026\/03\/WPS\u56fe\u72471-1-600x179.png 600w\" sizes=\"(max-width: 1000px) 100vw, 1000px\" \/><\/p>\n<h4><strong><b>Tratamiento de superficies<\/b><\/strong><\/h4>\n<p><strong>Revestimiento<\/strong><\/p>\n<p>Este proceso consiste en aplicar una fina capa de pel\u00edcula org\u00e1nica transparente (30-50 micras) sobre la bobina de acero a altas temperaturas. Posee varias propiedades \u00fanicas, como resistencia al fuego, resistencia a las huellas dactilares, excelente durabilidad y resistencia a las manchas, entre otras. Evidentemente, este m\u00e9todo de tratamiento puede proteger eficazmente la bobina de acero durante su almacenamiento y transporte.<\/p>\n<p><strong>Estampaci\u00f3n<\/strong><\/p>\n<p>Las bobinas de acero PPGI estampadas est\u00e1n dise\u00f1adas con diversos patrones. Los patrones m\u00e1s populares incluyen estuco, diamantes, etc. Adem\u00e1s, es personalizable. En comparaci\u00f3n con las bobinas de acero lisas, tiene un v\u00edvido efecto 3D.<\/p>\n<h4><strong><b>Tipos de revestimiento<\/b><\/strong><\/h4>\n<p>En los revestimientos de acero en bobina, los componentes que contribuyen a la durabilidad son las resinas y los pigmentos. Las capas de acabado m\u00e1s utilizadas son el poli\u00e9ster, el poli\u00e9ster modificado con silicona, el poli\u00e9ster de alta durabilidad, el fluoruro de polivinilideno, etc.<\/p>\n<h5><strong><b>Poli\u00e9ster PE<\/b><\/strong><\/h5>\n<p>Buena adherencia, colores vivos, amplia gama de rendimiento de moldeo y durabilidad en exteriores, resistencia qu\u00edmica media y bajo coste.<\/p>\n<h5>Poli\u00e9ster modificado con silicona SMP<\/h5>\n<p>Buena dureza, resistencia al desgaste y resistencia al calor de la pel\u00edcula de revestimiento; excelente durabilidad externa, propiedad antihielo, retenci\u00f3n del brillo, flexibilidad media, coste medio.<\/p>\n<h5>Poli\u00e9ster de alta durabilidad HDP<\/h5>\n<p>Excelente retenci\u00f3n del color y resistencia a los rayos UV, excelente durabilidad en exteriores y propiedad antiescarcha, buena adherencia del revestimiento, colores vivos, excelente relaci\u00f3n coste-rendimiento.<\/p>\n<h5>Fluoruro de polivinilideno (PVDF)<\/h5>\n<p>Excelente retenci\u00f3n del color y resistencia a los rayos UV, excelente durabilidad en exteriores y propiedades antihielo, excelente resistencia a los disolventes, buenas propiedades de moldeo, propiedades antimanchas, gama de colores limitada, coste elevado.<\/p>\n<p><img alt=\"\" decoding=\"async\" class=\"alignnone size-full wp-image-7352\" src=\"http:\/\/www.shandongruiying.com\/wp-content\/uploads\/2026\/03\/WPS\u56fe\u72472-1.png\" width=\"1067\" height=\"499\" srcset=\"https:\/\/www.shandongruiying.com\/wp-content\/uploads\/2026\/03\/WPS\u56fe\u72472-1.png 1067w, https:\/\/www.shandongruiying.com\/wp-content\/uploads\/2026\/03\/WPS\u56fe\u72472-1-300x140.png 300w, https:\/\/www.shandongruiying.com\/wp-content\/uploads\/2026\/03\/WPS\u56fe\u72472-1-1024x479.png 1024w, https:\/\/www.shandongruiying.com\/wp-content\/uploads\/2026\/03\/WPS\u56fe\u72472-1-768x359.png 768w, https:\/\/www.shandongruiying.com\/wp-content\/uploads\/2026\/03\/WPS\u56fe\u72472-1-18x8.png 18w, https:\/\/www.shandongruiying.com\/wp-content\/uploads\/2026\/03\/WPS\u56fe\u72472-1-600x281.png 600w\" sizes=\"(max-width: 1067px) 100vw, 1067px\" \/><\/p>\n<h3><strong><b>\u00c1mbito de aplicaci\u00f3n:<\/b><\/strong><\/h3>\n<p>Industria de la construcci\u00f3n: como tejados, paneles de paredes interiores y exteriores, paneles de balcones, techos, tabiques, ventanas, paneles de puertas, etc.<\/p>\n<p>Transporte: por ejemplo, paneles decorativos de autom\u00f3viles, cubiertas de coches o barcos, contenedores, etc.<\/p>\n<p>Electrodom\u00e9sticos: se utilizan principalmente para fabricar frigor\u00edficos, lavadoras, aparatos de aire acondicionado, etc. La calidad de las bobinas de PPGI utilizadas en electrodom\u00e9sticos es la mejor y los requisitos de producci\u00f3n son los m\u00e1s exigentes.<\/p>\n<p>Muebles: como armarios, armarios de almacenaje, radiadores, pantallas de l\u00e1mparas, mesas, camas, librer\u00edas, estanter\u00edas, etc.<\/p>\n<p>Otras industrias: como persianas enrollables, vallas publicitarias, se\u00f1ales de tr\u00e1fico, ascensores, pizarras blancas, etc., ETC.<\/p>","protected":false},"excerpt":{"rendered":"<p>El material de chapa PPGI es un tipo de material muy popular. Se fabrica a partir de acero galvanizado en caliente o acero electrogalvanizado (capa galvanizada) como material de base, y se recubre con m\u00faltiples capas de revestimientos org\u00e1nicos para evitar la oxidaci\u00f3n. Se utiliza para paneles de tejado, paneles de pared, muebles, electrodom\u00e9sticos, piezas de autom\u00f3vil, etc. Conserva la resistencia del acero galvanizado, mientras que sus revestimientos org\u00e1nicos ofrecen una gran variedad de colores y un aspecto atractivo.<\/p>","protected":false},"featured_media":7350,"template":"","meta":{"_seopress_robots_primary_cat":"","_seopress_titles_title":"PPGI Sheet Material | Pre-Painted Galvanized Steel for Roof, Wall, and Industrial Use","_seopress_titles_desc":"PPGI sheet is a pre-painted galvanized steel material with organic coatings to prevent rust and provide a variety of colors. Widely used in roofing, wall panels, furniture, household appliances, and automotive parts, it combines strength and aesthetic appeal.","_seopress_robots_index":"","_uag_custom_page_level_css":"","site-sidebar-layout":"default","site-content-layout":"","ast-site-content-layout":"default","site-content-style":"default","site-sidebar-style":"default","ast-global-header-display":"","ast-banner-title-visibility":"","ast-main-header-display":"","ast-hfb-above-header-display":"","ast-hfb-below-header-display":"","ast-hfb-mobile-header-display":"","site-post-title":"","ast-breadcrumbs-content":"","ast-featured-img":"","footer-sml-layout":"","theme-transparent-header-meta":"default","adv-header-id-meta":"","stick-header-meta":"default","header-above-stick-meta":"","header-main-stick-meta":"","header-below-stick-meta":"","astra-migrate-meta-layouts":"set","ast-page-background-enabled":"default","ast-page-background-meta":{"desktop":{"background-color":"","background-image":"","background-repeat":"repeat","background-position":"center center","background-size":"auto","background-attachment":"scroll","background-type":"","background-media":"","overlay-type":"","overlay-color":"","overlay-opacity":"","overlay-gradient":""},"tablet":{"background-color":"","background-image":"","background-repeat":"repeat","background-position":"center center","background-size":"auto","background-attachment":"scroll","background-type":"","background-media":"","overlay-type":"","overlay-color":"","overlay-opacity":"","overlay-gradient":""},"mobile":{"background-color":"","background-image":"","background-repeat":"repeat","background-position":"center center","background-size":"auto","background-attachment":"scroll","background-type":"","background-media":"","overlay-type":"","overlay-color":"","overlay-opacity":"","overlay-gradient":""}},"ast-content-background-meta":{"desktop":{"background-color":"var(--ast-global-color-5)","background-image":"","background-repeat":"repeat","background-position":"center center","background-size":"auto","background-attachment":"scroll","background-type":"","background-media":"","overlay-type":"","overlay-color":"","overlay-opacity":"","overlay-gradient":""},"tablet":{"background-color":"var(--ast-global-color-5)","background-image":"","background-repeat":"repeat","background-position":"center center","background-size":"auto","background-attachment":"scroll","background-type":"","background-media":"","overlay-type":"","overlay-color":"","overlay-opacity":"","overlay-gradient":""},"mobile":{"background-color":"var(--ast-global-color-5)","background-image":"","background-repeat":"repeat","background-position":"center center","background-size":"auto","background-attachment":"scroll","background-type":"","background-media":"","overlay-type":"","overlay-color":"","overlay-opacity":"","overlay-gradient":""}}},"product_brand":[],"product_cat":[112],"product_tag":[],"class_list":{"0":"post-7346","1":"product","2":"type-product","3":"status-publish","4":"has-post-thumbnail","6":"product_cat-color-coated-coil","7":"desktop-align-left","8":"tablet-align-left","9":"mobile-align-left","10":"ast-product-gallery-layout-horizontal-slider","11":"ast-product-tabs-layout-horizontal","13":"first","14":"instock","15":"shipping-taxable","16":"product-type-simple"},"uagb_featured_image_src":{"full":["https:\/\/www.shandongruiying.com\/wp-content\/uploads\/2026\/03\/1-4.jpg",600,600,false],"thumbnail":["https:\/\/www.shandongruiying.com\/wp-content\/uploads\/2026\/03\/1-4-150x150.jpg",150,150,true],"medium":["https:\/\/www.shandongruiying.com\/wp-content\/uploads\/2026\/03\/1-4-300x300.jpg",300,300,true],"medium_large":["https:\/\/www.shandongruiying.com\/wp-content\/uploads\/2026\/03\/1-4.jpg",600,600,false],"large":["https:\/\/www.shandongruiying.com\/wp-content\/uploads\/2026\/03\/1-4.jpg",600,600,false],"1536x1536":["https:\/\/www.shandongruiying.com\/wp-content\/uploads\/2026\/03\/1-4.jpg",600,600,false],"2048x2048":["https:\/\/www.shandongruiying.com\/wp-content\/uploads\/2026\/03\/1-4.jpg",600,600,false],"trp-custom-language-flag":["https:\/\/www.shandongruiying.com\/wp-content\/uploads\/2026\/03\/1-4-12x12.jpg",12,12,true],"woocommerce_thumbnail":["https:\/\/www.shandongruiying.com\/wp-content\/uploads\/2026\/03\/1-4-300x300.jpg",300,300,true],"woocommerce_single":["https:\/\/www.shandongruiying.com\/wp-content\/uploads\/2026\/03\/1-4.jpg",600,600,false],"woocommerce_gallery_thumbnail":["https:\/\/www.shandongruiying.com\/wp-content\/uploads\/2026\/03\/1-4-100x100.jpg",100,100,true]},"uagb_author_info":{"display_name":"Shandong Ruiying Import and Export Trading Co., Ltd.","author_link":"https:\/\/www.shandongruiying.com\/es\/author\/"},"uagb_comment_info":0,"uagb_excerpt":"PPGI sheet material is a popular type of material. It is made from hot-dip galvanized steel or electro-galvanized steel (galvanized layer) as the base material, and is coated with multiple layers of organic coatings to prevent rusting. It is used for roof panels, wall panels, furniture, household appliances, automotive parts, etc. It retains the strength&hellip;","_links":{"self":[{"href":"https:\/\/www.shandongruiying.com\/es\/wp-json\/wp\/v2\/product\/7346","targetHints":{"allow":["GET"]}}],"collection":[{"href":"https:\/\/www.shandongruiying.com\/es\/wp-json\/wp\/v2\/product"}],"about":[{"href":"https:\/\/www.shandongruiying.com\/es\/wp-json\/wp\/v2\/types\/product"}],"wp:featuredmedia":[{"embeddable":true,"href":"https:\/\/www.shandongruiying.com\/es\/wp-json\/wp\/v2\/media\/7350"}],"wp:attachment":[{"href":"https:\/\/www.shandongruiying.com\/es\/wp-json\/wp\/v2\/media?parent=7346"}],"wp:term":[{"taxonomy":"product_brand","embeddable":true,"href":"https:\/\/www.shandongruiying.com\/es\/wp-json\/wp\/v2\/product_brand?post=7346"},{"taxonomy":"product_cat","embeddable":true,"href":"https:\/\/www.shandongruiying.com\/es\/wp-json\/wp\/v2\/product_cat?post=7346"},{"taxonomy":"product_tag","embeddable":true,"href":"https:\/\/www.shandongruiying.com\/es\/wp-json\/wp\/v2\/product_tag?post=7346"}],"curies":[{"name":"wp","href":"https:\/\/api.w.org\/{rel}","templated":true}]}}