{"id":7307,"date":"2026-02-28T09:25:10","date_gmt":"2026-02-28T09:25:10","guid":{"rendered":"http:\/\/www.shandongruiying.com\/?post_type=product&#038;p=7307"},"modified":"2026-02-28T09:27:10","modified_gmt":"2026-02-28T09:27:10","slug":"blast-furnace-drilling-tool","status":"publish","type":"product","link":"https:\/\/www.shandongruiying.com\/es\/producto\/blast-furnace-drilling-tool\/","title":{"rendered":"Herramienta de perforaci\u00f3n de alto horno"},"content":{"rendered":"<h3 data-start=\"39\" data-end=\"61\">Productos<\/h3>\n<p data-start=\"63\" data-end=\"338\">La broca de alto horno y la barra de perforaci\u00f3n integradas constan de un cuerpo de perforaci\u00f3n y brocas montadas en el soporte. El cuerpo de la broca est\u00e1 dise\u00f1ado con una estructura c\u00f3nica, y las brocas est\u00e1n dispuestas en la superficie del cono para mejorar el rendimiento de perforaci\u00f3n.<\/p>\n<p data-start=\"340\" data-end=\"603\">Los cuerpos de perforaci\u00f3n m\u00faltiples est\u00e1n espaciados uniformemente a lo largo de la barra de perforaci\u00f3n, y el di\u00e1metro de cada cuerpo de perforaci\u00f3n aumenta gradualmente de adelante hacia atr\u00e1s. Las barras de perforaci\u00f3n entre cuerpos de perforaci\u00f3n adyacentes pueden conectarse mediante pasadores vivos, lo que garantiza un funcionamiento estable y un montaje c\u00f3modo.<\/p>\n<h3 data-start=\"610\" data-end=\"632\">Caracter\u00edsticas del producto<\/h3>\n<p data-start=\"634\" data-end=\"727\">Esta broca est\u00e1 especialmente dise\u00f1ada para operaciones de apertura frontal de altos hornos. Ofrece:<\/p>\n<ul data-start=\"729\" data-end=\"987\">\n<li data-start=\"729\" data-end=\"751\">\n<p data-start=\"731\" data-end=\"751\">R\u00e1pida velocidad de apertura<\/p>\n<\/li>\n<li data-start=\"752\" data-end=\"783\">\n<p data-start=\"754\" data-end=\"783\">F\u00e1cil control del canal<\/p>\n<\/li>\n<li data-start=\"784\" data-end=\"836\">\n<p data-start=\"786\" data-end=\"836\">Control preciso de la profundidad y el \u00e1ngulo de roscado de la plancha<\/p>\n<\/li>\n<li data-start=\"837\" data-end=\"890\">\n<p data-start=\"839\" data-end=\"890\">C\u00f3modo mantenimiento del tap\u00f3n de lodo con boca de hierro<\/p>\n<\/li>\n<li data-start=\"891\" data-end=\"947\">\n<p data-start=\"893\" data-end=\"947\">Ajuste flexible en condiciones de trabajo especiales<\/p>\n<\/li>\n<li data-start=\"948\" data-end=\"987\">\n<p data-start=\"950\" data-end=\"987\">Menor intensidad de trabajo para los trabajadores<\/p>\n<\/li>\n<\/ul>\n<p data-start=\"989\" data-end=\"1137\">El producto se caracteriza por su estructura sencilla, alta seguridad y fiabilidad, y bajo coste de producci\u00f3n. Es adecuado para varios tipos de m\u00e1quinas de apertura.<\/p>\n<h3 data-start=\"1144\" data-end=\"1161\">Modelos principales<\/h3>\n<ul data-start=\"1163\" data-end=\"1279\">\n<li data-start=\"1163\" data-end=\"1229\">\n<p data-start=\"1165\" data-end=\"1229\">\u03c650-\u03c680 brocas especiales de alta temperatura para altos hornos<\/p>\n<\/li>\n<li data-start=\"1230\" data-end=\"1279\">\n<p data-start=\"1232\" data-end=\"1279\">Brocas \u03c640-\u03c650 para aplicaciones mineras<\/p>\n<\/li>\n<\/ul>\n<p data-start=\"1281\" data-end=\"1366\">Tambi\u00e9n fabricamos cabezales de perforaci\u00f3n en forma de cruz en especificaciones completas, incluyendo:<\/p>\n<p data-start=\"1368\" data-end=\"1444\">32 mm, 34 mm, 36 mm, 38 mm, 40 mm, 42 mm, 46 mm, 50 mm, 55 mm, 60 mm, 65 mm, 70 mm, etc.<\/p>\n<h3 data-start=\"1451\" data-end=\"1478\">Servicio de personalizaci\u00f3n<\/h3>\n<p data-start=\"1480\" data-end=\"1599\">La producci\u00f3n personalizada est\u00e1 disponible seg\u00fan dibujos o muestras, satisfaciendo plenamente los diferentes requisitos de los clientes.<\/p>\n<p data-start=\"1480\" data-end=\"1599\"><img alt=\"\" fetchpriority=\"high\" decoding=\"async\" class=\"alignnone size-full wp-image-7310\" src=\"http:\/\/www.shandongruiying.com\/wp-content\/uploads\/2026\/02\/WPS\u56fe\u72471-3.png\" width=\"680\" height=\"438\" srcset=\"https:\/\/www.shandongruiying.com\/wp-content\/uploads\/2026\/02\/WPS\u56fe\u72471-3.png 680w, https:\/\/www.shandongruiying.com\/wp-content\/uploads\/2026\/02\/WPS\u56fe\u72471-3-300x193.png 300w, https:\/\/www.shandongruiying.com\/wp-content\/uploads\/2026\/02\/WPS\u56fe\u72471-3-18x12.png 18w, https:\/\/www.shandongruiying.com\/wp-content\/uploads\/2026\/02\/WPS\u56fe\u72471-3-600x386.png 600w\" sizes=\"(max-width: 680px) 100vw, 680px\" \/><\/p>\n<p><strong>Shandong Ruiying<\/strong> es una empresa profesional dedicada a la investigaci\u00f3n y producci\u00f3n de herramientas de perforaci\u00f3n de rocas. Las herramientas de perforaci\u00f3n de rocas, las herramientas de perforaci\u00f3n de subagujeros y las herramientas de miner\u00eda que produce se utilizan ampliamente en campos b\u00e1sicos de la construcci\u00f3n de energ\u00eda como la miner\u00eda, la construcci\u00f3n de carreteras, la construcci\u00f3n de ferrocarriles, la conservaci\u00f3n del agua y la generaci\u00f3n de energ\u00eda. Sus productos incluyen principalmente los siguientes:<\/p>\n<p><strong>1. Productos c\u00f3nicos:<\/strong> Broca monobloque (cabeza de broca), broca en cruz, broca de diente esf\u00e9rico, varilla de broca hexagonal (varilla de broca H22)<br \/>\n<strong>2. Taladro integral:<\/strong> Di\u00e1metro de la varilla H19, H22, di\u00e1metro de la cabeza: 20-42 mm;<br \/>\n<strong>3. Herramientas de perforaci\u00f3n de conexiones roscadas:<\/strong> (roscas R22, R25, R28, R32, R38, T38, T45, T51)Broca de dientes esf\u00e9ricos roscados (cabeza de broca), tipo plano, tipo c\u00f3ncavo, tipo retornable, tipo c\u00f3ncavo retornable (di\u00e1metro 51-127mm) Manguitos de conexi\u00f3n y conectores adaptadores: (R22, R25, R28, R32, R38, T38, T45, T51) Cola de taladro: (roscas R32, R38, T38, T45, T51, etc., compatibles con conocidas empresas extranjeras como Atlas Copco, Furukawa, Ingersoll Rand) Varillas de taladro: Varias especificaciones de barras de perforaci\u00f3n con roscas H25, H28, H32, H38, T38, T45, T51 y barras de perforaci\u00f3n con rosca macho y hembra.<br \/>\n<strong>4. Herramientas de perforaci\u00f3n:<\/strong> Broca de perforaci\u00f3n de subagujeros (60-254 mm), varilla de perforaci\u00f3n de subagujeros, impactador de subagujeros, etc.<br \/>\n<strong>5. M\u00e1quinas-herramienta para la miner\u00eda del carb\u00f3n:<\/strong> Dientes de corte, asientos de dientes, manguitos de dientes, varilla de perforaci\u00f3n de anclaje, cabeza de perforaci\u00f3n de anclaje, varilla de perforaci\u00f3n helicoidal, cabeza de perforaci\u00f3n helicoidal, varilla de perforaci\u00f3n de carb\u00f3n, cabeza de perforaci\u00f3n de carb\u00f3n, U76, U82, U84, U85, U92, U94, U95, S100, S120, S150, etc.<br \/>\n<strong>6. Herramientas de apertura de altos hornos:<\/strong> Broca de apertura de alto horno, cruz de apertura de alto horno, varilla de apertura de alto horno, etc.Y varios productos pueden ser personalizados de acuerdo a los requerimientos del cliente.<\/p>\n<p><img alt=\"\" decoding=\"async\" class=\"alignnone size-full wp-image-7312\" src=\"http:\/\/www.shandongruiying.com\/wp-content\/uploads\/2026\/02\/WPS\u56fe\u72473-1.png\" width=\"717\" height=\"539\" srcset=\"https:\/\/www.shandongruiying.com\/wp-content\/uploads\/2026\/02\/WPS\u56fe\u72473-1.png 717w, https:\/\/www.shandongruiying.com\/wp-content\/uploads\/2026\/02\/WPS\u56fe\u72473-1-300x226.png 300w, https:\/\/www.shandongruiying.com\/wp-content\/uploads\/2026\/02\/WPS\u56fe\u72473-1-16x12.png 16w, https:\/\/www.shandongruiying.com\/wp-content\/uploads\/2026\/02\/WPS\u56fe\u72473-1-600x451.png 600w\" sizes=\"(max-width: 717px) 100vw, 717px\" \/><\/p>","protected":false},"excerpt":{"rendered":"<p>La broca de alto horno y la barra de perforaci\u00f3n integradas constan de un cuerpo de perforaci\u00f3n y brocas montadas en el soporte. El cuerpo de la broca est\u00e1 dise\u00f1ado con una estructura c\u00f3nica, y las brocas est\u00e1n dispuestas en la superficie del cono para mejorar el rendimiento de perforaci\u00f3n.<\/p>","protected":false},"featured_media":7313,"template":"","meta":{"_seopress_robots_primary_cat":"none","_seopress_titles_title":"Blast Furnace Drilling Tool | High Temperature Drill Bit & Rod","_seopress_titles_desc":"Integrated blast furnace drilling tool with conical drill body design for fast and precise tapping operations. High-temperature resistant, reliable and suitable for various opening machines. Custom sizes available.","_seopress_robots_index":"","_uag_custom_page_level_css":"","site-sidebar-layout":"default","site-content-layout":"","ast-site-content-layout":"default","site-content-style":"default","site-sidebar-style":"default","ast-global-header-display":"","ast-banner-title-visibility":"","ast-main-header-display":"","ast-hfb-above-header-display":"","ast-hfb-below-header-display":"","ast-hfb-mobile-header-display":"","site-post-title":"","ast-breadcrumbs-content":"","ast-featured-img":"","footer-sml-layout":"","theme-transparent-header-meta":"default","adv-header-id-meta":"","stick-header-meta":"default","header-above-stick-meta":"","header-main-stick-meta":"","header-below-stick-meta":"","astra-migrate-meta-layouts":"set","ast-page-background-enabled":"default","ast-page-background-meta":{"desktop":{"background-color":"","background-image":"","background-repeat":"repeat","background-position":"center center","background-size":"auto","background-attachment":"scroll","background-type":"","background-media":"","overlay-type":"","overlay-color":"","overlay-opacity":"","overlay-gradient":""},"tablet":{"background-color":"","background-image":"","background-repeat":"repeat","background-position":"center center","background-size":"auto","background-attachment":"scroll","background-type":"","background-media":"","overlay-type":"","overlay-color":"","overlay-opacity":"","overlay-gradient":""},"mobile":{"background-color":"","background-image":"","background-repeat":"repeat","background-position":"center center","background-size":"auto","background-attachment":"scroll","background-type":"","background-media":"","overlay-type":"","overlay-color":"","overlay-opacity":"","overlay-gradient":""}},"ast-content-background-meta":{"desktop":{"background-color":"var(--ast-global-color-5)","background-image":"","background-repeat":"repeat","background-position":"center center","background-size":"auto","background-attachment":"scroll","background-type":"","background-media":"","overlay-type":"","overlay-color":"","overlay-opacity":"","overlay-gradient":""},"tablet":{"background-color":"var(--ast-global-color-5)","background-image":"","background-repeat":"repeat","background-position":"center center","background-size":"auto","background-attachment":"scroll","background-type":"","background-media":"","overlay-type":"","overlay-color":"","overlay-opacity":"","overlay-gradient":""},"mobile":{"background-color":"var(--ast-global-color-5)","background-image":"","background-repeat":"repeat","background-position":"center center","background-size":"auto","background-attachment":"scroll","background-type":"","background-media":"","overlay-type":"","overlay-color":"","overlay-opacity":"","overlay-gradient":""}}},"product_brand":[],"product_cat":[129],"product_tag":[],"class_list":{"0":"post-7307","1":"product","2":"type-product","3":"status-publish","4":"has-post-thumbnail","6":"product_cat-blast-furnace-drilling-tool2","7":"desktop-align-left","8":"tablet-align-left","9":"mobile-align-left","10":"ast-product-gallery-layout-horizontal-slider","11":"ast-product-tabs-layout-horizontal","13":"first","14":"instock","15":"shipping-taxable","16":"product-type-simple"},"uagb_featured_image_src":{"full":["https:\/\/www.shandongruiying.com\/wp-content\/uploads\/2026\/02\/1-10.jpg",600,600,false],"thumbnail":["https:\/\/www.shandongruiying.com\/wp-content\/uploads\/2026\/02\/1-10-150x150.jpg",150,150,true],"medium":["https:\/\/www.shandongruiying.com\/wp-content\/uploads\/2026\/02\/1-10-300x300.jpg",300,300,true],"medium_large":["https:\/\/www.shandongruiying.com\/wp-content\/uploads\/2026\/02\/1-10.jpg",600,600,false],"large":["https:\/\/www.shandongruiying.com\/wp-content\/uploads\/2026\/02\/1-10.jpg",600,600,false],"1536x1536":["https:\/\/www.shandongruiying.com\/wp-content\/uploads\/2026\/02\/1-10.jpg",600,600,false],"2048x2048":["https:\/\/www.shandongruiying.com\/wp-content\/uploads\/2026\/02\/1-10.jpg",600,600,false],"trp-custom-language-flag":["https:\/\/www.shandongruiying.com\/wp-content\/uploads\/2026\/02\/1-10-12x12.jpg",12,12,true],"woocommerce_thumbnail":["https:\/\/www.shandongruiying.com\/wp-content\/uploads\/2026\/02\/1-10-300x300.jpg",300,300,true],"woocommerce_single":["https:\/\/www.shandongruiying.com\/wp-content\/uploads\/2026\/02\/1-10.jpg",600,600,false],"woocommerce_gallery_thumbnail":["https:\/\/www.shandongruiying.com\/wp-content\/uploads\/2026\/02\/1-10-100x100.jpg",100,100,true]},"uagb_author_info":{"display_name":"Shandong Ruiying Import and Export Trading Co., Ltd.","author_link":"https:\/\/www.shandongruiying.com\/es\/author\/"},"uagb_comment_info":0,"uagb_excerpt":"The integrated high-temperature blast furnace drill bit and drill rod consist of a drill body and drill bits mounted on the carrier. The drill body is designed with a conical structure, and drill bits are arranged on the surface of the cone to enhance drilling performance.","_links":{"self":[{"href":"https:\/\/www.shandongruiying.com\/es\/wp-json\/wp\/v2\/product\/7307","targetHints":{"allow":["GET"]}}],"collection":[{"href":"https:\/\/www.shandongruiying.com\/es\/wp-json\/wp\/v2\/product"}],"about":[{"href":"https:\/\/www.shandongruiying.com\/es\/wp-json\/wp\/v2\/types\/product"}],"wp:featuredmedia":[{"embeddable":true,"href":"https:\/\/www.shandongruiying.com\/es\/wp-json\/wp\/v2\/media\/7313"}],"wp:attachment":[{"href":"https:\/\/www.shandongruiying.com\/es\/wp-json\/wp\/v2\/media?parent=7307"}],"wp:term":[{"taxonomy":"product_brand","embeddable":true,"href":"https:\/\/www.shandongruiying.com\/es\/wp-json\/wp\/v2\/product_brand?post=7307"},{"taxonomy":"product_cat","embeddable":true,"href":"https:\/\/www.shandongruiying.com\/es\/wp-json\/wp\/v2\/product_cat?post=7307"},{"taxonomy":"product_tag","embeddable":true,"href":"https:\/\/www.shandongruiying.com\/es\/wp-json\/wp\/v2\/product_tag?post=7307"}],"curies":[{"name":"wp","href":"https:\/\/api.w.org\/{rel}","templated":true}]}}