{"id":7295,"date":"2026-02-28T09:03:35","date_gmt":"2026-02-28T09:03:35","guid":{"rendered":"http:\/\/www.shandongruiying.com\/?post_type=product&#038;p=7295"},"modified":"2026-04-03T08:15:34","modified_gmt":"2026-04-03T08:15:34","slug":"carbon-channel-steel","status":"publish","type":"product","link":"https:\/\/www.shandongruiying.com\/es\/producto\/carbon-channel-steel\/","title":{"rendered":"Canal de acero al carbono"},"content":{"rendered":"<h1><span style=\"color: #000000;\">Par\u00e1metros del producto<\/span><\/h1>\n<table>\n<tbody>\n<tr>\n<td width=\"76\">Material<\/td>\n<td width=\"482\">A36\u3001St37\u3001S235J0\u3001S235J2\uff0cSt52\uff0c16mn\uff0cS355JOQ195,Q215,Q235B,Q345B,S235JR\uff0cS355JR\uff0cS355\uff0cSS440\uff0cSM400A\uff0cSM400BA572,GR50,GR60,SS540<\/td>\n<\/tr>\n<tr>\n<td width=\"76\">Gama de especificaciones<\/td>\n<td width=\"482\">50*37*4.5-400*104*14.5\uff0c75*40*3.8*7-152*76*6.4*9\uff0c<\/p>\n<p>140*60*7*10-200*75*8.5*11.5<\/td>\n<\/tr>\n<tr>\n<td width=\"76\">Longitud<\/td>\n<td width=\"482\">6m, 9m, 12m o seg\u00fan los requisitos del cliente<\/td>\n<\/tr>\n<tr>\n<td width=\"76\">Artesan\u00eda<\/td>\n<td width=\"482\">Laminado en caliente, soldadura<\/td>\n<\/tr>\n<tr>\n<td width=\"76\">Est\u00e1ndar<\/td>\n<td width=\"482\">ASTM\uff0cAISI\uff0cJIS\uff0cGB\uff0c DIN\uff0cEN<\/td>\n<\/tr>\n<tr>\n<td width=\"76\">Superficie<\/td>\n<td width=\"482\">Galvanizado, pintura; o seg\u00fan los requisitos del cliente<\/td>\n<\/tr>\n<tr>\n<td width=\"76\">Aplicaci\u00f3n<\/td>\n<td width=\"482\">Se aplica ampliamente en estructuras arquitect\u00f3nicas y proyectos de ingenier\u00eda, como vigas para salas, vigas para barcos, hornos industriales, etc.<\/td>\n<\/tr>\n<tr>\n<td width=\"76\">Embalaje<\/td>\n<td width=\"482\">\u00a0De acuerdo con el embalaje adecuado para el transporte mar\u00edtimo o seg\u00fan los requisitos del cliente<\/td>\n<\/tr>\n<\/tbody>\n<\/table>\n<p>&nbsp;<\/p>","protected":false},"excerpt":{"rendered":"<p>El canal de acero es una tira larga de acero con secci\u00f3n transversal c\u00f3ncavo-convexa. Pertenece a los aceros estructurales al carbono utilizados para la construcci\u00f3n y la maquinaria, y es un tipo de acero con secci\u00f3n transversal compleja. Su secci\u00f3n transversal es c\u00f3ncavo-convexa. El acero de canal se utiliza principalmente en estructuras de edificios, proyectos de muros cortina, fabricaci\u00f3n de equipos mec\u00e1nicos y veh\u00edculos, etc.<\/p>","protected":false},"featured_media":7298,"template":"","meta":{"_seopress_robots_primary_cat":"none","_seopress_titles_title":"Carbon Channel Steel Supplier | Structural Steel C Channel","_seopress_titles_desc":"Carbon channel steel with concave-convex cross section, widely used in construction structures, curtain wall projects, machinery and vehicle manufacturing. Reliable structural C channel steel supplier for global markets.","_seopress_robots_index":"","_uag_custom_page_level_css":"","site-sidebar-layout":"default","site-content-layout":"","ast-site-content-layout":"default","site-content-style":"default","site-sidebar-style":"default","ast-global-header-display":"","ast-banner-title-visibility":"","ast-main-header-display":"","ast-hfb-above-header-display":"","ast-hfb-below-header-display":"","ast-hfb-mobile-header-display":"","site-post-title":"","ast-breadcrumbs-content":"","ast-featured-img":"","footer-sml-layout":"","theme-transparent-header-meta":"default","adv-header-id-meta":"","stick-header-meta":"default","header-above-stick-meta":"","header-main-stick-meta":"","header-below-stick-meta":"","astra-migrate-meta-layouts":"set","ast-page-background-enabled":"default","ast-page-background-meta":{"desktop":{"background-color":"","background-image":"","background-repeat":"repeat","background-position":"center center","background-size":"auto","background-attachment":"scroll","background-type":"","background-media":"","overlay-type":"","overlay-color":"","overlay-opacity":"","overlay-gradient":""},"tablet":{"background-color":"","background-image":"","background-repeat":"repeat","background-position":"center center","background-size":"auto","background-attachment":"scroll","background-type":"","background-media":"","overlay-type":"","overlay-color":"","overlay-opacity":"","overlay-gradient":""},"mobile":{"background-color":"","background-image":"","background-repeat":"repeat","background-position":"center center","background-size":"auto","background-attachment":"scroll","background-type":"","background-media":"","overlay-type":"","overlay-color":"","overlay-opacity":"","overlay-gradient":""}},"ast-content-background-meta":{"desktop":{"background-color":"var(--ast-global-color-5)","background-image":"","background-repeat":"repeat","background-position":"center center","background-size":"auto","background-attachment":"scroll","background-type":"","background-media":"","overlay-type":"","overlay-color":"","overlay-opacity":"","overlay-gradient":""},"tablet":{"background-color":"var(--ast-global-color-5)","background-image":"","background-repeat":"repeat","background-position":"center center","background-size":"auto","background-attachment":"scroll","background-type":"","background-media":"","overlay-type":"","overlay-color":"","overlay-opacity":"","overlay-gradient":""},"mobile":{"background-color":"var(--ast-global-color-5)","background-image":"","background-repeat":"repeat","background-position":"center center","background-size":"auto","background-attachment":"scroll","background-type":"","background-media":"","overlay-type":"","overlay-color":"","overlay-opacity":"","overlay-gradient":""}}},"product_brand":[],"product_cat":[120],"product_tag":[],"class_list":{"0":"post-7295","1":"product","2":"type-product","3":"status-publish","4":"has-post-thumbnail","6":"product_cat-beam-channel","7":"desktop-align-left","8":"tablet-align-left","9":"mobile-align-left","10":"ast-product-gallery-layout-horizontal-slider","11":"ast-product-tabs-layout-horizontal","13":"first","14":"instock","15":"shipping-taxable","16":"product-type-simple"},"uagb_featured_image_src":{"full":["https:\/\/www.shandongruiying.com\/wp-content\/uploads\/2026\/02\/2-7.jpg",600,600,false],"thumbnail":["https:\/\/www.shandongruiying.com\/wp-content\/uploads\/2026\/02\/2-7-150x150.jpg",150,150,true],"medium":["https:\/\/www.shandongruiying.com\/wp-content\/uploads\/2026\/02\/2-7-300x300.jpg",300,300,true],"medium_large":["https:\/\/www.shandongruiying.com\/wp-content\/uploads\/2026\/02\/2-7.jpg",600,600,false],"large":["https:\/\/www.shandongruiying.com\/wp-content\/uploads\/2026\/02\/2-7.jpg",600,600,false],"1536x1536":["https:\/\/www.shandongruiying.com\/wp-content\/uploads\/2026\/02\/2-7.jpg",600,600,false],"2048x2048":["https:\/\/www.shandongruiying.com\/wp-content\/uploads\/2026\/02\/2-7.jpg",600,600,false],"trp-custom-language-flag":["https:\/\/www.shandongruiying.com\/wp-content\/uploads\/2026\/02\/2-7-12x12.jpg",12,12,true],"woocommerce_thumbnail":["https:\/\/www.shandongruiying.com\/wp-content\/uploads\/2026\/02\/2-7-300x300.jpg",300,300,true],"woocommerce_single":["https:\/\/www.shandongruiying.com\/wp-content\/uploads\/2026\/02\/2-7.jpg",600,600,false],"woocommerce_gallery_thumbnail":["https:\/\/www.shandongruiying.com\/wp-content\/uploads\/2026\/02\/2-7-100x100.jpg",100,100,true]},"uagb_author_info":{"display_name":"Shandong Ruiying Import and Export Trading Co., Ltd.","author_link":"https:\/\/www.shandongruiying.com\/es\/author\/"},"uagb_comment_info":0,"uagb_excerpt":"Channel steel is a long strip of steel with a concave-convex cross-section. It belongs to carbon structural steel used for construction and machinery, and is a type of steel with complex cross-section. Its cross-sectional shape is concave-convex. Channel steel is mainly used in building structures, curtain wall projects, mechanical equipment and vehicle manufacturing, etc.","_links":{"self":[{"href":"https:\/\/www.shandongruiying.com\/es\/wp-json\/wp\/v2\/product\/7295","targetHints":{"allow":["GET"]}}],"collection":[{"href":"https:\/\/www.shandongruiying.com\/es\/wp-json\/wp\/v2\/product"}],"about":[{"href":"https:\/\/www.shandongruiying.com\/es\/wp-json\/wp\/v2\/types\/product"}],"wp:featuredmedia":[{"embeddable":true,"href":"https:\/\/www.shandongruiying.com\/es\/wp-json\/wp\/v2\/media\/7298"}],"wp:attachment":[{"href":"https:\/\/www.shandongruiying.com\/es\/wp-json\/wp\/v2\/media?parent=7295"}],"wp:term":[{"taxonomy":"product_brand","embeddable":true,"href":"https:\/\/www.shandongruiying.com\/es\/wp-json\/wp\/v2\/product_brand?post=7295"},{"taxonomy":"product_cat","embeddable":true,"href":"https:\/\/www.shandongruiying.com\/es\/wp-json\/wp\/v2\/product_cat?post=7295"},{"taxonomy":"product_tag","embeddable":true,"href":"https:\/\/www.shandongruiying.com\/es\/wp-json\/wp\/v2\/product_tag?post=7295"}],"curies":[{"name":"wp","href":"https:\/\/api.w.org\/{rel}","templated":true}]}}