{"id":7282,"date":"2026-02-28T08:42:35","date_gmt":"2026-02-28T08:42:35","guid":{"rendered":"http:\/\/www.shandongruiying.com\/?post_type=product&#038;p=7282"},"modified":"2026-03-05T01:13:56","modified_gmt":"2026-03-05T01:13:56","slug":"ppgiprepainted-galvanized-steel-coils","status":"publish","type":"product","link":"https:\/\/www.shandongruiying.com\/es\/producto\/ppgiprepainted-galvanized-steel-coils\/","title":{"rendered":"PPGI(Bobinas de acero galvanizado prelacado)"},"content":{"rendered":"<p>Las bobinas con revestimiento de color presentan una excelente flexibilidad, plasticidad, resistencia a la presi\u00f3n, resistencia al desgaste, disipaci\u00f3n del calor y resistencia a las altas temperaturas, junto con un excelente rendimiento en cuanto a color, brillo y sensaci\u00f3n t\u00e1ctil. Los flejes de acero con revestimiento de color que utilizan flejes de acero galvanizados por inmersi\u00f3n en caliente como material de base no s\u00f3lo se benefician de la capa protectora de zinc, sino que tambi\u00e9n conf\u00edan en el revestimiento org\u00e1nico de la capa de zinc para proporcionar cobertura y protecci\u00f3n, evitando la oxidaci\u00f3n y prolongando la vida \u00fatil aproximadamente 1,5 veces en comparaci\u00f3n con los flejes galvanizados.<\/p>\n<p>Las materias primas utilizadas en la producci\u00f3n de bobinas de acero prelacado son todas respetuosas con el medio ambiente, y el proceso de producci\u00f3n est\u00e1 completamente libre de polvo, presentando caracter\u00edsticas de alta protecci\u00f3n medioambiental. Nuestra empresa posee la l\u00ednea de producci\u00f3n de placas de acero prepintadas m\u00e1s avanzada de China, con todo el conjunto de tecnolog\u00eda y equipos que adoptan un sistema de control inform\u00e1tico totalmente automatizado. Los productos se utilizan ampliamente en diversos campos como la construcci\u00f3n, el transporte, los electrodom\u00e9sticos, la energ\u00eda solar y los muebles, entre los cuales los electrodom\u00e9sticos los utilizan principalmente para paneles laterales de frigor\u00edficos, cajas de DVD, paneles de aire acondicionado, paneles de congeladores y carcasas de lavadoras.<\/p>","protected":false},"excerpt":{"rendered":"<p>La bobina con revestimiento de color es un tipo de chapa laminada que se fabrica aplicando una o varias capas de revestimientos org\u00e1nicos sobre un material base, como acero laminado en fr\u00edo, acero galvanizado o acero de aleaci\u00f3n de aluminio y zinc, mediante procesos como el desengrasado superficial, el fosfatado y la pasivaci\u00f3n, seguidos de la cocci\u00f3n para el curado. El producto resultante combina la gran solidez y resistencia a la intemperie del sustrato met\u00e1lico con el atractivo est\u00e9tico y la resistencia a la corrosi\u00f3n del revestimiento org\u00e1nico. Recibe su nombre por la aplicaci\u00f3n de diversos revestimientos org\u00e1nicos de color y se conoce com\u00fanmente como bobina revestida de color.<\/p>","protected":false},"featured_media":7285,"template":"","meta":{"_seopress_robots_primary_cat":"","_seopress_titles_title":"PPGI Coil Supplier | Prepainted Galvanized Steel Coil Manufacturer","_seopress_titles_desc":"PPGI (Prepainted Galvanized Steel Coil) combines galvanized steel strength with durable organic coating for superior corrosion resistance and aesthetics. Widely used in construction, appliances, transportation and solar industries.","_seopress_robots_index":"","_uag_custom_page_level_css":"","site-sidebar-layout":"default","site-content-layout":"","ast-site-content-layout":"default","site-content-style":"default","site-sidebar-style":"default","ast-global-header-display":"","ast-banner-title-visibility":"","ast-main-header-display":"","ast-hfb-above-header-display":"","ast-hfb-below-header-display":"","ast-hfb-mobile-header-display":"","site-post-title":"","ast-breadcrumbs-content":"","ast-featured-img":"","footer-sml-layout":"","theme-transparent-header-meta":"default","adv-header-id-meta":"","stick-header-meta":"default","header-above-stick-meta":"","header-main-stick-meta":"","header-below-stick-meta":"","astra-migrate-meta-layouts":"set","ast-page-background-enabled":"default","ast-page-background-meta":{"desktop":{"background-color":"","background-image":"","background-repeat":"repeat","background-position":"center center","background-size":"auto","background-attachment":"scroll","background-type":"","background-media":"","overlay-type":"","overlay-color":"","overlay-opacity":"","overlay-gradient":""},"tablet":{"background-color":"","background-image":"","background-repeat":"repeat","background-position":"center center","background-size":"auto","background-attachment":"scroll","background-type":"","background-media":"","overlay-type":"","overlay-color":"","overlay-opacity":"","overlay-gradient":""},"mobile":{"background-color":"","background-image":"","background-repeat":"repeat","background-position":"center center","background-size":"auto","background-attachment":"scroll","background-type":"","background-media":"","overlay-type":"","overlay-color":"","overlay-opacity":"","overlay-gradient":""}},"ast-content-background-meta":{"desktop":{"background-color":"var(--ast-global-color-5)","background-image":"","background-repeat":"repeat","background-position":"center center","background-size":"auto","background-attachment":"scroll","background-type":"","background-media":"","overlay-type":"","overlay-color":"","overlay-opacity":"","overlay-gradient":""},"tablet":{"background-color":"var(--ast-global-color-5)","background-image":"","background-repeat":"repeat","background-position":"center center","background-size":"auto","background-attachment":"scroll","background-type":"","background-media":"","overlay-type":"","overlay-color":"","overlay-opacity":"","overlay-gradient":""},"mobile":{"background-color":"var(--ast-global-color-5)","background-image":"","background-repeat":"repeat","background-position":"center center","background-size":"auto","background-attachment":"scroll","background-type":"","background-media":"","overlay-type":"","overlay-color":"","overlay-opacity":"","overlay-gradient":""}}},"product_brand":[],"product_cat":[112],"product_tag":[],"class_list":{"0":"post-7282","1":"product","2":"type-product","3":"status-publish","4":"has-post-thumbnail","6":"product_cat-color-coated-coil","7":"desktop-align-left","8":"tablet-align-left","9":"mobile-align-left","10":"ast-product-gallery-layout-horizontal-slider","11":"ast-product-tabs-layout-horizontal","13":"first","14":"instock","15":"shipping-taxable","16":"product-type-simple"},"uagb_featured_image_src":{"full":["https:\/\/www.shandongruiying.com\/wp-content\/uploads\/2026\/02\/1-8.jpg",600,600,false],"thumbnail":["https:\/\/www.shandongruiying.com\/wp-content\/uploads\/2026\/02\/1-8-150x150.jpg",150,150,true],"medium":["https:\/\/www.shandongruiying.com\/wp-content\/uploads\/2026\/02\/1-8-300x300.jpg",300,300,true],"medium_large":["https:\/\/www.shandongruiying.com\/wp-content\/uploads\/2026\/02\/1-8.jpg",600,600,false],"large":["https:\/\/www.shandongruiying.com\/wp-content\/uploads\/2026\/02\/1-8.jpg",600,600,false],"1536x1536":["https:\/\/www.shandongruiying.com\/wp-content\/uploads\/2026\/02\/1-8.jpg",600,600,false],"2048x2048":["https:\/\/www.shandongruiying.com\/wp-content\/uploads\/2026\/02\/1-8.jpg",600,600,false],"trp-custom-language-flag":["https:\/\/www.shandongruiying.com\/wp-content\/uploads\/2026\/02\/1-8-12x12.jpg",12,12,true],"woocommerce_thumbnail":["https:\/\/www.shandongruiying.com\/wp-content\/uploads\/2026\/02\/1-8-300x300.jpg",300,300,true],"woocommerce_single":["https:\/\/www.shandongruiying.com\/wp-content\/uploads\/2026\/02\/1-8.jpg",600,600,false],"woocommerce_gallery_thumbnail":["https:\/\/www.shandongruiying.com\/wp-content\/uploads\/2026\/02\/1-8-100x100.jpg",100,100,true]},"uagb_author_info":{"display_name":"Shandong Ruiying Import and Export Trading Co., Ltd.","author_link":"https:\/\/www.shandongruiying.com\/es\/author\/"},"uagb_comment_info":0,"uagb_excerpt":"Color-coated coil is a type of rolled metal sheet produced by applying one or more layers of organic coatings onto a base material such as cold-rolled steel, galvanized steel, or aluminum-zinc alloy steel through processes like surface degreasing, phosphating, and passivation, followed by baking for curing. The resulting product combines the high strength and weather&hellip;","_links":{"self":[{"href":"https:\/\/www.shandongruiying.com\/es\/wp-json\/wp\/v2\/product\/7282","targetHints":{"allow":["GET"]}}],"collection":[{"href":"https:\/\/www.shandongruiying.com\/es\/wp-json\/wp\/v2\/product"}],"about":[{"href":"https:\/\/www.shandongruiying.com\/es\/wp-json\/wp\/v2\/types\/product"}],"wp:featuredmedia":[{"embeddable":true,"href":"https:\/\/www.shandongruiying.com\/es\/wp-json\/wp\/v2\/media\/7285"}],"wp:attachment":[{"href":"https:\/\/www.shandongruiying.com\/es\/wp-json\/wp\/v2\/media?parent=7282"}],"wp:term":[{"taxonomy":"product_brand","embeddable":true,"href":"https:\/\/www.shandongruiying.com\/es\/wp-json\/wp\/v2\/product_brand?post=7282"},{"taxonomy":"product_cat","embeddable":true,"href":"https:\/\/www.shandongruiying.com\/es\/wp-json\/wp\/v2\/product_cat?post=7282"},{"taxonomy":"product_tag","embeddable":true,"href":"https:\/\/www.shandongruiying.com\/es\/wp-json\/wp\/v2\/product_tag?post=7282"}],"curies":[{"name":"wp","href":"https:\/\/api.w.org\/{rel}","templated":true}]}}