{"id":7273,"date":"2026-02-28T08:29:14","date_gmt":"2026-02-28T08:29:14","guid":{"rendered":"http:\/\/www.shandongruiying.com\/?post_type=product&#038;p=7273"},"modified":"2026-02-28T08:34:55","modified_gmt":"2026-02-28T08:34:55","slug":"carbon-steel-plate","status":"publish","type":"product","link":"https:\/\/www.shandongruiying.com\/es\/producto\/carbon-steel-plate\/","title":{"rendered":"Chapa de acero al carbono"},"content":{"rendered":"<p>La placa de acero Q345 es una placa de acero estructural de baja aleaci\u00f3n y alta resistencia que se utiliza com\u00fanmente en campos como la construcci\u00f3n, puentes, aeroespacial, fabricaci\u00f3n de maquinaria, perforaci\u00f3n de petr\u00f3leo, equipos qu\u00edmicos, etc. Es un acero de uso com\u00fan en China, que utiliza el grado Q345 y cumple con la norma nacional GB\/T 1591-2008.<\/p>\n<p><strong>Est\u00e1ndar:<\/strong> ASTM, GB, DIN, BS, EN, JIS<\/p>\n<p><strong>Tipo:<\/strong>Chapa de acero con bajo contenido en carbono, chapa de acero con alto contenido en carbono<\/p>\n<p><strong>Anchura:<\/strong> 1000 mm, 1219 mm, 1250 mm, 1500 mm, 1800 mm, 2000 mm, 2500 mm<\/p>\n<p><strong>Longitud:\u00a0<\/strong>1000mm~6000mm<\/p>\n<p><strong>THK:<\/strong>0.2mm,0.3mm,0.5mm,1.00mm,2.00mm,3.00,3.5mm,4.00mm,5.00mm,6.00mm,8.00mm,10.00mm,12.00mm,14.00mm,16.00mm,20mm,20-60mm,60-120mm,120-300mm.<\/p>\n<table>\n<tbody>\n<tr>\n<td width=\"109\"><\/td>\n<td width=\"458\"><strong><b>Q345\u00a0<\/b><\/strong><strong><b>chapa de acero al carbono<\/b><\/strong><\/td>\n<\/tr>\n<tr>\n<td width=\"109\">Est\u00e1ndar<\/td>\n<td width=\"458\">ASTM,AISI,DIN,EN,BS,GB,JIS<\/td>\n<\/tr>\n<tr>\n<td width=\"109\">Grado<\/td>\n<td width=\"458\">ASTM\/ASME: A36, A283, A285, A514, A516, A572, A1011\/A1011M<\/td>\n<\/tr>\n<tr>\n<td width=\"109\"><\/td>\n<td width=\"458\">GB: Q195, Q235\/Q235B, Q255, Q275, Q345\/Q345B, Q420, Q550, Q690<\/td>\n<\/tr>\n<tr>\n<td width=\"109\"><\/td>\n<td width=\"458\">JIS: SS400, G3131 SPHC, G3141 SPCC, G4051 S45C, G4051 S50C<\/td>\n<\/tr>\n<tr>\n<td width=\"109\"><\/td>\n<td width=\"458\">AISI: 1018, 1020, 1045(SAE: 1010, SAE 1020, SAE 1045)<\/td>\n<\/tr>\n<tr>\n<td width=\"109\"><\/td>\n<td width=\"458\">Laminado en caliente \/ laminado en fr\u00edo<\/td>\n<\/tr>\n<tr>\n<td width=\"109\">Tipo<\/td>\n<td width=\"458\">Acero de bajo contenido en carbono \/ Acero de contenido medio en carbono \/ Acero de alto contenido en carbono<\/td>\n<\/tr>\n<tr>\n<td width=\"109\">Tratamiento de superficies<\/td>\n<td width=\"458\">Revestimiento<\/td>\n<\/tr>\n<tr>\n<td width=\"109\">Tratamiento<\/td>\n<td width=\"458\">Soldar, cortar, doblar, desenrollar<\/td>\n<\/tr>\n<tr>\n<td width=\"109\">Plazo de entrega<\/td>\n<td width=\"458\">De 10 a 30 d\u00edas, seg\u00fan los requisitos del cliente y la cantidad<\/td>\n<\/tr>\n<tr>\n<td width=\"109\">Embalaje<\/td>\n<td width=\"458\">Las peticiones y normas del cliente para embalajes de exportaci\u00f3n adecuados para el env\u00edo.<\/td>\n<\/tr>\n<tr>\n<td width=\"109\">MOQ<\/td>\n<td width=\"458\">5 toneladas<\/td>\n<\/tr>\n<\/tbody>\n<\/table>","protected":false},"excerpt":{"rendered":"<p>La placa de acero Q345 es una placa de acero estructural de baja aleaci\u00f3n y alta resistencia que se utiliza com\u00fanmente en campos como la construcci\u00f3n, puentes, aeroespacial, fabricaci\u00f3n de maquinaria, perforaci\u00f3n de petr\u00f3leo, equipos qu\u00edmicos, etc. Es un acero de uso com\u00fan en China, que utiliza el grado Q345 y cumple con la norma nacional GB\/T 1591-2008.<\/p>","protected":false},"featured_media":7276,"template":"","meta":{"_seopress_robots_primary_cat":"none","_seopress_titles_title":"Carbon Steel Plate Supplier | Q345 High Strength Structural Steel","_seopress_titles_desc":"Carbon steel plate including Q345 low-alloy high-strength structural steel. Widely used in construction, bridges, machinery manufacturing and industrial equipment. Reliable carbon steel plate manufacturer and exporter.","_seopress_robots_index":"","_uag_custom_page_level_css":"","site-sidebar-layout":"default","site-content-layout":"","ast-site-content-layout":"default","site-content-style":"default","site-sidebar-style":"default","ast-global-header-display":"","ast-banner-title-visibility":"","ast-main-header-display":"","ast-hfb-above-header-display":"","ast-hfb-below-header-display":"","ast-hfb-mobile-header-display":"","site-post-title":"","ast-breadcrumbs-content":"","ast-featured-img":"","footer-sml-layout":"","theme-transparent-header-meta":"default","adv-header-id-meta":"","stick-header-meta":"default","header-above-stick-meta":"","header-main-stick-meta":"","header-below-stick-meta":"","astra-migrate-meta-layouts":"set","ast-page-background-enabled":"default","ast-page-background-meta":{"desktop":{"background-color":"","background-image":"","background-repeat":"repeat","background-position":"center center","background-size":"auto","background-attachment":"scroll","background-type":"","background-media":"","overlay-type":"","overlay-color":"","overlay-opacity":"","overlay-gradient":""},"tablet":{"background-color":"","background-image":"","background-repeat":"repeat","background-position":"center center","background-size":"auto","background-attachment":"scroll","background-type":"","background-media":"","overlay-type":"","overlay-color":"","overlay-opacity":"","overlay-gradient":""},"mobile":{"background-color":"","background-image":"","background-repeat":"repeat","background-position":"center center","background-size":"auto","background-attachment":"scroll","background-type":"","background-media":"","overlay-type":"","overlay-color":"","overlay-opacity":"","overlay-gradient":""}},"ast-content-background-meta":{"desktop":{"background-color":"var(--ast-global-color-5)","background-image":"","background-repeat":"repeat","background-position":"center center","background-size":"auto","background-attachment":"scroll","background-type":"","background-media":"","overlay-type":"","overlay-color":"","overlay-opacity":"","overlay-gradient":""},"tablet":{"background-color":"var(--ast-global-color-5)","background-image":"","background-repeat":"repeat","background-position":"center center","background-size":"auto","background-attachment":"scroll","background-type":"","background-media":"","overlay-type":"","overlay-color":"","overlay-opacity":"","overlay-gradient":""},"mobile":{"background-color":"var(--ast-global-color-5)","background-image":"","background-repeat":"repeat","background-position":"center center","background-size":"auto","background-attachment":"scroll","background-type":"","background-media":"","overlay-type":"","overlay-color":"","overlay-opacity":"","overlay-gradient":""}}},"product_brand":[],"product_cat":[107],"product_tag":[],"class_list":{"0":"post-7273","1":"product","2":"type-product","3":"status-publish","4":"has-post-thumbnail","6":"product_cat-carbon-steel-plate","7":"desktop-align-left","8":"tablet-align-left","9":"mobile-align-left","10":"ast-product-gallery-layout-horizontal-slider","11":"ast-product-tabs-layout-horizontal","13":"first","14":"instock","15":"shipping-taxable","16":"product-type-simple"},"uagb_featured_image_src":{"full":["https:\/\/www.shandongruiying.com\/wp-content\/uploads\/2026\/02\/3-5.jpg",600,600,false],"thumbnail":["https:\/\/www.shandongruiying.com\/wp-content\/uploads\/2026\/02\/3-5-150x150.jpg",150,150,true],"medium":["https:\/\/www.shandongruiying.com\/wp-content\/uploads\/2026\/02\/3-5-300x300.jpg",300,300,true],"medium_large":["https:\/\/www.shandongruiying.com\/wp-content\/uploads\/2026\/02\/3-5.jpg",600,600,false],"large":["https:\/\/www.shandongruiying.com\/wp-content\/uploads\/2026\/02\/3-5.jpg",600,600,false],"1536x1536":["https:\/\/www.shandongruiying.com\/wp-content\/uploads\/2026\/02\/3-5.jpg",600,600,false],"2048x2048":["https:\/\/www.shandongruiying.com\/wp-content\/uploads\/2026\/02\/3-5.jpg",600,600,false],"trp-custom-language-flag":["https:\/\/www.shandongruiying.com\/wp-content\/uploads\/2026\/02\/3-5-12x12.jpg",12,12,true],"woocommerce_thumbnail":["https:\/\/www.shandongruiying.com\/wp-content\/uploads\/2026\/02\/3-5-300x300.jpg",300,300,true],"woocommerce_single":["https:\/\/www.shandongruiying.com\/wp-content\/uploads\/2026\/02\/3-5.jpg",600,600,false],"woocommerce_gallery_thumbnail":["https:\/\/www.shandongruiying.com\/wp-content\/uploads\/2026\/02\/3-5-100x100.jpg",100,100,true]},"uagb_author_info":{"display_name":"Shandong Ruiying Import and Export Trading Co., Ltd.","author_link":"https:\/\/www.shandongruiying.com\/es\/author\/"},"uagb_comment_info":0,"uagb_excerpt":"Q345 steel plate is a low-alloy high-strength structural steel plate commonly used in fields such as construction, bridges, aerospace, machinery manufacturing, petroleum drilling, chemical equipment, etc. It is a commonly used steel in China, using Q345 grade and complying with the national standard GB\/T 1591-2008.","_links":{"self":[{"href":"https:\/\/www.shandongruiying.com\/es\/wp-json\/wp\/v2\/product\/7273","targetHints":{"allow":["GET"]}}],"collection":[{"href":"https:\/\/www.shandongruiying.com\/es\/wp-json\/wp\/v2\/product"}],"about":[{"href":"https:\/\/www.shandongruiying.com\/es\/wp-json\/wp\/v2\/types\/product"}],"wp:featuredmedia":[{"embeddable":true,"href":"https:\/\/www.shandongruiying.com\/es\/wp-json\/wp\/v2\/media\/7276"}],"wp:attachment":[{"href":"https:\/\/www.shandongruiying.com\/es\/wp-json\/wp\/v2\/media?parent=7273"}],"wp:term":[{"taxonomy":"product_brand","embeddable":true,"href":"https:\/\/www.shandongruiying.com\/es\/wp-json\/wp\/v2\/product_brand?post=7273"},{"taxonomy":"product_cat","embeddable":true,"href":"https:\/\/www.shandongruiying.com\/es\/wp-json\/wp\/v2\/product_cat?post=7273"},{"taxonomy":"product_tag","embeddable":true,"href":"https:\/\/www.shandongruiying.com\/es\/wp-json\/wp\/v2\/product_tag?post=7273"}],"curies":[{"name":"wp","href":"https:\/\/api.w.org\/{rel}","templated":true}]}}