{"id":7267,"date":"2026-02-28T08:07:28","date_gmt":"2026-02-28T08:07:28","guid":{"rendered":"http:\/\/www.shandongruiying.com\/?post_type=product&#038;p=7267"},"modified":"2026-02-28T09:36:56","modified_gmt":"2026-02-28T09:36:56","slug":"galvanized-plate","status":"publish","type":"product","link":"https:\/\/www.shandongruiying.com\/es\/producto\/galvanized-plate\/","title":{"rendered":"Chapa galvanizada"},"content":{"rendered":"<p>La chapa galvanizada se produce mediante un proceso continuo de galvanizaci\u00f3n en caliente, que tiene una buena resistencia a la corrosi\u00f3n atmosf\u00e9rica.<\/p>\n<p>La vida \u00fatil de la chapa laminada en fr\u00edo puede prolongarse entre 15 y 20 a\u00f1os tras el galvanizado.<\/p>\n<p>Seg\u00fan los distintos sustratos, puede dividirse en bobina galvanizada laminada en caliente y bobina galvanizada laminada en fr\u00edo.<\/p>\n<p>Seg\u00fan la forma, puede clasificarse en chapa plana y chapa laminada, que se utilizan principalmente en la construcci\u00f3n, el autom\u00f3vil, los contenedores, el transporte, los electrodom\u00e9sticos y otros campos.<\/p>\n\n<h2 data-start=\"1210\" data-end=\"1230\">Aplicaciones<\/h2>\n<ul data-start=\"1232\" data-end=\"1362\">\n<li data-start=\"1232\" data-end=\"1250\">\n<p data-start=\"1234\" data-end=\"1250\">L\u00e1minas para tejados<\/p>\n<\/li>\n<li data-start=\"1251\" data-end=\"1277\">\n<p data-start=\"1253\" data-end=\"1277\">Fabricaci\u00f3n estructural<\/p>\n<\/li>\n<li data-start=\"1278\" data-end=\"1292\">\n<p data-start=\"1280\" data-end=\"1292\">Conductos HVAC<\/p>\n<\/li>\n<li data-start=\"1293\" data-end=\"1313\">\n<p data-start=\"1295\" data-end=\"1313\">Piezas de autom\u00f3viles<\/p>\n<\/li>\n<li data-start=\"1314\" data-end=\"1333\">\n<p data-start=\"1316\" data-end=\"1333\">Electrodom\u00e9sticos<\/p>\n<\/li>\n<li data-start=\"1334\" data-end=\"1362\">\n<p data-start=\"1336\" data-end=\"1362\">Proyectos de estructuras met\u00e1licas<\/p>\n<\/li>\n<\/ul>","protected":false},"excerpt":{"rendered":"<p>La chapa galvanizada se produce mediante un proceso continuo de galvanizaci\u00f3n en caliente, que tiene una buena resistencia a la corrosi\u00f3n atmosf\u00e9rica. La vida \u00fatil de la chapa laminada en fr\u00edo puede prolongarse entre 15 y 20 a\u00f1os despu\u00e9s del galvanizado.<\/p>","protected":false},"featured_media":7270,"template":"","meta":{"_seopress_robots_primary_cat":"none","_seopress_titles_title":"Galvanized Steel Plate Supplier | Hot Dipped GI Sheet Manufacturer","_seopress_titles_desc":"High quality galvanized steel plate with zinc coating Z30\u2013Z275. Available in various thickness and widths. Professional hot dipped galvanized (HDG) sheet supplier for construction and industrial applications.","_seopress_robots_index":"","_uag_custom_page_level_css":"","site-sidebar-layout":"default","site-content-layout":"","ast-site-content-layout":"default","site-content-style":"default","site-sidebar-style":"default","ast-global-header-display":"","ast-banner-title-visibility":"","ast-main-header-display":"","ast-hfb-above-header-display":"","ast-hfb-below-header-display":"","ast-hfb-mobile-header-display":"","site-post-title":"","ast-breadcrumbs-content":"","ast-featured-img":"","footer-sml-layout":"","theme-transparent-header-meta":"default","adv-header-id-meta":"","stick-header-meta":"default","header-above-stick-meta":"","header-main-stick-meta":"","header-below-stick-meta":"","astra-migrate-meta-layouts":"set","ast-page-background-enabled":"default","ast-page-background-meta":{"desktop":{"background-color":"","background-image":"","background-repeat":"repeat","background-position":"center center","background-size":"auto","background-attachment":"scroll","background-type":"","background-media":"","overlay-type":"","overlay-color":"","overlay-opacity":"","overlay-gradient":""},"tablet":{"background-color":"","background-image":"","background-repeat":"repeat","background-position":"center center","background-size":"auto","background-attachment":"scroll","background-type":"","background-media":"","overlay-type":"","overlay-color":"","overlay-opacity":"","overlay-gradient":""},"mobile":{"background-color":"","background-image":"","background-repeat":"repeat","background-position":"center center","background-size":"auto","background-attachment":"scroll","background-type":"","background-media":"","overlay-type":"","overlay-color":"","overlay-opacity":"","overlay-gradient":""}},"ast-content-background-meta":{"desktop":{"background-color":"var(--ast-global-color-5)","background-image":"","background-repeat":"repeat","background-position":"center center","background-size":"auto","background-attachment":"scroll","background-type":"","background-media":"","overlay-type":"","overlay-color":"","overlay-opacity":"","overlay-gradient":""},"tablet":{"background-color":"var(--ast-global-color-5)","background-image":"","background-repeat":"repeat","background-position":"center center","background-size":"auto","background-attachment":"scroll","background-type":"","background-media":"","overlay-type":"","overlay-color":"","overlay-opacity":"","overlay-gradient":""},"mobile":{"background-color":"var(--ast-global-color-5)","background-image":"","background-repeat":"repeat","background-position":"center center","background-size":"auto","background-attachment":"scroll","background-type":"","background-media":"","overlay-type":"","overlay-color":"","overlay-opacity":"","overlay-gradient":""}}},"product_brand":[],"product_cat":[109],"product_tag":[],"class_list":{"0":"post-7267","1":"product","2":"type-product","3":"status-publish","4":"has-post-thumbnail","6":"product_cat-galvanized-steel-sheet","7":"desktop-align-left","8":"tablet-align-left","9":"mobile-align-left","10":"ast-product-gallery-layout-horizontal-slider","11":"ast-product-tabs-layout-horizontal","13":"first","14":"instock","15":"shipping-taxable","16":"product-type-simple"},"uagb_featured_image_src":{"full":["https:\/\/www.shandongruiying.com\/wp-content\/uploads\/2026\/02\/1-6.jpg",600,600,false],"thumbnail":["https:\/\/www.shandongruiying.com\/wp-content\/uploads\/2026\/02\/1-6-150x150.jpg",150,150,true],"medium":["https:\/\/www.shandongruiying.com\/wp-content\/uploads\/2026\/02\/1-6-300x300.jpg",300,300,true],"medium_large":["https:\/\/www.shandongruiying.com\/wp-content\/uploads\/2026\/02\/1-6.jpg",600,600,false],"large":["https:\/\/www.shandongruiying.com\/wp-content\/uploads\/2026\/02\/1-6.jpg",600,600,false],"1536x1536":["https:\/\/www.shandongruiying.com\/wp-content\/uploads\/2026\/02\/1-6.jpg",600,600,false],"2048x2048":["https:\/\/www.shandongruiying.com\/wp-content\/uploads\/2026\/02\/1-6.jpg",600,600,false],"trp-custom-language-flag":["https:\/\/www.shandongruiying.com\/wp-content\/uploads\/2026\/02\/1-6-12x12.jpg",12,12,true],"woocommerce_thumbnail":["https:\/\/www.shandongruiying.com\/wp-content\/uploads\/2026\/02\/1-6-300x300.jpg",300,300,true],"woocommerce_single":["https:\/\/www.shandongruiying.com\/wp-content\/uploads\/2026\/02\/1-6.jpg",600,600,false],"woocommerce_gallery_thumbnail":["https:\/\/www.shandongruiying.com\/wp-content\/uploads\/2026\/02\/1-6-100x100.jpg",100,100,true]},"uagb_author_info":{"display_name":"Shandong Ruiying Import and Export Trading Co., Ltd.","author_link":"https:\/\/www.shandongruiying.com\/es\/author\/"},"uagb_comment_info":0,"uagb_excerpt":"Galvanized plate is produced by continuous hot-dip galvanizing process, which has good atmospheric corrosion resistance. The service life of cold-rolled plate can be extended by 15-20 years after galvanizing.","_links":{"self":[{"href":"https:\/\/www.shandongruiying.com\/es\/wp-json\/wp\/v2\/product\/7267","targetHints":{"allow":["GET"]}}],"collection":[{"href":"https:\/\/www.shandongruiying.com\/es\/wp-json\/wp\/v2\/product"}],"about":[{"href":"https:\/\/www.shandongruiying.com\/es\/wp-json\/wp\/v2\/types\/product"}],"wp:featuredmedia":[{"embeddable":true,"href":"https:\/\/www.shandongruiying.com\/es\/wp-json\/wp\/v2\/media\/7270"}],"wp:attachment":[{"href":"https:\/\/www.shandongruiying.com\/es\/wp-json\/wp\/v2\/media?parent=7267"}],"wp:term":[{"taxonomy":"product_brand","embeddable":true,"href":"https:\/\/www.shandongruiying.com\/es\/wp-json\/wp\/v2\/product_brand?post=7267"},{"taxonomy":"product_cat","embeddable":true,"href":"https:\/\/www.shandongruiying.com\/es\/wp-json\/wp\/v2\/product_cat?post=7267"},{"taxonomy":"product_tag","embeddable":true,"href":"https:\/\/www.shandongruiying.com\/es\/wp-json\/wp\/v2\/product_tag?post=7267"}],"curies":[{"name":"wp","href":"https:\/\/api.w.org\/{rel}","templated":true}]}}