{"id":7259,"date":"2026-02-28T07:52:39","date_gmt":"2026-02-28T07:52:39","guid":{"rendered":"http:\/\/www.shandongruiying.com\/?post_type=product&#038;p=7259"},"modified":"2026-02-28T09:34:22","modified_gmt":"2026-02-28T09:34:22","slug":"a36-carbon-steel-bar","status":"publish","type":"product","link":"https:\/\/www.shandongruiying.com\/es\/producto\/a36-carbon-steel-bar\/","title":{"rendered":"Barra de acero al carbono A36"},"content":{"rendered":"<h2><strong><b>Par\u00e1metros del producto<\/b><\/strong><\/h2>\n<table>\n<tbody>\n<tr>\n<td width=\"126\"><\/td>\n<td colspan=\"4\" width=\"441\">Barra de acero al carbono A36<\/td>\n<\/tr>\n<tr>\n<td width=\"126\">Est\u00e1ndar<\/td>\n<td colspan=\"4\" width=\"441\">ES\/DIN\/JIS\/ASTM\/BS\/ASME\/AISI<\/td>\n<\/tr>\n<tr>\n<td width=\"126\">Especificaciones comunes de las barras redondas<\/td>\n<td colspan=\"4\" width=\"441\">3,0-50,8 mm,M\u00e1s de 50,8-300mm<\/td>\n<\/tr>\n<tr>\n<td width=\"126\">Especificaciones comunes de las pletinas<\/td>\n<td colspan=\"4\" width=\"441\">6.35\u00d712.7mm,6.35\u00d725.4mm,12.7\u00d725.4mm<\/td>\n<\/tr>\n<tr>\n<td width=\"126\">Especificaciones comunes de las barras hexagonales<\/td>\n<td colspan=\"4\" width=\"441\">AF5.8mm-17mm<\/td>\n<\/tr>\n<tr>\n<td width=\"126\">Especificaciones comunes de las barras cuadradas<\/td>\n<td colspan=\"4\" width=\"441\">AF2mm-14mm,AF6.35mm,9.5mm,12.7mm,15.98mm,19.0mm,25.4mm<\/td>\n<\/tr>\n<tr>\n<td width=\"126\">Longitud<\/td>\n<td colspan=\"4\" width=\"441\">1-6 metros,Se puede personalizar seg\u00fan los requisitos del cliente<\/td>\n<\/tr>\n<tr>\n<td width=\"126\">Di\u00e1metro<\/p>\n<p>(mm)<\/td>\n<td width=\"99\">Redondos laminados en caliente<\/p>\n<p>&nbsp;<\/td>\n<td width=\"79\">25-600<\/td>\n<td width=\"128\">Barras cuadradas laminadas en fr\u00edo<\/p>\n<p>&nbsp;<\/td>\n<td width=\"134\">6-50.8<\/td>\n<\/tr>\n<tr>\n<td width=\"126\"><\/td>\n<td width=\"99\">Barras cuadradas laminadas en caliente<\/p>\n<p>&nbsp;<\/td>\n<td width=\"79\">21-54<\/td>\n<td width=\"128\">Barras hexagonales laminadas en fr\u00edo<\/p>\n<p>&nbsp;<\/td>\n<td width=\"134\">9.5-65<\/td>\n<\/tr>\n<tr>\n<td width=\"126\"><\/td>\n<td width=\"99\">Barras redondas laminadas en fr\u00edo<\/td>\n<td width=\"79\">6-101.6<\/td>\n<td width=\"128\">Barras de refuerzo forjadas<\/td>\n<td width=\"134\">200-1000<\/td>\n<\/tr>\n<tr>\n<td width=\"126\">T\u00e9cnicas de superficie<\/td>\n<td colspan=\"4\" width=\"441\">Brillante, pulido, negro<\/td>\n<\/tr>\n<tr>\n<td width=\"126\">Otros servicios<\/td>\n<td colspan=\"4\" width=\"441\">Mecanizado (CNC), rectificado sin centros (CG), tratamiento t\u00e9rmico, recocido, decapado, pulido, laminado, forjado, corte, plegado, transformaci\u00f3n a peque\u00f1a escala, etc.<\/td>\n<\/tr>\n<\/tbody>\n<\/table>\n<h2><strong>C<\/strong><strong>componente qu\u00edmico<\/strong><\/h2>\n<table>\n<tbody>\n<tr>\n<td>C<\/td>\n<td>Cu<\/td>\n<td>Fe<\/td>\n<td>Mn<\/td>\n<td>P<\/td>\n<td>Si<\/td>\n<td width=\"76\">S<\/td>\n<\/tr>\n<tr>\n<td width=\"143\">0.25\uff5e0.290<\/td>\n<td width=\"64\">0.20<\/td>\n<td width=\"64\">98.0<\/td>\n<td width=\"64\">1.03<\/td>\n<td width=\"76\">0.040<\/td>\n<td width=\"76\">0.280<\/td>\n<td width=\"76\">0.050<\/td>\n<\/tr>\n<\/tbody>\n<\/table>\n<h3><strong>M<\/strong><strong>Propiedad mec\u00e1nica<\/strong><\/h3>\n<table>\n<tbody>\n<tr>\n<td width=\"72\">A36<\/td>\n<td width=\"73\">Resistencia a la tracci\u00f3n<\/td>\n<td width=\"47\">Resistencia a la tracci\u00f3n, l\u00edmite el\u00e1stico<\/td>\n<td width=\"68\">Alargamiento a la rotura (unidad: )200mm)<\/td>\n<td width=\"56\">Alargamiento a la rotura (unidad50mm)<\/td>\n<td width=\"52\">M\u00f3dulo de elasticidad<\/p>\n<p>&nbsp;<\/td>\n<td width=\"68\">M\u00f3dulo de volumen (valor t\u00edpico para el acero)<\/td>\n<td width=\"56\">Relaci\u00f3n de Poisson<\/td>\n<td width=\"73\">m\u00f3dulo de cizalla<\/td>\n<\/tr>\n<tr>\n<td width=\"72\">Sistema m\u00e9trico<\/td>\n<td width=\"73\">400\uff5e550MPa<\/td>\n<td width=\"47\">250MPa<\/td>\n<td width=\"68\">20.0%<\/td>\n<td width=\"56\">23.0%<\/td>\n<td width=\"52\">200GPa<\/td>\n<td width=\"68\">140GPa<\/td>\n<td width=\"56\">0.260<\/td>\n<td width=\"73\">79,3GPa<\/td>\n<\/tr>\n<tr>\n<td width=\"72\">Sistema imperial<\/td>\n<td width=\"73\">58000\uff5e79800psi<\/td>\n<td width=\"47\">36300 psi<\/td>\n<td width=\"68\">20.0%<\/td>\n<td width=\"56\">23.0%<\/td>\n<td width=\"52\">29000ksi<\/td>\n<td width=\"68\">20300ksi<\/td>\n<td width=\"56\">0.260<\/td>\n<td width=\"73\">11500ksi<\/td>\n<\/tr>\n<\/tbody>\n<\/table>\n<p><img alt=\"\" fetchpriority=\"high\" decoding=\"async\" class=\"alignnone size-full wp-image-7264\" src=\"http:\/\/www.shandongruiying.com\/wp-content\/uploads\/2026\/02\/WPS\u56fe\u72471-1.png\" width=\"598\" height=\"594\" srcset=\"https:\/\/www.shandongruiying.com\/wp-content\/uploads\/2026\/02\/WPS\u56fe\u72471-1.png 598w, https:\/\/www.shandongruiying.com\/wp-content\/uploads\/2026\/02\/WPS\u56fe\u72471-1-300x298.png 300w, https:\/\/www.shandongruiying.com\/wp-content\/uploads\/2026\/02\/WPS\u56fe\u72471-1-150x150.png 150w, https:\/\/www.shandongruiying.com\/wp-content\/uploads\/2026\/02\/WPS\u56fe\u72471-1-12x12.png 12w, https:\/\/www.shandongruiying.com\/wp-content\/uploads\/2026\/02\/WPS\u56fe\u72471-1-100x100.png 100w\" sizes=\"(max-width: 598px) 100vw, 598px\" \/><\/p>\n<p><img alt=\"\" decoding=\"async\" class=\"alignnone size-full wp-image-7265\" src=\"http:\/\/www.shandongruiying.com\/wp-content\/uploads\/2026\/02\/WPS\u56fe\u72472.png\" width=\"598\" height=\"594\" srcset=\"https:\/\/www.shandongruiying.com\/wp-content\/uploads\/2026\/02\/WPS\u56fe\u72472.png 598w, https:\/\/www.shandongruiying.com\/wp-content\/uploads\/2026\/02\/WPS\u56fe\u72472-300x298.png 300w, https:\/\/www.shandongruiying.com\/wp-content\/uploads\/2026\/02\/WPS\u56fe\u72472-150x150.png 150w, https:\/\/www.shandongruiying.com\/wp-content\/uploads\/2026\/02\/WPS\u56fe\u72472-12x12.png 12w, https:\/\/www.shandongruiying.com\/wp-content\/uploads\/2026\/02\/WPS\u56fe\u72472-100x100.png 100w\" sizes=\"(max-width: 598px) 100vw, 598px\" \/><\/p>","protected":false},"excerpt":{"rendered":"<p>El A36 es un acero bajo en carbono que contiene trazas de manganeso, f\u00f3sforo, azufre, silicio, cobre y otros elementos. A36 tiene un excelente rendimiento de soldadura y alto l\u00edmite el\u00e1stico, y es la placa de acero estructural m\u00e1s especificada por los ingenieros. La ASTM A36 se fabrica con mayor frecuencia en diversas piezas de acero estructural. Este grado se utiliza para estructuras soldadas, atornilladas o remachadas en puentes y edificios, as\u00ed como para fines estructurales generales. Debido a su l\u00edmite el\u00e1stico m\u00ednimo, el A36 puede utilizarse para dise\u00f1ar estructuras y equipos m\u00e1s ligeros y ofrece una buena capacidad de soldadura.<\/p>","protected":false},"featured_media":7262,"template":"","meta":{"_seopress_robots_primary_cat":"none","_seopress_titles_title":"ASTM A36 Steel Plate | Low Carbon Structural Steel Supplier","_seopress_titles_desc":"ASTM A36 is a low-carbon structural steel plate with excellent weldability and high yield strength. Widely used in bridges, buildings, and welded structures. Reliable A36 steel plate supplier for global markets.","_seopress_robots_index":"","_uag_custom_page_level_css":"","site-sidebar-layout":"default","site-content-layout":"","ast-site-content-layout":"default","site-content-style":"default","site-sidebar-style":"default","ast-global-header-display":"","ast-banner-title-visibility":"","ast-main-header-display":"","ast-hfb-above-header-display":"","ast-hfb-below-header-display":"","ast-hfb-mobile-header-display":"","site-post-title":"","ast-breadcrumbs-content":"","ast-featured-img":"","footer-sml-layout":"","theme-transparent-header-meta":"default","adv-header-id-meta":"","stick-header-meta":"default","header-above-stick-meta":"","header-main-stick-meta":"","header-below-stick-meta":"","astra-migrate-meta-layouts":"set","ast-page-background-enabled":"default","ast-page-background-meta":{"desktop":{"background-color":"","background-image":"","background-repeat":"repeat","background-position":"center center","background-size":"auto","background-attachment":"scroll","background-type":"","background-media":"","overlay-type":"","overlay-color":"","overlay-opacity":"","overlay-gradient":""},"tablet":{"background-color":"","background-image":"","background-repeat":"repeat","background-position":"center center","background-size":"auto","background-attachment":"scroll","background-type":"","background-media":"","overlay-type":"","overlay-color":"","overlay-opacity":"","overlay-gradient":""},"mobile":{"background-color":"","background-image":"","background-repeat":"repeat","background-position":"center center","background-size":"auto","background-attachment":"scroll","background-type":"","background-media":"","overlay-type":"","overlay-color":"","overlay-opacity":"","overlay-gradient":""}},"ast-content-background-meta":{"desktop":{"background-color":"var(--ast-global-color-5)","background-image":"","background-repeat":"repeat","background-position":"center center","background-size":"auto","background-attachment":"scroll","background-type":"","background-media":"","overlay-type":"","overlay-color":"","overlay-opacity":"","overlay-gradient":""},"tablet":{"background-color":"var(--ast-global-color-5)","background-image":"","background-repeat":"repeat","background-position":"center center","background-size":"auto","background-attachment":"scroll","background-type":"","background-media":"","overlay-type":"","overlay-color":"","overlay-opacity":"","overlay-gradient":""},"mobile":{"background-color":"var(--ast-global-color-5)","background-image":"","background-repeat":"repeat","background-position":"center center","background-size":"auto","background-attachment":"scroll","background-type":"","background-media":"","overlay-type":"","overlay-color":"","overlay-opacity":"","overlay-gradient":""}}},"product_brand":[],"product_cat":[116],"product_tag":[],"class_list":{"0":"post-7259","1":"product","2":"type-product","3":"status-publish","4":"has-post-thumbnail","6":"product_cat-round-bar","7":"desktop-align-left","8":"tablet-align-left","9":"mobile-align-left","10":"ast-product-gallery-layout-horizontal-slider","11":"ast-product-tabs-layout-horizontal","13":"first","14":"instock","15":"shipping-taxable","16":"product-type-simple"},"uagb_featured_image_src":{"full":["https:\/\/www.shandongruiying.com\/wp-content\/uploads\/2026\/02\/1-5.jpg",600,600,false],"thumbnail":["https:\/\/www.shandongruiying.com\/wp-content\/uploads\/2026\/02\/1-5-150x150.jpg",150,150,true],"medium":["https:\/\/www.shandongruiying.com\/wp-content\/uploads\/2026\/02\/1-5-300x300.jpg",300,300,true],"medium_large":["https:\/\/www.shandongruiying.com\/wp-content\/uploads\/2026\/02\/1-5.jpg",600,600,false],"large":["https:\/\/www.shandongruiying.com\/wp-content\/uploads\/2026\/02\/1-5.jpg",600,600,false],"1536x1536":["https:\/\/www.shandongruiying.com\/wp-content\/uploads\/2026\/02\/1-5.jpg",600,600,false],"2048x2048":["https:\/\/www.shandongruiying.com\/wp-content\/uploads\/2026\/02\/1-5.jpg",600,600,false],"trp-custom-language-flag":["https:\/\/www.shandongruiying.com\/wp-content\/uploads\/2026\/02\/1-5-12x12.jpg",12,12,true],"woocommerce_thumbnail":["https:\/\/www.shandongruiying.com\/wp-content\/uploads\/2026\/02\/1-5-300x300.jpg",300,300,true],"woocommerce_single":["https:\/\/www.shandongruiying.com\/wp-content\/uploads\/2026\/02\/1-5.jpg",600,600,false],"woocommerce_gallery_thumbnail":["https:\/\/www.shandongruiying.com\/wp-content\/uploads\/2026\/02\/1-5-100x100.jpg",100,100,true]},"uagb_author_info":{"display_name":"Shandong Ruiying Import and Export Trading Co., Ltd.","author_link":"https:\/\/www.shandongruiying.com\/es\/author\/"},"uagb_comment_info":0,"uagb_excerpt":"A36 is a low-carbon steel that contains trace amounts of manganese, phosphorus, sulfur, silicon, copper and other elements. A36 has excellent welding performance and high yield strength, and is the most specified structural steel plate by engineers. ASTM A36 is most often manufactured into various structural steel parts. This grade is used for welded, bolted&hellip;","_links":{"self":[{"href":"https:\/\/www.shandongruiying.com\/es\/wp-json\/wp\/v2\/product\/7259","targetHints":{"allow":["GET"]}}],"collection":[{"href":"https:\/\/www.shandongruiying.com\/es\/wp-json\/wp\/v2\/product"}],"about":[{"href":"https:\/\/www.shandongruiying.com\/es\/wp-json\/wp\/v2\/types\/product"}],"wp:featuredmedia":[{"embeddable":true,"href":"https:\/\/www.shandongruiying.com\/es\/wp-json\/wp\/v2\/media\/7262"}],"wp:attachment":[{"href":"https:\/\/www.shandongruiying.com\/es\/wp-json\/wp\/v2\/media?parent=7259"}],"wp:term":[{"taxonomy":"product_brand","embeddable":true,"href":"https:\/\/www.shandongruiying.com\/es\/wp-json\/wp\/v2\/product_brand?post=7259"},{"taxonomy":"product_cat","embeddable":true,"href":"https:\/\/www.shandongruiying.com\/es\/wp-json\/wp\/v2\/product_cat?post=7259"},{"taxonomy":"product_tag","embeddable":true,"href":"https:\/\/www.shandongruiying.com\/es\/wp-json\/wp\/v2\/product_tag?post=7259"}],"curies":[{"name":"wp","href":"https:\/\/api.w.org\/{rel}","templated":true}]}}