{"id":7211,"date":"2026-02-06T09:11:15","date_gmt":"2026-02-06T09:11:15","guid":{"rendered":"http:\/\/www.shandongruiying.com\/?post_type=product&#038;p=7211"},"modified":"2026-03-02T02:17:57","modified_gmt":"2026-03-02T02:17:57","slug":"seamless-steel-pipe","status":"publish","type":"product","link":"https:\/\/www.shandongruiying.com\/es\/producto\/seamless-steel-pipe\/","title":{"rendered":"Tubo de acero sin soldadura"},"content":{"rendered":"<table>\n<tbody>\n<tr>\n<td width=\"278\">Est\u00e1ndar<\/td>\n<td width=\"275\"><\/td>\n<\/tr>\n<tr>\n<td width=\"278\">ASTM A106\/A179\/A192A\/A210\/A213<\/td>\n<td colspan=\"2\" width=\"278\"><\/td>\n<\/tr>\n<tr>\n<td width=\"278\">A312\/A335\/A376 \/<\/td>\n<td colspan=\"2\" width=\"278\"><\/td>\n<\/tr>\n<tr>\n<td width=\"278\">EN 10216-1\/10216-2\/10216-3\/10216-5<\/td>\n<td colspan=\"2\" width=\"278\"><\/td>\n<\/tr>\n<tr>\n<td width=\"278\">GB 6479\/9948 GB\/T 5310\/3087\/5312<\/td>\n<td colspan=\"2\" width=\"278\">API SPEC 5L PSL1 \/PSL2<\/td>\n<\/tr>\n<tr>\n<td width=\"278\">Tallas<\/td>\n<td colspan=\"2\" width=\"278\"><\/td>\n<\/tr>\n<tr>\n<td width=\"278\">OD:\u03c66~1016mm, THK;1mm~60mm.<\/td>\n<td colspan=\"2\" width=\"278\">OD\u03c66~1016mm, WT1mm~60mm.<\/td>\n<\/tr>\n<\/tbody>\n<\/table>\n<p><strong>Mec\u00e1nica<\/strong><\/p>\n<p><strong>propiedades<\/strong><\/p>\n<p><img alt=\"\" fetchpriority=\"high\" decoding=\"async\" class=\"alignnone size-full wp-image-7239\" src=\"http:\/\/www.shandongruiying.com\/wp-content\/uploads\/2026\/02\/WPS\u56fe\u72471.png\" width=\"989\" height=\"768\" srcset=\"https:\/\/www.shandongruiying.com\/wp-content\/uploads\/2026\/02\/WPS\u56fe\u72471.png 989w, https:\/\/www.shandongruiying.com\/wp-content\/uploads\/2026\/02\/WPS\u56fe\u72471-300x233.png 300w, https:\/\/www.shandongruiying.com\/wp-content\/uploads\/2026\/02\/WPS\u56fe\u72471-768x596.png 768w, https:\/\/www.shandongruiying.com\/wp-content\/uploads\/2026\/02\/WPS\u56fe\u72471-15x12.png 15w, https:\/\/www.shandongruiying.com\/wp-content\/uploads\/2026\/02\/WPS\u56fe\u72471-600x466.png 600w\" sizes=\"(max-width: 989px) 100vw, 989px\" \/><\/p>","protected":false},"excerpt":{"rendered":"<p>Los tubos de acero sin soldadura son tubos de acero de alto rendimiento fabricados sin costuras de soldadura, lo que garantiza una mayor solidez, resistencia a la presi\u00f3n e integridad estructural. En comparaci\u00f3n con los tubos soldados, los tubos sin soldadura ofrecen una mayor uniformidad y mejores propiedades mec\u00e1nicas, lo que los hace ideales para aplicaciones cr\u00edticas y de alta presi\u00f3n.<\/p>","protected":false},"featured_media":7240,"template":"","meta":{"_seopress_robots_primary_cat":"none","_seopress_titles_title":"Seamless Steel Tube Manufacturer | Carbon & Alloy Steel Pipe Supplier","_seopress_titles_desc":"Professional seamless steel tube manufacturer and exporter in China. We supply carbon, alloy, and API seamless steel pipes with high strength, precision dimensions, and global delivery support.","_seopress_robots_index":"","_uag_custom_page_level_css":"","site-sidebar-layout":"default","site-content-layout":"","ast-site-content-layout":"default","site-content-style":"default","site-sidebar-style":"default","ast-global-header-display":"","ast-banner-title-visibility":"","ast-main-header-display":"","ast-hfb-above-header-display":"","ast-hfb-below-header-display":"","ast-hfb-mobile-header-display":"","site-post-title":"","ast-breadcrumbs-content":"","ast-featured-img":"","footer-sml-layout":"","theme-transparent-header-meta":"default","adv-header-id-meta":"","stick-header-meta":"default","header-above-stick-meta":"","header-main-stick-meta":"","header-below-stick-meta":"","astra-migrate-meta-layouts":"set","ast-page-background-enabled":"default","ast-page-background-meta":{"desktop":{"background-color":"","background-image":"","background-repeat":"repeat","background-position":"center center","background-size":"auto","background-attachment":"scroll","background-type":"","background-media":"","overlay-type":"","overlay-color":"","overlay-opacity":"","overlay-gradient":""},"tablet":{"background-color":"","background-image":"","background-repeat":"repeat","background-position":"center center","background-size":"auto","background-attachment":"scroll","background-type":"","background-media":"","overlay-type":"","overlay-color":"","overlay-opacity":"","overlay-gradient":""},"mobile":{"background-color":"","background-image":"","background-repeat":"repeat","background-position":"center center","background-size":"auto","background-attachment":"scroll","background-type":"","background-media":"","overlay-type":"","overlay-color":"","overlay-opacity":"","overlay-gradient":""}},"ast-content-background-meta":{"desktop":{"background-color":"var(--ast-global-color-5)","background-image":"","background-repeat":"repeat","background-position":"center center","background-size":"auto","background-attachment":"scroll","background-type":"","background-media":"","overlay-type":"","overlay-color":"","overlay-opacity":"","overlay-gradient":""},"tablet":{"background-color":"var(--ast-global-color-5)","background-image":"","background-repeat":"repeat","background-position":"center center","background-size":"auto","background-attachment":"scroll","background-type":"","background-media":"","overlay-type":"","overlay-color":"","overlay-opacity":"","overlay-gradient":""},"mobile":{"background-color":"var(--ast-global-color-5)","background-image":"","background-repeat":"repeat","background-position":"center center","background-size":"auto","background-attachment":"scroll","background-type":"","background-media":"","overlay-type":"","overlay-color":"","overlay-opacity":"","overlay-gradient":""}}},"product_brand":[],"product_cat":[99],"product_tag":[],"class_list":{"0":"post-7211","1":"product","2":"type-product","3":"status-publish","4":"has-post-thumbnail","6":"product_cat-seamless-steel-pipe","7":"desktop-align-left","8":"tablet-align-left","9":"mobile-align-left","10":"ast-product-gallery-layout-horizontal-slider","11":"ast-product-tabs-layout-horizontal","13":"first","14":"instock","15":"shipping-taxable","16":"product-type-simple"},"uagb_featured_image_src":{"full":["https:\/\/www.shandongruiying.com\/wp-content\/uploads\/2026\/02\/1-4.jpg",600,600,false],"thumbnail":["https:\/\/www.shandongruiying.com\/wp-content\/uploads\/2026\/02\/1-4-150x150.jpg",150,150,true],"medium":["https:\/\/www.shandongruiying.com\/wp-content\/uploads\/2026\/02\/1-4-300x300.jpg",300,300,true],"medium_large":["https:\/\/www.shandongruiying.com\/wp-content\/uploads\/2026\/02\/1-4.jpg",600,600,false],"large":["https:\/\/www.shandongruiying.com\/wp-content\/uploads\/2026\/02\/1-4.jpg",600,600,false],"1536x1536":["https:\/\/www.shandongruiying.com\/wp-content\/uploads\/2026\/02\/1-4.jpg",600,600,false],"2048x2048":["https:\/\/www.shandongruiying.com\/wp-content\/uploads\/2026\/02\/1-4.jpg",600,600,false],"trp-custom-language-flag":["https:\/\/www.shandongruiying.com\/wp-content\/uploads\/2026\/02\/1-4-12x12.jpg",12,12,true],"woocommerce_thumbnail":["https:\/\/www.shandongruiying.com\/wp-content\/uploads\/2026\/02\/1-4-300x300.jpg",300,300,true],"woocommerce_single":["https:\/\/www.shandongruiying.com\/wp-content\/uploads\/2026\/02\/1-4.jpg",600,600,false],"woocommerce_gallery_thumbnail":["https:\/\/www.shandongruiying.com\/wp-content\/uploads\/2026\/02\/1-4-100x100.jpg",100,100,true]},"uagb_author_info":{"display_name":"Shandong Ruiying Import and Export Trading Co., Ltd.","author_link":"https:\/\/www.shandongruiying.com\/es\/author\/"},"uagb_comment_info":0,"uagb_excerpt":"Seamless steel tubes are high-performance steel pipes manufactured without welding seams, ensuring superior strength, pressure resistance, and structural integrity. Compared with welded pipes, seamless tubes offer better uniformity and enhanced mechanical properties, making them ideal for high-pressure and critical applications.","_links":{"self":[{"href":"https:\/\/www.shandongruiying.com\/es\/wp-json\/wp\/v2\/product\/7211","targetHints":{"allow":["GET"]}}],"collection":[{"href":"https:\/\/www.shandongruiying.com\/es\/wp-json\/wp\/v2\/product"}],"about":[{"href":"https:\/\/www.shandongruiying.com\/es\/wp-json\/wp\/v2\/types\/product"}],"wp:featuredmedia":[{"embeddable":true,"href":"https:\/\/www.shandongruiying.com\/es\/wp-json\/wp\/v2\/media\/7240"}],"wp:attachment":[{"href":"https:\/\/www.shandongruiying.com\/es\/wp-json\/wp\/v2\/media?parent=7211"}],"wp:term":[{"taxonomy":"product_brand","embeddable":true,"href":"https:\/\/www.shandongruiying.com\/es\/wp-json\/wp\/v2\/product_brand?post=7211"},{"taxonomy":"product_cat","embeddable":true,"href":"https:\/\/www.shandongruiying.com\/es\/wp-json\/wp\/v2\/product_cat?post=7211"},{"taxonomy":"product_tag","embeddable":true,"href":"https:\/\/www.shandongruiying.com\/es\/wp-json\/wp\/v2\/product_tag?post=7211"}],"curies":[{"name":"wp","href":"https:\/\/api.w.org\/{rel}","templated":true}]}}