{"id":59,"date":"2025-05-15T14:54:02","date_gmt":"2025-05-15T14:54:02","guid":{"rendered":"https:\/\/shengjiamachine.com\/about\/"},"modified":"2026-02-25T07:59:51","modified_gmt":"2026-02-25T07:59:51","slug":"about","status":"publish","type":"page","link":"https:\/\/www.shandongruiying.com\/es\/about\/","title":{"rendered":"Acerca de"},"content":{"rendered":"<div data-elementor-type=\"wp-page\" data-elementor-id=\"59\" class=\"elementor elementor-59\" data-elementor-post-type=\"page\">\n\t\t\t\t<div class=\"elementor-element elementor-element-8cb05f2 e-con-full e-flex e-con e-parent\" data-id=\"8cb05f2\" data-element_type=\"container\" data-e-type=\"container\">\n\t\t\t\t<div class=\"elementor-element elementor-element-8203bf8 elementor-widget elementor-widget-image\" data-id=\"8203bf8\" data-element_type=\"widget\" data-e-type=\"widget\" data-widget_type=\"image.default\">\n\t\t\t\t\t\t<div class=\"elementor-widget-container\">\n\t\t\t\t\t\t\t\t\t\t\t\t\t\t\t<img alt=\"\" fetchpriority=\"high\" decoding=\"async\" width=\"1920\" height=\"500\" src=\"https:\/\/www.shandongruiying.com\/wp-content\/uploads\/2026\/02\/about.jpg\" class=\"attachment-full size-full wp-image-7097\" srcset=\"https:\/\/www.shandongruiying.com\/wp-content\/uploads\/2026\/02\/about.jpg 1920w, https:\/\/www.shandongruiying.com\/wp-content\/uploads\/2026\/02\/about-300x78.jpg 300w, https:\/\/www.shandongruiying.com\/wp-content\/uploads\/2026\/02\/about-1024x267.jpg 1024w, https:\/\/www.shandongruiying.com\/wp-content\/uploads\/2026\/02\/about-768x200.jpg 768w, https:\/\/www.shandongruiying.com\/wp-content\/uploads\/2026\/02\/about-1536x400.jpg 1536w, https:\/\/www.shandongruiying.com\/wp-content\/uploads\/2026\/02\/about-18x5.jpg 18w, https:\/\/www.shandongruiying.com\/wp-content\/uploads\/2026\/02\/about-600x156.jpg 600w\" sizes=\"(max-width: 1920px) 100vw, 1920px\" \/>\t\t\t\t\t\t\t\t\t\t\t\t\t\t\t<\/div>\n\t\t\t\t<\/div>\n\t\t\t\t<\/div>\n\t\t<div class=\"elementor-element elementor-element-9891fe5 e-flex e-con-boxed e-con e-parent\" data-id=\"9891fe5\" data-element_type=\"container\" data-e-type=\"container\">\n\t\t\t\t\t<div class=\"e-con-inner\">\n\t\t\t\t<div class=\"elementor-element elementor-element-e200fc8 elementor-widget elementor-widget-ucaddon_square_icon_box\" data-id=\"e200fc8\" data-element_type=\"widget\" data-e-type=\"widget\" data-widget_type=\"ucaddon_square_icon_box.default\">\n\t\t\t\t\t\t<div class=\"elementor-widget-container\">\n\t\t\t\t\t\n<!-- start Icon Box -->\n\t\t<link id='font-awesome-css' href='https:\/\/www.shandongruiying.com\/wp-content\/plugins\/unlimited-elements-for-elementor-premium\/assets_libraries\/font-awesome6\/fontawesome-all.min.css' type='text\/css' rel='stylesheet' >\n\t\t<link id='font-awesome-4-shim-css' href='https:\/\/www.shandongruiying.com\/wp-content\/plugins\/unlimited-elements-for-elementor-premium\/assets_libraries\/font-awesome6\/fontawesome-v4-shims.min.css' type='text\/css' rel='stylesheet' >\n\n<style>\/* widget: Icon Box *\/\n\n#uc_square_icon_box_elementor_e200fc8 * { \n\tbox-sizing: border-box; \n}\n\n#uc_square_icon_box_elementor_e200fc8{\n\tfont-family: inherit;\n    transition:0.3s;\n    position:relative;\n}\n\n#uc_square_icon_box_elementor_e200fc8 .blox-boxed-small-square-icon-box-icon{\n\t\n\tposition:relative;\n    display:flex;\n    justify-content:center;\n    align-items:center;\n    transform:rotate(0deg);\n    z-index:2;\n}\n#uc_square_icon_box_elementor_e200fc8 .ue-icon {\n  display:inline-block;\n}\n#uc_square_icon_box_elementor_e200fc8 .blox-boxed-small-square-icon-box-icon > div{\n\t\n\tposition:relative;\n    display:flex;\n    justify-content:center;\n    align-items:center;\n    transform:rotate(-0deg);\n}\n#uc_square_icon_box_elementor_e200fc8 .ue-icon-inner{\n    line-height:1em;\n\t} \t\n\n\n#uc_square_icon_box_elementor_e200fc8 .ue-icon-inner svg{\n    height:1em;\n    width:1em;\n\t} \t\n\t\n.blox-boxed-small-square-icon-box-heading{\n\tfont-size:21px;\n\t}\n\n\n#uc_square_icon_box_elementor_e200fc8:hover\n{\n  position:relative;\n  z-index:1;\n}\n\n\n#uc_square_icon_box_elementor_e200fc8 .ue_box_button\n{\n  text-align:center;\n  text-decoration:none;\n  display:inline-block;\n  transition:0.3s;\n}\n\n\n#uc_square_icon_box_elementor_e200fc8 span.line\n{\n  display:block;\n  position:absolute;\n  top:0;\n  left:0;\n  width:0px;\n  transition:0.3s;\n}\n\n#uc_square_icon_box_elementor_e200fc8:hover span.line\n{\n  width:100%;\n}\n\n#uc_square_icon_box_elementor_e200fc8 .ue-title-separator span\n{\n  display:inline-block;\n  transition:0.3s;\n}\n\n\n\n\n\n<\/style>\n\n<div class=\"square_icon_box\" id=\"uc_square_icon_box_elementor_e200fc8\">\n  \n  \t\t  \n  \n         \n  \t\t        <div class=\"blox-boxed-small-square-icon-box-heading\">\n        \tShandong Ruiying Import and Export Trading Co.\n        <\/div>\n          \n  \t\t  \n  \n          \n  \t\t        \n          \n  \t\t  \n<\/div>\n<!-- end Icon Box -->\t\t\t\t<\/div>\n\t\t\t\t<\/div>\n\t\t\t\t<div class=\"elementor-element elementor-element-b2552b8 elementor-widget elementor-widget-text-editor\" data-id=\"b2552b8\" data-element_type=\"widget\" data-e-type=\"widget\" data-widget_type=\"text-editor.default\">\n\t\t\t\t\t\t<div class=\"elementor-widget-container\">\n\t\t\t\t\t\t\t\t\t<p>Shandong Ruiying Import and Export Trading Co., Ltd. se fund\u00f3 en 2020, con una superficie de 2.100 km\u00b2. Est\u00e1 situada en una famosa zona de producci\u00f3n de acero de China y es un productor global de acero que integra la producci\u00f3n, el procesamiento y las ventas.<\/p><p>Nuestra empresa mantiene un inventario constante de 1.000 toneladas durante todo el a\u00f1o, que abarca diversos productos de acero, con un volumen de ventas anual superior a 300 millones de yuanes. Nuestra red de ventas abarca m\u00e1s de 50 pa\u00edses y regiones de todo el mundo.<\/p><p>Nuestros principales productos incluyen: tubos de acero, placas de acero, varillas de acero, perfiles y herramientas de perforaci\u00f3n, etc. Contamos con un conjunto completo de sistemas de producci\u00f3n, procesamiento, embalaje, venta, transporte y servicio posventa, y nuestras tres l\u00edneas de producci\u00f3n producen continuamente para ofrecer a los clientes los productos y servicios posventa m\u00e1s profesionales, autorizados y fiables. Nuestro objetivo de desarrollo es convertirnos en una empresa de comercio exterior con cierta influencia y competitividad en la industria, proporcionando a los clientes m\u00e1s y mejores productos y servicios. En el futuro, seguiremos optimizando la estructura de los productos, reforzando la capacidad de I+D, mejorando la eficiencia de la producci\u00f3n, ampliando el mercado internacional y esforz\u00e1ndonos por lograr un desarrollo sostenible de la empresa.<\/p><p>Nos adherimos a la filosof\u00eda empresarial de \"honestidad, pragmatismo, innovaci\u00f3n y ganar-ganar\", y seguimos la pol\u00edtica empresarial de \"centrarnos en los clientes, sobrevivir gracias a la calidad, buscar beneficios a trav\u00e9s de la gesti\u00f3n y desarrollarnos gracias a la reputaci\u00f3n\". Aumentamos continuamente nuestra competitividad y creamos m\u00e1s valor para los clientes.<\/p><p>En esta era llena de oportunidades y retos, seguiremos esforz\u00e1ndonos e innovando, y colaborando con los clientes para crear un futuro mejor. Esperamos cooperar con usted y desarrollarnos juntos.<\/p>\t\t\t\t\t\t\t\t<\/div>\n\t\t\t\t<\/div>\n\t\t\t\t\t<\/div>\n\t\t\t\t<\/div>\n\t\t<div class=\"elementor-element elementor-element-34a6247 e-con-full e-flex e-con e-parent\" data-id=\"34a6247\" data-element_type=\"container\" data-e-type=\"container\" data-settings=\"{&quot;background_background&quot;:&quot;classic&quot;}\">\n\t\t<div class=\"elementor-element elementor-element-5c83e735 e-flex e-con-boxed e-con e-child\" data-id=\"5c83e735\" data-element_type=\"container\" data-e-type=\"container\" data-settings=\"{&quot;background_background&quot;:&quot;classic&quot;}\">\n\t\t\t\t\t<div class=\"e-con-inner\">\n\t\t<div class=\"elementor-element elementor-element-211c874d e-grid e-con-full e-con e-child\" data-id=\"211c874d\" data-element_type=\"container\" data-e-type=\"container\" data-settings=\"{&quot;background_background&quot;:&quot;classic&quot;}\">\n\t\t<div class=\"elementor-element elementor-element-6625c61d e-con-full e-flex e-con e-child\" data-id=\"6625c61d\" data-element_type=\"container\" data-e-type=\"container\" data-settings=\"{&quot;background_background&quot;:&quot;classic&quot;}\">\n\t\t\t\t<div class=\"elementor-element elementor-element-60b830b5 elementor-widget elementor-widget-counter\" data-id=\"60b830b5\" data-element_type=\"widget\" data-e-type=\"widget\" data-widget_type=\"counter.default\">\n\t\t\t\t\t\t<div class=\"elementor-widget-container\">\n\t\t\t\t\t\t\t<div class=\"elementor-counter\">\n\t\t\t<div class=\"elementor-counter-title\">a\u00f1os de experiencia en el sector<\/div>\t\t\t<div class=\"elementor-counter-number-wrapper\">\n\t\t\t\t<span class=\"elementor-counter-number-prefix\"><\/span>\n\t\t\t\t<span class=\"elementor-counter-number\" data-duration=\"2000\" data-to-value=\"6\" data-from-value=\"0\">0<\/span>\n\t\t\t\t<span class=\"elementor-counter-number-suffix\">+<\/span>\n\t\t\t<\/div>\n\t\t<\/div>\n\t\t\t\t\t\t<\/div>\n\t\t\t\t<\/div>\n\t\t\t\t<div class=\"elementor-element elementor-element-39c2652d elementor-widget elementor-widget-heading\" data-id=\"39c2652d\" data-element_type=\"widget\" data-e-type=\"widget\" data-widget_type=\"heading.default\">\n\t\t\t\t\t\t<div class=\"elementor-widget-container\">\n\t\t\t\t\t<h6 class=\"elementor-heading-title elementor-size-default\">Empresa creada en 2020\n\n<\/h6>\t\t\t\t<\/div>\n\t\t\t\t<\/div>\n\t\t\t\t<\/div>\n\t\t<div class=\"elementor-element elementor-element-7a81c4c2 e-con-full e-flex e-con e-child\" data-id=\"7a81c4c2\" data-element_type=\"container\" data-e-type=\"container\">\n\t\t\t\t<div class=\"elementor-element elementor-element-7c714859 elementor-widget elementor-widget-counter\" data-id=\"7c714859\" data-element_type=\"widget\" data-e-type=\"widget\" data-widget_type=\"counter.default\">\n\t\t\t\t\t\t<div class=\"elementor-widget-container\">\n\t\t\t\t\t\t\t<div class=\"elementor-counter\">\n\t\t\t<div class=\"elementor-counter-title\">pa\u00edses<\/div>\t\t\t<div class=\"elementor-counter-number-wrapper\">\n\t\t\t\t<span class=\"elementor-counter-number-prefix\"><\/span>\n\t\t\t\t<span class=\"elementor-counter-number\" data-duration=\"2000\" data-to-value=\"50\" data-from-value=\"0\">0<\/span>\n\t\t\t\t<span class=\"elementor-counter-number-suffix\">+<\/span>\n\t\t\t<\/div>\n\t\t<\/div>\n\t\t\t\t\t\t<\/div>\n\t\t\t\t<\/div>\n\t\t\t\t<div class=\"elementor-element elementor-element-1050c9bc elementor-widget elementor-widget-heading\" data-id=\"1050c9bc\" data-element_type=\"widget\" data-e-type=\"widget\" data-widget_type=\"heading.default\">\n\t\t\t\t\t\t<div class=\"elementor-widget-container\">\n\t\t\t\t\t<h6 class=\"elementor-heading-title elementor-size-default\">Nuestra red de ventas abarca m\u00e1s de 50 pa\u00edses y regiones de todo el mundo.<\/h6>\t\t\t\t<\/div>\n\t\t\t\t<\/div>\n\t\t\t\t<\/div>\n\t\t<div class=\"elementor-element elementor-element-3cb22db1 e-con-full e-flex e-con e-child\" data-id=\"3cb22db1\" data-element_type=\"container\" data-e-type=\"container\">\n\t\t\t\t<div class=\"elementor-element elementor-element-3e1bb2ff elementor-widget elementor-widget-counter\" data-id=\"3e1bb2ff\" data-element_type=\"widget\" data-e-type=\"widget\" data-widget_type=\"counter.default\">\n\t\t\t\t\t\t<div class=\"elementor-widget-container\">\n\t\t\t\t\t\t\t<div class=\"elementor-counter\">\n\t\t\t<div class=\"elementor-counter-title\">millones de yuanes<\/div>\t\t\t<div class=\"elementor-counter-number-wrapper\">\n\t\t\t\t<span class=\"elementor-counter-number-prefix\"><\/span>\n\t\t\t\t<span class=\"elementor-counter-number\" data-duration=\"2000\" data-to-value=\"300\" data-from-value=\"0\">0<\/span>\n\t\t\t\t<span class=\"elementor-counter-number-suffix\">+<\/span>\n\t\t\t<\/div>\n\t\t<\/div>\n\t\t\t\t\t\t<\/div>\n\t\t\t\t<\/div>\n\t\t\t\t<div class=\"elementor-element elementor-element-906e317 elementor-widget elementor-widget-heading\" data-id=\"906e317\" data-element_type=\"widget\" data-e-type=\"widget\" data-widget_type=\"heading.default\">\n\t\t\t\t\t\t<div class=\"elementor-widget-container\">\n\t\t\t\t\t<h6 class=\"elementor-heading-title elementor-size-default\">Ventas anuales superiores a 300 millones de yuanes<\/h6>\t\t\t\t<\/div>\n\t\t\t\t<\/div>\n\t\t\t\t<\/div>\n\t\t<div class=\"elementor-element elementor-element-5bfe58c4 e-con-full e-flex e-con e-child\" data-id=\"5bfe58c4\" data-element_type=\"container\" data-e-type=\"container\">\n\t\t\t\t<div class=\"elementor-element elementor-element-7f0e6cea elementor-widget elementor-widget-counter\" data-id=\"7f0e6cea\" data-element_type=\"widget\" data-e-type=\"widget\" data-widget_type=\"counter.default\">\n\t\t\t\t\t\t<div class=\"elementor-widget-container\">\n\t\t\t\t\t\t\t<div class=\"elementor-counter\">\n\t\t\t<div class=\"elementor-counter-title\"> m\u00b2<\/div>\t\t\t<div class=\"elementor-counter-number-wrapper\">\n\t\t\t\t<span class=\"elementor-counter-number-prefix\"><\/span>\n\t\t\t\t<span class=\"elementor-counter-number\" data-duration=\"2000\" data-to-value=\"2100\" data-from-value=\"0\">0<\/span>\n\t\t\t\t<span class=\"elementor-counter-number-suffix\"><\/span>\n\t\t\t<\/div>\n\t\t<\/div>\n\t\t\t\t\t\t<\/div>\n\t\t\t\t<\/div>\n\t\t\t\t<div class=\"elementor-element elementor-element-343b09c9 elementor-widget elementor-widget-heading\" data-id=\"343b09c9\" data-element_type=\"widget\" data-e-type=\"widget\" data-widget_type=\"heading.default\">\n\t\t\t\t\t\t<div class=\"elementor-widget-container\">\n\t\t\t\t\t<h6 class=\"elementor-heading-title elementor-size-default\">Con una superficie de 2100 m\u00b2\n\n\n\n\n<\/h6>\t\t\t\t<\/div>\n\t\t\t\t<\/div>\n\t\t\t\t<\/div>\n\t\t\t\t<\/div>\n\t\t\t\t\t<\/div>\n\t\t\t\t<\/div>\n\t\t\t\t<\/div>\n\t\t<div class=\"elementor-element elementor-element-a57b735 e-flex e-con-boxed e-con e-parent\" data-id=\"a57b735\" data-element_type=\"container\" data-e-type=\"container\">\n\t\t\t\t\t<div class=\"e-con-inner\">\n\t\t<div class=\"elementor-element elementor-element-755f1d9 e-grid e-con-full e-con e-child\" data-id=\"755f1d9\" data-element_type=\"container\" data-e-type=\"container\">\n\t\t<div class=\"elementor-element elementor-element-b2f1d06 e-con-full e-flex e-con e-child\" data-id=\"b2f1d06\" data-element_type=\"container\" data-e-type=\"container\">\n\t\t\t\t<div class=\"elementor-element elementor-element-61b78d4 elementor-widget elementor-widget-heading\" data-id=\"61b78d4\" data-element_type=\"widget\" data-e-type=\"widget\" data-widget_type=\"heading.default\">\n\t\t\t\t\t\t<div class=\"elementor-widget-container\">\n\t\t\t\t\t<h2 class=\"elementor-heading-title elementor-size-default\">Le ofrecemos<\/h2>\t\t\t\t<\/div>\n\t\t\t\t<\/div>\n\t\t\t\t<div class=\"elementor-element elementor-element-4ff0bfc elementor-widget elementor-widget-heading\" data-id=\"4ff0bfc\" data-element_type=\"widget\" data-e-type=\"widget\" data-widget_type=\"heading.default\">\n\t\t\t\t\t\t<div class=\"elementor-widget-container\">\n\t\t\t\t\t<h2 class=\"elementor-heading-title elementor-size-default\">productos sider\u00fargicos<\/h2>\t\t\t\t<\/div>\n\t\t\t\t<\/div>\n\t\t\t\t<div class=\"elementor-element elementor-element-e9fb43c elementor-widget elementor-widget-text-editor\" data-id=\"e9fb43c\" data-element_type=\"widget\" data-e-type=\"widget\" data-widget_type=\"text-editor.default\">\n\t\t\t\t\t\t<div class=\"elementor-widget-container\">\n\t\t\t\t\t\t\t\t\t<p>Nuestro objetivo de desarrollo es convertirnos en una empresa de comercio exterior con una influencia y competitividad significativas en la industria, proporcionando a los clientes m\u00e1s y mejores productos y servicios. En el futuro, seguiremos optimizando nuestra estructura de productos, reforzando nuestras capacidades de I+D, mejorando la eficiencia de la producci\u00f3n, expandi\u00e9ndonos a los mercados internacionales y esforz\u00e1ndonos por lograr un desarrollo sostenible para la empresa.<\/p>\t\t\t\t\t\t\t\t<\/div>\n\t\t\t\t<\/div>\n\t\t\t\t<div class=\"elementor-element elementor-element-9900664 elementor-icon-list--layout-traditional elementor-list-item-link-full_width elementor-widget elementor-widget-icon-list\" data-id=\"9900664\" data-element_type=\"widget\" data-e-type=\"widget\" data-widget_type=\"icon-list.default\">\n\t\t\t\t\t\t<div class=\"elementor-widget-container\">\n\t\t\t\t\t\t\t<ul class=\"elementor-icon-list-items\">\n\t\t\t\t\t\t\t<li class=\"elementor-icon-list-item\">\n\t\t\t\t\t\t\t\t\t\t\t<span class=\"elementor-icon-list-icon\">\n\t\t\t\t\t\t\t<svg aria-hidden=\"true\" class=\"e-font-icon-svg e-fas-check\" viewbox=\"0 0 512 512\" xmlns=\"http:\/\/www.w3.org\/2000\/svg\"><path d=\"M173.898 439.404l-166.4-166.4c-9.997-9.997-9.997-26.206 0-36.204l36.203-36.204c9.997-9.998 26.207-9.998 36.204 0L192 312.69 432.095 72.596c9.997-9.997 26.207-9.997 36.204 0l36.203 36.204c9.997 9.997 9.997 26.206 0 36.204l-294.4 294.401c-9.998 9.997-26.207 9.997-36.204-.001z\"><\/path><\/svg>\t\t\t\t\t\t<\/span>\n\t\t\t\t\t\t\t\t\t\t<span class=\"elementor-icon-list-text\">Alta resistencia y buena plasticidad<\/span>\n\t\t\t\t\t\t\t\t\t<\/li>\n\t\t\t\t\t\t\t\t<li class=\"elementor-icon-list-item\">\n\t\t\t\t\t\t\t\t\t\t\t<span class=\"elementor-icon-list-icon\">\n\t\t\t\t\t\t\t<svg aria-hidden=\"true\" class=\"e-font-icon-svg e-fas-check\" viewbox=\"0 0 512 512\" xmlns=\"http:\/\/www.w3.org\/2000\/svg\"><path d=\"M173.898 439.404l-166.4-166.4c-9.997-9.997-9.997-26.206 0-36.204l36.203-36.204c9.997-9.998 26.207-9.998 36.204 0L192 312.69 432.095 72.596c9.997-9.997 26.207-9.997 36.204 0l36.203 36.204c9.997 9.997 9.997 26.206 0 36.204l-294.4 294.401c-9.998 9.997-26.207 9.997-36.204-.001z\"><\/path><\/svg>\t\t\t\t\t\t<\/span>\n\t\t\t\t\t\t\t\t\t\t<span class=\"elementor-icon-list-text\">Excelente procesabilidad<\/span>\n\t\t\t\t\t\t\t\t\t<\/li>\n\t\t\t\t\t\t\t\t<li class=\"elementor-icon-list-item\">\n\t\t\t\t\t\t\t\t\t\t\t<span class=\"elementor-icon-list-icon\">\n\t\t\t\t\t\t\t<svg aria-hidden=\"true\" class=\"e-font-icon-svg e-fas-check\" viewbox=\"0 0 512 512\" xmlns=\"http:\/\/www.w3.org\/2000\/svg\"><path d=\"M173.898 439.404l-166.4-166.4c-9.997-9.997-9.997-26.206 0-36.204l36.203-36.204c9.997-9.998 26.207-9.998 36.204 0L192 312.69 432.095 72.596c9.997-9.997 26.207-9.997 36.204 0l36.203 36.204c9.997 9.997 9.997 26.206 0 36.204l-294.4 294.401c-9.998 9.997-26.207 9.997-36.204-.001z\"><\/path><\/svg>\t\t\t\t\t\t<\/span>\n\t\t\t\t\t\t\t\t\t\t<span class=\"elementor-icon-list-text\">Amplia gama de variedades y usos<\/span>\n\t\t\t\t\t\t\t\t\t<\/li>\n\t\t\t\t\t\t\t\t<li class=\"elementor-icon-list-item\">\n\t\t\t\t\t\t\t\t\t\t\t<span class=\"elementor-icon-list-icon\">\n\t\t\t\t\t\t\t<svg aria-hidden=\"true\" class=\"e-font-icon-svg e-fas-check\" viewbox=\"0 0 512 512\" xmlns=\"http:\/\/www.w3.org\/2000\/svg\"><path d=\"M173.898 439.404l-166.4-166.4c-9.997-9.997-9.997-26.206 0-36.204l36.203-36.204c9.997-9.998 26.207-9.998 36.204 0L192 312.69 432.095 72.596c9.997-9.997 26.207-9.997 36.204 0l36.203 36.204c9.997 9.997 9.997 26.206 0 36.204l-294.4 294.401c-9.998 9.997-26.207 9.997-36.204-.001z\"><\/path><\/svg>\t\t\t\t\t\t<\/span>\n\t\t\t\t\t\t\t\t\t\t<span class=\"elementor-icon-list-text\">Tratamiento t\u00e9rmico Rendimiento ajustable<\/span>\n\t\t\t\t\t\t\t\t\t<\/li>\n\t\t\t\t\t\t<\/ul>\n\t\t\t\t\t\t<\/div>\n\t\t\t\t<\/div>\n\t\t\t\t<\/div>\n\t\t\t\t<div class=\"elementor-element elementor-element-cf85b52 elementor-widget elementor-widget-image\" data-id=\"cf85b52\" data-element_type=\"widget\" data-e-type=\"widget\" data-widget_type=\"image.default\">\n\t\t\t\t\t\t<div class=\"elementor-widget-container\">\n\t\t\t\t\t\t\t\t\t\t\t\t\t\t\t<img alt=\"\" decoding=\"async\" width=\"948\" height=\"868\" src=\"https:\/\/www.shandongruiying.com\/wp-content\/uploads\/2026\/02\/1735027732730092986505314304.webp\" class=\"attachment-full size-full wp-image-7057\" srcset=\"https:\/\/www.shandongruiying.com\/wp-content\/uploads\/2026\/02\/1735027732730092986505314304.webp 948w, https:\/\/www.shandongruiying.com\/wp-content\/uploads\/2026\/02\/1735027732730092986505314304-300x275.webp 300w, https:\/\/www.shandongruiying.com\/wp-content\/uploads\/2026\/02\/1735027732730092986505314304-768x703.webp 768w, https:\/\/www.shandongruiying.com\/wp-content\/uploads\/2026\/02\/1735027732730092986505314304-13x12.webp 13w, https:\/\/www.shandongruiying.com\/wp-content\/uploads\/2026\/02\/1735027732730092986505314304-600x549.webp 600w\" sizes=\"(max-width: 948px) 100vw, 948px\" \/>\t\t\t\t\t\t\t\t\t\t\t\t\t\t\t<\/div>\n\t\t\t\t<\/div>\n\t\t\t\t<\/div>\n\t\t\t\t\t<\/div>\n\t\t\t\t<\/div>\n\t\t\t\t<\/div>","protected":false},"excerpt":{"rendered":"<p>Shandong Ruiying Import and Export Trading Co., Ltd. Shandong Ruiying Import and Export Trading Co., Ltd. was established in 2020, covering an area of 2,100 km\u00b2. It is located in a famous steel production area in China and is a global steel producer that integrates production, processing, and sales. Our company maintains a constant inventory [&hellip;]<\/p>","protected":false},"author":1,"featured_media":0,"parent":0,"menu_order":0,"comment_status":"closed","ping_status":"closed","template":"","meta":{"_seopress_robots_primary_cat":"","_seopress_titles_title":"About Us \u2013 Professional Steel Pipe & Drilling Tools Supplier","_seopress_titles_desc":"Shandong Ruiying Import & Export Co., Ltd. is a professional supplier of steel pipes, steel plates, steel bars, structural sections, and drilling tools, offering integrated production, processing, packaging, logistics, and after-sales service worldwide.","_seopress_robots_index":"","_uag_custom_page_level_css":"","site-sidebar-layout":"no-sidebar","site-content-layout":"plain-container","ast-site-content-layout":"full-width-container","site-content-style":"default","site-sidebar-style":"default","ast-global-header-display":"","ast-banner-title-visibility":"","ast-main-header-display":"","ast-hfb-above-header-display":"","ast-hfb-below-header-display":"","ast-hfb-mobile-header-display":"","site-post-title":"disabled","ast-breadcrumbs-content":"","ast-featured-img":"disabled","footer-sml-layout":"","theme-transparent-header-meta":"enabled","adv-header-id-meta":"","stick-header-meta":"","header-above-stick-meta":"","header-main-stick-meta":"","header-below-stick-meta":"","astra-migrate-meta-layouts":"set","ast-page-background-enabled":"default","ast-page-background-meta":{"desktop":{"background-color":"","background-image":"","background-repeat":"repeat","background-position":"center center","background-size":"auto","background-attachment":"scroll","background-type":"","background-media":"","overlay-type":"","overlay-color":"","overlay-opacity":"","overlay-gradient":""},"tablet":{"background-color":"","background-image":"","background-repeat":"repeat","background-position":"center center","background-size":"auto","background-attachment":"scroll","background-type":"","background-media":"","overlay-type":"","overlay-color":"","overlay-opacity":"","overlay-gradient":""},"mobile":{"background-color":"","background-image":"","background-repeat":"repeat","background-position":"center center","background-size":"auto","background-attachment":"scroll","background-type":"","background-media":"","overlay-type":"","overlay-color":"","overlay-opacity":"","overlay-gradient":""}},"ast-content-background-meta":{"desktop":{"background-color":"var(--ast-global-color-5)","background-image":"","background-repeat":"repeat","background-position":"center center","background-size":"auto","background-attachment":"scroll","background-type":"","background-media":"","overlay-type":"","overlay-color":"","overlay-opacity":"","overlay-gradient":""},"tablet":{"background-color":"var(--ast-global-color-5)","background-image":"","background-repeat":"repeat","background-position":"center center","background-size":"auto","background-attachment":"scroll","background-type":"","background-media":"","overlay-type":"","overlay-color":"","overlay-opacity":"","overlay-gradient":""},"mobile":{"background-color":"var(--ast-global-color-5)","background-image":"","background-repeat":"repeat","background-position":"center center","background-size":"auto","background-attachment":"scroll","background-type":"","background-media":"","overlay-type":"","overlay-color":"","overlay-opacity":"","overlay-gradient":""}},"footnotes":""},"class_list":["post-59","page","type-page","status-publish","hentry"],"uagb_featured_image_src":{"full":false,"thumbnail":false,"medium":false,"medium_large":false,"large":false,"1536x1536":false,"2048x2048":false,"trp-custom-language-flag":false,"woocommerce_thumbnail":false,"woocommerce_single":false,"woocommerce_gallery_thumbnail":false},"uagb_author_info":{"display_name":"Shandong Ruiying Import and Export Trading Co., Ltd.","author_link":"https:\/\/www.shandongruiying.com\/es\/author\/jinxing6611gmail-com\/"},"uagb_comment_info":0,"uagb_excerpt":"Shandong Ruiying Import and Export Trading Co., Ltd. Shandong Ruiying Import and Export Trading Co., Ltd. was established in 2020, covering an area of 2,100 km\u00b2. It is located in a famous steel production area in China and is a global steel producer that integrates production, processing, and sales. Our company maintains a constant inventory&hellip;","_links":{"self":[{"href":"https:\/\/www.shandongruiying.com\/es\/wp-json\/wp\/v2\/pages\/59","targetHints":{"allow":["GET"]}}],"collection":[{"href":"https:\/\/www.shandongruiying.com\/es\/wp-json\/wp\/v2\/pages"}],"about":[{"href":"https:\/\/www.shandongruiying.com\/es\/wp-json\/wp\/v2\/types\/page"}],"author":[{"embeddable":true,"href":"https:\/\/www.shandongruiying.com\/es\/wp-json\/wp\/v2\/users\/1"}],"replies":[{"embeddable":true,"href":"https:\/\/www.shandongruiying.com\/es\/wp-json\/wp\/v2\/comments?post=59"}],"version-history":[{"count":0,"href":"https:\/\/www.shandongruiying.com\/es\/wp-json\/wp\/v2\/pages\/59\/revisions"}],"wp:attachment":[{"href":"https:\/\/www.shandongruiying.com\/es\/wp-json\/wp\/v2\/media?parent=59"}],"curies":[{"name":"wp","href":"https:\/\/api.w.org\/{rel}","templated":true}]}}