{"id":7339,"date":"2026-03-03T08:38:08","date_gmt":"2026-03-03T08:38:08","guid":{"rendered":"http:\/\/www.shandongruiying.com\/?post_type=product&#038;p=7339"},"modified":"2026-03-03T08:38:08","modified_gmt":"2026-03-03T08:38:08","slug":"carbon-steel-pipe","status":"publish","type":"product","link":"https:\/\/www.shandongruiying.com\/ar\/product\/carbon-steel-pipe\/","title":{"rendered":"\u0623\u0646\u0627\u0628\u064a\u0628 \u0627\u0644\u0635\u0644\u0628 \u0627\u0644\u0643\u0631\u0628\u0648\u0646\u064a"},"content":{"rendered":"<p>\u062a\u0646\u0637\u0628\u0642 ASTM A106 \u0639\u0644\u0649 \u0623\u0646\u0627\u0628\u064a\u0628 \u0627\u0644\u0635\u0644\u0628 \u0627\u0644\u0643\u0631\u0628\u0648\u0646\u064a \u063a\u064a\u0631 \u0627\u0644\u0645\u0644\u062d\u0648\u0645\u0629 \u0627\u0644\u0645\u0633\u062a\u062e\u062f\u0645\u0629 \u0641\u064a \u0627\u0644\u0628\u064a\u0626\u0627\u062a \u0630\u0627\u062a \u062f\u0631\u062c\u0627\u062a \u0627\u0644\u062d\u0631\u0627\u0631\u0629 \u0627\u0644\u0639\u0627\u0644\u064a\u0629. \u064a\u062a\u0645 \u062a\u0635\u0646\u064a\u0639 \u0623\u0646\u0627\u0628\u064a\u0628 ASTM A106 \u0641\u064a \u0627\u0644\u062f\u0631\u062c\u0627\u062a A \u0648 B \u0648 C. A106-A \u064a\u0639\u0627\u062f\u0644 \u0627\u0644\u0641\u0648\u0644\u0627\u0630 \u0627\u0644\u0645\u062d\u0644\u064a \u0645\u0646 \u0627\u0644\u062f\u0631\u062c\u0629 10\u060c A106-B \u064a\u0639\u0627\u062f\u0644 \u0627\u0644\u0641\u0648\u0644\u0627\u0630 \u0627\u0644\u0645\u062d\u0644\u064a \u0645\u0646 \u0627\u0644\u062f\u0631\u062c\u0629 20\u060c \u0648\u0647\u064a \u0645\u0627\u062f\u0629 \u0641\u0648\u0644\u0627\u0630\u064a\u0629 \u0634\u0627\u0626\u0639\u0629 \u0627\u0644\u0627\u0633\u062a\u062e\u062f\u0627\u0645 \u0645\u062d\u0644\u064a\u064b\u0627 \u0648\u062f\u0648\u0644\u064a\u064b\u0627. \u064a\u062a\u0645 \u062a\u0637\u0628\u064a\u0642 \u0627\u0644\u0623\u0646\u0627\u0628\u064a\u0628 \u0627\u0644\u0641\u0648\u0644\u0627\u0630\u064a\u0629 \u063a\u064a\u0631 \u0627\u0644\u0645\u0644\u062d\u0648\u0645\u0629 \u0645\u0646 ASTM A106 \u0628\u0634\u0643\u0644 \u0623\u0633\u0627\u0633\u064a \u0641\u064a \u0635\u0646\u0627\u0639\u0627\u062a \u0645\u062b\u0644 \u0627\u0644\u0628\u0646\u0627\u0621 \u0648\u0627\u0644\u0645\u0639\u0627\u0644\u062c\u0629 \u0627\u0644\u0645\u064a\u0643\u0627\u0646\u064a\u0643\u064a\u0629 \u0648\u0627\u0644\u0645\u0639\u062f\u0627\u062a \u0627\u0644\u0643\u0647\u0631\u0628\u0627\u0626\u064a\u0629 \u0648\u0627\u0644\u0628\u062a\u0631\u0648\u0643\u064a\u0645\u0627\u0648\u064a\u0627\u062a.<\/p>\n\n<h3>\u0645\u0639\u0644\u0645\u0627\u062a \u0627\u0644\u0645\u0646\u062a\u062c<\/h3>\n<table>\n<tbody>\n<tr>\n<td>\u0627\u0633\u0645 \u0627\u0644\u0645\u0646\u062a\u062c<\/td>\n<td colspan=\"2\" width=\"471\">\u0623\u0646\u0627\u0628\u064a\u0628 \u0627\u0644\u0636\u063a\u0637 \u063a\u064a\u0631 \u0627\u0644\u0645\u0644\u062d\u0648\u0645\u0629 A106<\/td>\n<\/tr>\n<tr>\n<td>\u0642\u064a\u0627\u0633\u064a<\/td>\n<td colspan=\"2\" width=\"471\">EN\/DIN\/JIN\/JIS\/ASM\/BS\/ASME\/AISI<\/td>\n<\/tr>\n<tr>\n<td>OD<\/td>\n<td width=\"226\">\u0633\u0644\u0633<\/p>\n<p>\u0623\u0646\u0628\u0648\u0628 \u0641\u0648\u0644\u0627\u0630\u064a \uff1a1\/4 \u2033- 36\u2033<\/td>\n<td width=\"245\">\u0627\u0644\u0623\u0646\u0627\u0628\u064a\u0628 \u0627\u0644\u0645\u0644\u062d\u0648\u0645\u0629 \uff1a 21.3 \u0645\u0645 - 3620 \u0645\u0645<\/td>\n<\/tr>\n<tr>\n<td>&nbsp;<\/td>\n<td width=\"226\">\u0623\u0646\u0628\u0648\u0628 \u062f\u0627\u0626\u0631\u064a \uff1a1\/2 \u2033- 10\u2033<\/td>\n<td width=\"245\">\u0623\u0646\u0628\u0648\u0628 \u0645\u0631\u0628\u0639 \uff1a 15\u00d715\u00d715-400\u00d7600 \u0645\u0645<\/td>\n<\/tr>\n<tr>\n<td>\u0627\u0644\u0633\u064f\u0645\u0643<\/td>\n<td width=\"226\">\u0623\u0646\u0627\u0628\u064a\u0628 \u0641\u0648\u0644\u0627\u0630\u064a\u0629 \u063a\u064a\u0631 \u0645\u0644\u062d\u0648\u0645\u0629 \uff1a 1.25 \u0645\u0645 - 50 \u0645\u0645<\/td>\n<td width=\"245\">\u0627\u0644\u0623\u0646\u0627\u0628\u064a\u0628 \u0627\u0644\u0645\u0644\u062d\u0648\u0645\u0629 \uff1a 1.65 \u0645\u0645 - 65 \u0645\u0645<\/td>\n<\/tr>\n<tr>\n<td>\u0627\u0644\u0637\u0648\u0644<\/td>\n<td colspan=\"2\" width=\"471\">3-12 \u0645\u062a\u0631 \uff0c \u0642\u0627\u0628\u0644 \u0644\u0644\u062a\u062e\u0635\u064a\u0635<\/td>\n<\/tr>\n<tr>\n<td>\u062a\u0642\u0646\u064a\u0627\u062a \u0627\u0644\u0633\u0637\u062d<\/td>\n<td colspan=\"2\" width=\"471\">\u0644\u0627\u0645\u0639 \u0648\u0645\u0635\u0642\u0648\u0644 \u0648\u0623\u0633\u0648\u062f<\/td>\n<\/tr>\n<tr>\n<td width=\"96\">- \u062e\u062f\u0645\u0627\u062a \u0623\u062e\u0631\u0649<\/td>\n<td colspan=\"2\" width=\"471\">\u0627\u0644\u062a\u0635\u0646\u064a\u0639 \u0628\u0627\u0633\u062a\u062e\u062f\u0627\u0645 \u0627\u0644\u062d\u0627\u0633\u0628 \u0627\u0644\u0622\u0644\u064a (CNC)\u060c \u0648\u0627\u0644\u0637\u062d\u0646 \u0628\u062f\u0648\u0646 \u0645\u0631\u0643\u0632\u060c \u0648\u0627\u0644\u0645\u0639\u0627\u0644\u062c\u0629 \u0627\u0644\u062d\u0631\u0627\u0631\u064a\u0629\u060c \u0648\u0627\u0644\u062a\u0644\u062f\u064a\u0646\u060c \u0648\u0627\u0644\u062a\u062e\u0644\u064a\u0644\u060c \u0648\u0627\u0644\u062a\u062e\u0644\u064a\u0644\u060c \u0648\u0627\u0644\u062a\u0644\u0645\u064a\u0639\u060c \u0648\u0627\u0644\u062f\u0631\u0641\u0644\u0629\u060c \u0648\u0627\u0644\u062a\u0634\u0643\u064a\u0644\u060c \u0648\u0627\u0644\u0642\u0637\u0639\u060c \u0648\u0627\u0644\u062b\u0646\u064a\u060c \u0648\u0627\u0644\u0645\u0639\u0627\u0644\u062c\u0629 \u0639\u0644\u0649 \u0646\u0637\u0627\u0642 \u0635\u063a\u064a\u0631\u060c \u0625\u0644\u062e<\/td>\n<\/tr>\n<\/tbody>\n<\/table>\n<h4>\u0627\u0644\u0645\u0643\u0648\u0650\u0651\u0646 \u0627\u0644\u0643\u064a\u0645\u064a\u0627\u0626\u064a<\/h4>\n<table>\n<tbody>\n<tr>\n<td>A106<\/td>\n<td>C<\/td>\n<td>\u0645\u0646<\/td>\n<td>P<\/td>\n<td>S<\/td>\n<td>\u0633\u064a<\/td>\n<td>\u0643\u0631<\/td>\n<td>\u0627\u0644\u0646\u062d\u0627\u0633<\/td>\n<td>\u0645\u0648<\/td>\n<td>\u0646\u064a<\/td>\n<td width=\"46\">V<\/td>\n<\/tr>\n<tr>\n<td>\u0627\u0644\u062f\u0631\u062c\u0629 \u0623<\/td>\n<td>0.25<\/td>\n<td>0.27-0.93<\/td>\n<td>0.035<\/td>\n<td>0.035<\/td>\n<td>0.10<\/td>\n<td>0.40<\/td>\n<td>0.40<\/td>\n<td>0.15<\/td>\n<td>0.40<\/td>\n<td width=\"46\">0.08<\/td>\n<\/tr>\n<tr>\n<td>\u0627\u0644\u062f\u0631\u062c\u0629 \u0628<\/td>\n<td>0.30<\/td>\n<td>0.29-1.06<\/td>\n<td>0.035<\/td>\n<td>0.035<\/td>\n<td>0.10<\/td>\n<td>0.40<\/td>\n<td>0.40<\/td>\n<td>0.15<\/td>\n<td>0.40<\/td>\n<td width=\"46\">0.08<\/td>\n<\/tr>\n<tr>\n<td width=\"47\">\u0627\u0644\u062f\u0631\u062c\u0629 C<\/td>\n<td width=\"46\">0.35<\/td>\n<td width=\"83\">0.29-1.06<\/td>\n<td width=\"54\">0.035<\/td>\n<td width=\"54\">0.035<\/td>\n<td width=\"46\">0.10<\/td>\n<td width=\"46\">0.40<\/td>\n<td width=\"46\">0.40<\/td>\n<td width=\"46\">0.15<\/td>\n<td width=\"46\">0.40<\/td>\n<td width=\"46\">0.08<\/td>\n<\/tr>\n<\/tbody>\n<\/table>\n<h4>\u0627\u0644\u062e\u0627\u0635\u064a\u0629 \u0627\u0644\u0645\u064a\u0643\u0627\u0646\u064a\u0643\u064a\u0629<\/h4>\n<table>\n<tbody>\n<tr>\n<td>A106<\/td>\n<td>\u0627\u0644\u062f\u0631\u062c\u0629 \u0623<\/td>\n<td>\u0627\u0644\u062f\u0631\u062c\u0629 \u0628<\/td>\n<td width=\"115\">\u0627\u0644\u062f\u0631\u062c\u0629 C<\/td>\n<\/tr>\n<tr>\n<td>\u0642\u0648\u0629 \u0627\u0644\u062a\u0645\u062f\u064a\u062fmin.psi<\/td>\n<td>48,000<\/td>\n<td>60,000<\/td>\n<td width=\"115\">70,000<\/td>\n<\/tr>\n<tr>\n<td width=\"220\">\u0627\u0644\u062d\u062f \u0627\u0644\u0623\u062f\u0646\u0649 \u0644\u0645\u0642\u0627\u0648\u0645\u0629 \u0627\u0644\u062e\u0636\u0648\u0639 \u0631\u0637\u0644 \u0644\u0643\u0644 \u0628\u0648\u0635\u0629 \u0645\u0631\u0628\u0639\u0629<\/td>\n<td width=\"115\">30,000<\/td>\n<td width=\"115\">35,000<\/td>\n<td width=\"115\">40,000<\/td>\n<\/tr>\n<\/tbody>\n<\/table>\n<h4>\u0646\u0637\u0627\u0642 \u0627\u0644\u062a\u0637\u0628\u064a\u0642<\/h4>\n<p>\u0639\u0627\u062f\u0629\u064b \u0645\u0627 \u062a\u064f\u0633\u062a\u062e\u062f\u0645 \u0623\u0646\u0627\u0628\u064a\u0628 \u0627\u0644\u0636\u063a\u0637 \u063a\u064a\u0631 \u0627\u0644\u0645\u0644\u062d\u0648\u0645\u0629 ASTM A106 (\u0627\u0644\u0645\u0639\u0631\u0648\u0641\u0629 \u0623\u064a\u0636\u064b\u0627 \u0628\u0627\u0633\u0645 \u0623\u0646\u0627\u0628\u064a\u0628 ASME SA106) \u0641\u064a \u0628\u0646\u0627\u0621 \u0645\u0635\u0627\u0641\u064a \u0627\u0644\u0646\u0641\u0637 \u0648\u0627\u0644\u063a\u0627\u0632 \u0648\u0645\u062d\u0637\u0627\u062a \u0627\u0644\u0637\u0627\u0642\u0629 \u0648\u0645\u062d\u0637\u0627\u062a \u0627\u0644\u0637\u0627\u0642\u0629 \u0648\u0645\u0635\u0627\u0646\u0639 \u0627\u0644\u0628\u062a\u0631\u0648\u0643\u064a\u0645\u0627\u0648\u064a\u0627\u062a \u0648\u0627\u0644\u063a\u0644\u0627\u064a\u0627\u062a \u0648\u0627\u0644\u0633\u0641\u0646. \u064a\u062c\u0628 \u0623\u0646 \u062a\u0646\u0642\u0644 \u0647\u0630\u0647 \u0627\u0644\u0623\u0646\u0627\u0628\u064a\u0628 \u0627\u0644\u0633\u0648\u0627\u0626\u0644 \u0648\u0627\u0644\u063a\u0627\u0632\u0627\u062a \u0630\u0627\u062a \u062f\u0631\u062c\u0627\u062a \u0627\u0644\u062d\u0631\u0627\u0631\u0629 \u0648\u0627\u0644\u0636\u063a\u0637 \u0627\u0644\u0645\u0631\u062a\u0641\u0639\u0629.<\/p>\n<p>&nbsp;<\/p>","protected":false},"excerpt":{"rendered":"<p>\u0639\u0627\u062f\u0629\u064b \u0645\u0627 \u062a\u064f\u0633\u062a\u062e\u062f\u0645 \u0623\u0646\u0627\u0628\u064a\u0628 \u0627\u0644\u0636\u063a\u0637 \u063a\u064a\u0631 \u0627\u0644\u0645\u0644\u062d\u0648\u0645\u0629 ASTM A106 (\u0627\u0644\u0645\u0639\u0631\u0648\u0641\u0629 \u0623\u064a\u0636\u064b\u0627 \u0628\u0627\u0633\u0645 \u0623\u0646\u0627\u0628\u064a\u0628 ASME SA106) \u0641\u064a \u0628\u0646\u0627\u0621 \u0645\u0635\u0627\u0641\u064a \u0627\u0644\u0646\u0641\u0637 \u0648\u0627\u0644\u063a\u0627\u0632 \u0648\u0645\u062d\u0637\u0627\u062a \u0627\u0644\u0637\u0627\u0642\u0629 \u0648\u0645\u062d\u0637\u0627\u062a \u0627\u0644\u0637\u0627\u0642\u0629 \u0648\u0645\u0635\u0627\u0646\u0639 \u0627\u0644\u0628\u062a\u0631\u0648\u0643\u064a\u0645\u0627\u0648\u064a\u0627\u062a \u0648\u0627\u0644\u063a\u0644\u0627\u064a\u0627\u062a \u0648\u0627\u0644\u0633\u0641\u0646. \u064a\u062c\u0628 \u0623\u0646 \u062a\u0646\u0642\u0644 \u0647\u0630\u0647 \u0627\u0644\u0623\u0646\u0627\u0628\u064a\u0628 \u0627\u0644\u0633\u0648\u0627\u0626\u0644 \u0648\u0627\u0644\u063a\u0627\u0632\u0627\u062a \u0630\u0627\u062a \u062f\u0631\u062c\u0627\u062a \u0627\u0644\u062d\u0631\u0627\u0631\u0629 \u0648\u0627\u0644\u0636\u063a\u0637 \u0627\u0644\u0645\u0631\u062a\u0641\u0639\u0629.<\/p>","protected":false},"featured_media":7342,"template":"","meta":{"_seopress_robots_primary_cat":"","_seopress_titles_title":"ASTM A106 Seamless Carbon Steel Pipe | High-Temperature Carbon Steel Tubing","_seopress_titles_desc":"ASTM A106 seamless carbon steel pipes are suitable for high-temperature applications. Available in grades A, B, and C, they are widely used in construction, mechanical processing, electrical equipment, and petrochemical industries worldwide.","_seopress_robots_index":"","_uag_custom_page_level_css":"","site-sidebar-layout":"default","site-content-layout":"","ast-site-content-layout":"default","site-content-style":"default","site-sidebar-style":"default","ast-global-header-display":"","ast-banner-title-visibility":"","ast-main-header-display":"","ast-hfb-above-header-display":"","ast-hfb-below-header-display":"","ast-hfb-mobile-header-display":"","site-post-title":"","ast-breadcrumbs-content":"","ast-featured-img":"","footer-sml-layout":"","theme-transparent-header-meta":"default","adv-header-id-meta":"","stick-header-meta":"default","header-above-stick-meta":"","header-main-stick-meta":"","header-below-stick-meta":"","astra-migrate-meta-layouts":"set","ast-page-background-enabled":"default","ast-page-background-meta":{"desktop":{"background-color":"","background-image":"","background-repeat":"repeat","background-position":"center center","background-size":"auto","background-attachment":"scroll","background-type":"","background-media":"","overlay-type":"","overlay-color":"","overlay-opacity":"","overlay-gradient":""},"tablet":{"background-color":"","background-image":"","background-repeat":"repeat","background-position":"center center","background-size":"auto","background-attachment":"scroll","background-type":"","background-media":"","overlay-type":"","overlay-color":"","overlay-opacity":"","overlay-gradient":""},"mobile":{"background-color":"","background-image":"","background-repeat":"repeat","background-position":"center center","background-size":"auto","background-attachment":"scroll","background-type":"","background-media":"","overlay-type":"","overlay-color":"","overlay-opacity":"","overlay-gradient":""}},"ast-content-background-meta":{"desktop":{"background-color":"var(--ast-global-color-5)","background-image":"","background-repeat":"repeat","background-position":"center center","background-size":"auto","background-attachment":"scroll","background-type":"","background-media":"","overlay-type":"","overlay-color":"","overlay-opacity":"","overlay-gradient":""},"tablet":{"background-color":"var(--ast-global-color-5)","background-image":"","background-repeat":"repeat","background-position":"center center","background-size":"auto","background-attachment":"scroll","background-type":"","background-media":"","overlay-type":"","overlay-color":"","overlay-opacity":"","overlay-gradient":""},"mobile":{"background-color":"var(--ast-global-color-5)","background-image":"","background-repeat":"repeat","background-position":"center center","background-size":"auto","background-attachment":"scroll","background-type":"","background-media":"","overlay-type":"","overlay-color":"","overlay-opacity":"","overlay-gradient":""}}},"product_brand":[],"product_cat":[104],"product_tag":[],"class_list":{"0":"post-7339","1":"product","2":"type-product","3":"status-publish","4":"has-post-thumbnail","6":"product_cat-carbon-steel-pipe","7":"desktop-align-left","8":"tablet-align-left","9":"mobile-align-left","10":"ast-product-gallery-layout-horizontal-slider","11":"ast-product-tabs-layout-horizontal","13":"first","14":"instock","15":"shipping-taxable","16":"product-type-simple"},"uagb_featured_image_src":{"full":["https:\/\/www.shandongruiying.com\/wp-content\/uploads\/2026\/03\/1-2.jpg",600,600,false],"thumbnail":["https:\/\/www.shandongruiying.com\/wp-content\/uploads\/2026\/03\/1-2-150x150.jpg",150,150,true],"medium":["https:\/\/www.shandongruiying.com\/wp-content\/uploads\/2026\/03\/1-2-300x300.jpg",300,300,true],"medium_large":["https:\/\/www.shandongruiying.com\/wp-content\/uploads\/2026\/03\/1-2.jpg",600,600,false],"large":["https:\/\/www.shandongruiying.com\/wp-content\/uploads\/2026\/03\/1-2.jpg",600,600,false],"1536x1536":["https:\/\/www.shandongruiying.com\/wp-content\/uploads\/2026\/03\/1-2.jpg",600,600,false],"2048x2048":["https:\/\/www.shandongruiying.com\/wp-content\/uploads\/2026\/03\/1-2.jpg",600,600,false],"trp-custom-language-flag":["https:\/\/www.shandongruiying.com\/wp-content\/uploads\/2026\/03\/1-2-12x12.jpg",12,12,true],"woocommerce_thumbnail":["https:\/\/www.shandongruiying.com\/wp-content\/uploads\/2026\/03\/1-2-300x300.jpg",300,300,true],"woocommerce_single":["https:\/\/www.shandongruiying.com\/wp-content\/uploads\/2026\/03\/1-2.jpg",600,600,false],"woocommerce_gallery_thumbnail":["https:\/\/www.shandongruiying.com\/wp-content\/uploads\/2026\/03\/1-2-100x100.jpg",100,100,true]},"uagb_author_info":{"display_name":"Shandong Ruiying Import and Export Trading Co., Ltd.","author_link":"https:\/\/www.shandongruiying.com\/ar\/author\/"},"uagb_comment_info":0,"uagb_excerpt":"ASTM A106 seamless pressure pipes (also known as ASME SA106 pipes) are typically used in the construction of oil and gas refineries, power plants, petrochemical plants, boilers and ships. These pipes must transport fluids and gases with high temperature and pressure levels.","_links":{"self":[{"href":"https:\/\/www.shandongruiying.com\/ar\/wp-json\/wp\/v2\/product\/7339","targetHints":{"allow":["GET"]}}],"collection":[{"href":"https:\/\/www.shandongruiying.com\/ar\/wp-json\/wp\/v2\/product"}],"about":[{"href":"https:\/\/www.shandongruiying.com\/ar\/wp-json\/wp\/v2\/types\/product"}],"wp:featuredmedia":[{"embeddable":true,"href":"https:\/\/www.shandongruiying.com\/ar\/wp-json\/wp\/v2\/media\/7342"}],"wp:attachment":[{"href":"https:\/\/www.shandongruiying.com\/ar\/wp-json\/wp\/v2\/media?parent=7339"}],"wp:term":[{"taxonomy":"product_brand","embeddable":true,"href":"https:\/\/www.shandongruiying.com\/ar\/wp-json\/wp\/v2\/product_brand?post=7339"},{"taxonomy":"product_cat","embeddable":true,"href":"https:\/\/www.shandongruiying.com\/ar\/wp-json\/wp\/v2\/product_cat?post=7339"},{"taxonomy":"product_tag","embeddable":true,"href":"https:\/\/www.shandongruiying.com\/ar\/wp-json\/wp\/v2\/product_tag?post=7339"}],"curies":[{"name":"wp","href":"https:\/\/api.w.org\/{rel}","templated":true}]}}