{"id":7259,"date":"2026-02-28T07:52:39","date_gmt":"2026-02-28T07:52:39","guid":{"rendered":"http:\/\/www.shandongruiying.com\/?post_type=product&#038;p=7259"},"modified":"2026-02-28T09:34:22","modified_gmt":"2026-02-28T09:34:22","slug":"a36-carbon-steel-bar","status":"publish","type":"product","link":"https:\/\/www.shandongruiying.com\/ar\/product\/a36-carbon-steel-bar\/","title":{"rendered":"\u0642\u0636\u064a\u0628 \u0627\u0644\u0635\u0644\u0628 \u0627\u0644\u0643\u0631\u0628\u0648\u0646\u064a A36"},"content":{"rendered":"<h2><strong><b>\u0645\u0639\u0644\u0645\u0629 \u0627\u0644\u0645\u0646\u062a\u062c<\/b><\/strong><\/h2>\n<table>\n<tbody>\n<tr>\n<td width=\"126\"><\/td>\n<td colspan=\"4\" width=\"441\">\u0642\u0636\u064a\u0628 \u0627\u0644\u0635\u0644\u0628 \u0627\u0644\u0643\u0631\u0628\u0648\u0646\u064a A36<\/td>\n<\/tr>\n<tr>\n<td width=\"126\">\u0642\u064a\u0627\u0633\u064a<\/td>\n<td colspan=\"4\" width=\"441\">EN\/DIN\/JIN\/JIS\/ASM\/BS\/ASME\/AISI<\/td>\n<\/tr>\n<tr>\n<td width=\"126\">\u0627\u0644\u0645\u0648\u0627\u0635\u0641\u0627\u062a \u0627\u0644\u0634\u0627\u0626\u0639\u0629 \u0644\u0644\u0642\u0636\u0628\u0627\u0646 \u0627\u0644\u0645\u0633\u062a\u062f\u064a\u0631\u0629<\/td>\n<td colspan=\"4\" width=\"441\">3.0 - 50.8 \u0645\u0645\u060c \u0623\u0643\u062b\u0631 \u0645\u0646 50.8 - 300 \u0645\u0645<\/td>\n<\/tr>\n<tr>\n<td width=\"126\">\u0627\u0644\u0645\u0648\u0627\u0635\u0641\u0627\u062a \u0627\u0644\u0634\u0627\u0626\u0639\u0629 \u0644\u0644\u0642\u0636\u0628\u0627\u0646 \u0627\u0644\u0645\u0633\u0637\u062d\u0629<\/td>\n<td colspan=\"4\" width=\"441\">6.35\u00d712.7mm,6.35\u00d725.4mm,12.7\u00d725.4mm<\/td>\n<\/tr>\n<tr>\n<td width=\"126\">\u0627\u0644\u0645\u0648\u0627\u0635\u0641\u0627\u062a \u0627\u0644\u0634\u0627\u0626\u0639\u0629 \u0644\u0644\u0642\u0636\u0628\u0627\u0646 \u0627\u0644\u0633\u062f\u0627\u0633\u064a\u0629<\/td>\n<td colspan=\"4\" width=\"441\">AF5.8 \u0645\u0645 - 17 \u0645\u0645<\/td>\n<\/tr>\n<tr>\n<td width=\"126\">\u0627\u0644\u0645\u0648\u0627\u0635\u0641\u0627\u062a \u0627\u0644\u0634\u0627\u0626\u0639\u0629 \u0644\u0644\u0642\u0636\u0628\u0627\u0646 \u0627\u0644\u0645\u0631\u0628\u0639\u0629<\/td>\n<td colspan=\"4\" width=\"441\">AF2mm-14mm,AF6.35mm,9.5mm,12.7mm,15.98mm,19.0mm,25.4mm<\/td>\n<\/tr>\n<tr>\n<td width=\"126\">\u0627\u0644\u0637\u0648\u0644<\/td>\n<td colspan=\"4\" width=\"441\">1-6 \u0623\u0645\u062a\u0627\u0631\u060c \u064a\u0645\u0643\u0646 \u062a\u062e\u0635\u064a\u0635\u0647\u0627 \u0648\u0641\u0642\u064b\u0627 \u0644\u0645\u062a\u0637\u0644\u0628\u0627\u062a \u0627\u0644\u0639\u0645\u0644\u0627\u0621<\/td>\n<\/tr>\n<tr>\n<td width=\"126\">\u0627\u0644\u0642\u0637\u0631<\/p>\n<p>(\u0645\u0645)<\/td>\n<td width=\"99\">\u0627\u0644\u0642\u0636\u0628\u0627\u0646 \u0627\u0644\u0645\u0633\u062a\u062f\u064a\u0631\u0629 \u0627\u0644\u0645\u062f\u0631\u0641\u0644\u0629 \u0639\u0644\u0649 \u0627\u0644\u0633\u0627\u062e\u0646<\/p>\n<p>&nbsp;<\/td>\n<td width=\"79\">25-600<\/td>\n<td width=\"128\">\u0642\u0636\u0628\u0627\u0646 \u0645\u0631\u0628\u0639\u0629 \u0645\u062f\u0644\u0641\u0646\u0629 \u0639\u0644\u0649 \u0627\u0644\u0628\u0627\u0631\u062f<\/p>\n<p>&nbsp;<\/td>\n<td width=\"134\">6-50.8<\/td>\n<\/tr>\n<tr>\n<td width=\"126\"><\/td>\n<td width=\"99\">\u0642\u0636\u0628\u0627\u0646 \u0645\u0631\u0628\u0639\u0629 \u0645\u062f\u0631\u0641\u0644\u0629 \u0639\u0644\u0649 \u0627\u0644\u0633\u0627\u062e\u0646<\/p>\n<p>&nbsp;<\/td>\n<td width=\"79\">21-54<\/td>\n<td width=\"128\">\u0642\u0636\u0628\u0627\u0646 \u0633\u062f\u0627\u0633\u064a\u0629 \u0627\u0644\u0634\u0643\u0644 \u0645\u0644\u0641\u0648\u0641\u0629 \u0639\u0644\u0649 \u0627\u0644\u0628\u0627\u0631\u062f<\/p>\n<p>&nbsp;<\/td>\n<td width=\"134\">9.5-65<\/td>\n<\/tr>\n<tr>\n<td width=\"126\"><\/td>\n<td width=\"99\">\u0627\u0644\u0642\u0636\u0628\u0627\u0646 \u0627\u0644\u0645\u0633\u062a\u062f\u064a\u0631\u0629 \u0627\u0644\u0645\u062f\u0631\u0641\u0644\u0629 \u0639\u0644\u0649 \u0627\u0644\u0628\u0627\u0631\u062f<\/td>\n<td width=\"79\">6-101.6<\/td>\n<td width=\"128\">\u0642\u0636\u0628\u0627\u0646 \u0627\u0644\u062a\u0633\u0644\u064a\u062d \u0627\u0644\u0645\u0637\u0631\u0648\u0642\u0629<\/td>\n<td width=\"134\">200-1000<\/td>\n<\/tr>\n<tr>\n<td width=\"126\">\u062a\u0642\u0646\u064a\u0627\u062a \u0627\u0644\u0633\u0637\u062d<\/td>\n<td colspan=\"4\" width=\"441\">\u0644\u0627\u0645\u0639 \u0648\u0645\u0635\u0642\u0648\u0644 \u0648\u0623\u0633\u0648\u062f<\/td>\n<\/tr>\n<tr>\n<td width=\"126\">\u062e\u062f\u0645\u0627\u062a \u0623\u062e\u0631\u0649<\/td>\n<td colspan=\"4\" width=\"441\">\u0627\u0644\u062a\u0635\u0646\u064a\u0639 \u0628\u0627\u0633\u062a\u062e\u062f\u0627\u0645 \u0627\u0644\u062d\u0627\u0633\u0628 \u0627\u0644\u0622\u0644\u064a (CNC)\u060c \u0648\u0627\u0644\u0637\u062d\u0646 \u0628\u062f\u0648\u0646 \u0645\u0631\u0643\u0632\u064a\u0629 (CG)\u060c \u0648\u0627\u0644\u0645\u0639\u0627\u0644\u062c\u0629 \u0627\u0644\u062d\u0631\u0627\u0631\u064a\u0629\u060c \u0648\u0627\u0644\u062a\u0644\u062f\u064a\u0646\u060c \u0648\u0627\u0644\u062a\u062e\u0644\u064a\u0644\u060c \u0648\u0627\u0644\u062a\u062e\u0644\u064a\u0644\u060c \u0648\u0627\u0644\u062a\u0644\u0645\u064a\u0639\u060c \u0648\u0627\u0644\u062f\u0631\u0641\u0644\u0629\u060c \u0648\u0627\u0644\u062a\u0634\u0643\u064a\u0644\u060c \u0648\u0627\u0644\u0642\u0637\u0639\u060c \u0648\u0627\u0644\u062b\u0646\u064a\u060c \u0648\u0627\u0644\u0645\u0639\u0627\u0644\u062c\u0629 \u0639\u0644\u0649 \u0646\u0637\u0627\u0642 \u0635\u063a\u064a\u0631\u060c \u0625\u0644\u062e.<\/td>\n<\/tr>\n<\/tbody>\n<\/table>\n<h2><strong>C<\/strong><strong>\u0627\u0644\u0645\u0643\u0648\u0650\u0651\u0646 \u0627\u0644\u0646\u0635\u0641\u064a<\/strong><\/h2>\n<table>\n<tbody>\n<tr>\n<td>C<\/td>\n<td>\u0627\u0644\u0646\u062d\u0627\u0633<\/td>\n<td>\u0641\u064a<\/td>\n<td>\u0645\u0646<\/td>\n<td>P<\/td>\n<td>\u0633\u064a<\/td>\n<td width=\"76\">S<\/td>\n<\/tr>\n<tr>\n<td width=\"143\">0.25\uff5e0.290<\/td>\n<td width=\"64\">0.20<\/td>\n<td width=\"64\">98.0<\/td>\n<td width=\"64\">1.03<\/td>\n<td width=\"76\">0.040<\/td>\n<td width=\"76\">0.280<\/td>\n<td width=\"76\">0.050<\/td>\n<\/tr>\n<\/tbody>\n<\/table>\n<h3><strong>M<\/strong><strong>\u0627\u0644\u062e\u0627\u0635\u064a\u0629 \u0627\u0644\u0645\u064a\u0643\u0627\u0646\u064a\u0643\u064a\u0629<\/strong><\/h3>\n<table>\n<tbody>\n<tr>\n<td width=\"72\">A36<\/td>\n<td width=\"73\">\u0642\u0648\u0629 \u0627\u0644\u0634\u062f \u0627\u0644\u0642\u0635\u0648\u0649<\/td>\n<td width=\"47\">\u0642\u0648\u0629 \u0627\u0644\u0634\u062f\u060c \u0642\u0648\u0629 \u0627\u0644\u062e\u0636\u0648\u0639<\/td>\n<td width=\"68\">\u0627\u0644\u0627\u0633\u062a\u0637\u0627\u0644\u0629 \u0639\u0646\u062f \u0627\u0644\u0643\u0633\u0631 (\u0627\u0644\u0648\u062d\u062f\u0629: )200 \u0645\u0645)<\/td>\n<td width=\"56\">\u0627\u0644\u0627\u0633\u062a\u0637\u0627\u0644\u0629 \u0639\u0646\u062f \u0627\u0644\u0643\u0633\u0631 (\u0627\u0644\u0648\u062d\u062f\u062950 \u0645\u0645)<\/td>\n<td width=\"52\">\u0645\u0639\u0627\u0645\u0644 \u0627\u0644\u0645\u0631\u0648\u0646\u0629<\/p>\n<p>&nbsp;<\/td>\n<td width=\"68\">\u0645\u0639\u0627\u0645\u0644 \u0627\u0644\u062d\u062c\u0645 (\u0627\u0644\u0642\u064a\u0645\u0629 \u0627\u0644\u0646\u0645\u0648\u0630\u062c\u064a\u0629 \u0644\u0644\u0635\u0644\u0628)<\/td>\n<td width=\"56\">\u0646\u0633\u0628\u0629 \u0628\u0648\u0627\u0633\u0648\u0646<\/td>\n<td width=\"73\">\u0645\u0639\u0627\u0645\u0644 \u0627\u0644\u0642\u0635<\/td>\n<\/tr>\n<tr>\n<td width=\"72\">\u0627\u0644\u0646\u0638\u0627\u0645 \u0627\u0644\u0645\u062a\u0631\u064a<\/td>\n<td width=\"73\">400 \uff5e 550 \u0645\u064a\u062c\u0627 \u0628\u0627\u0633\u0643\u0627\u0644<\/td>\n<td width=\"47\">250 \u0645\u064a\u062c\u0627 \u0628\u0627\u0633\u0643\u0627\u0644<\/td>\n<td width=\"68\">20.0%<\/td>\n<td width=\"56\">23.0%<\/td>\n<td width=\"52\">200 \u062c\u064a\u062c\u0627 \u0628\u0627\u0633\u0643\u0627\u0644<\/td>\n<td width=\"68\">140 \u062c\u064a\u062c\u0627 \u0628\u0627\u0633\u0643\u0627\u0644<\/td>\n<td width=\"56\">0.260<\/td>\n<td width=\"73\">79.3 \u062c\u064a\u062c\u0627 \u0628\u0627\u0633\u0643\u0627\u0644<\/td>\n<\/tr>\n<tr>\n<td width=\"72\">\u0627\u0644\u0646\u0638\u0627\u0645 \u0627\u0644\u0625\u0645\u0628\u0631\u0627\u0637\u0648\u0631\u064a<\/td>\n<td width=\"73\">58000 \uff5e 79800psi<\/td>\n<td width=\"47\">36300 \u0631\u0637\u0644 \u0644\u0643\u0644 \u0628\u0648\u0635\u0629 \u0645\u0631\u0628\u0639\u0629<\/td>\n<td width=\"68\">20.0%<\/td>\n<td width=\"56\">23.0%<\/td>\n<td width=\"52\">29000 \u0643\u0633\u064a<\/td>\n<td width=\"68\">20300 \u0643\u0633\u064a<\/td>\n<td width=\"56\">0.260<\/td>\n<td width=\"73\">11500 \u0643\u0633\u064a<\/td>\n<\/tr>\n<\/tbody>\n<\/table>\n<p><img alt=\"\" fetchpriority=\"high\" decoding=\"async\" class=\"alignnone size-full wp-image-7264\" src=\"http:\/\/www.shandongruiying.com\/wp-content\/uploads\/2026\/02\/WPS\u56fe\u72471-1.png\" width=\"598\" height=\"594\" srcset=\"https:\/\/www.shandongruiying.com\/wp-content\/uploads\/2026\/02\/WPS\u56fe\u72471-1.png 598w, https:\/\/www.shandongruiying.com\/wp-content\/uploads\/2026\/02\/WPS\u56fe\u72471-1-300x298.png 300w, https:\/\/www.shandongruiying.com\/wp-content\/uploads\/2026\/02\/WPS\u56fe\u72471-1-150x150.png 150w, https:\/\/www.shandongruiying.com\/wp-content\/uploads\/2026\/02\/WPS\u56fe\u72471-1-12x12.png 12w, https:\/\/www.shandongruiying.com\/wp-content\/uploads\/2026\/02\/WPS\u56fe\u72471-1-100x100.png 100w\" sizes=\"(max-width: 598px) 100vw, 598px\" \/><\/p>\n<p><img alt=\"\" decoding=\"async\" class=\"alignnone size-full wp-image-7265\" src=\"http:\/\/www.shandongruiying.com\/wp-content\/uploads\/2026\/02\/WPS\u56fe\u72472.png\" width=\"598\" height=\"594\" srcset=\"https:\/\/www.shandongruiying.com\/wp-content\/uploads\/2026\/02\/WPS\u56fe\u72472.png 598w, https:\/\/www.shandongruiying.com\/wp-content\/uploads\/2026\/02\/WPS\u56fe\u72472-300x298.png 300w, https:\/\/www.shandongruiying.com\/wp-content\/uploads\/2026\/02\/WPS\u56fe\u72472-150x150.png 150w, https:\/\/www.shandongruiying.com\/wp-content\/uploads\/2026\/02\/WPS\u56fe\u72472-12x12.png 12w, https:\/\/www.shandongruiying.com\/wp-content\/uploads\/2026\/02\/WPS\u56fe\u72472-100x100.png 100w\" sizes=\"(max-width: 598px) 100vw, 598px\" \/><\/p>","protected":false},"excerpt":{"rendered":"<p>\u0627\u0644\u0635\u0644\u0628 A36 \u0647\u0648 \u0641\u0648\u0644\u0627\u0630 \u0645\u0646\u062e\u0641\u0636 \u0627\u0644\u0643\u0631\u0628\u0648\u0646 \u064a\u062d\u062a\u0648\u064a \u0639\u0644\u0649 \u0643\u0645\u064a\u0627\u062a \u0636\u0626\u064a\u0644\u0629 \u0645\u0646 \u0627\u0644\u0645\u0646\u062c\u0646\u064a\u0632 \u0648\u0627\u0644\u0641\u0648\u0633\u0641\u0648\u0631 \u0648\u0627\u0644\u0643\u0628\u0631\u064a\u062a \u0648\u0627\u0644\u0633\u064a\u0644\u064a\u0643\u0648\u0646 \u0648\u0627\u0644\u0646\u062d\u0627\u0633 \u0648\u0639\u0646\u0627\u0635\u0631 \u0623\u062e\u0631\u0649. \u062a\u062a\u0645\u064a\u0632 A36 \u0628\u0623\u062f\u0627\u0621 \u0644\u062d\u0627\u0645 \u0645\u0645\u062a\u0627\u0632 \u0648\u0642\u0648\u0629 \u0625\u0646\u062a\u0627\u062c\u064a\u0629 \u0639\u0627\u0644\u064a\u0629\u060c \u0648\u0647\u064a \u0623\u0643\u062b\u0631 \u0623\u0644\u0648\u0627\u062d \u0627\u0644\u0635\u0644\u0628 \u0627\u0644\u0625\u0646\u0634\u0627\u0626\u064a\u0629 \u062a\u062d\u062f\u064a\u062f\u064b\u0627 \u0645\u0646 \u0642\u0628\u0644 \u0627\u0644\u0645\u0647\u0646\u062f\u0633\u064a\u0646. \u063a\u0627\u0644\u0628\u064b\u0627 \u0645\u0627 \u064a\u062a\u0645 \u062a\u0635\u0646\u064a\u0639 ASTM A36 \u0641\u064a \u0623\u062c\u0632\u0627\u0621 \u0641\u0648\u0644\u0627\u0630\u064a\u0629 \u0647\u064a\u0643\u0644\u064a\u0629 \u0645\u062e\u062a\u0644\u0641\u0629. \u062a\u064f\u0633\u062a\u062e\u062f\u0645 \u0647\u0630\u0647 \u0627\u0644\u062f\u0631\u062c\u0629 \u0641\u064a \u0627\u0644\u0647\u064a\u0627\u0643\u0644 \u0627\u0644\u0645\u0644\u062d\u0648\u0645\u0629 \u0623\u0648 \u0627\u0644\u0645\u062b\u0628\u062a\u0629 \u0628\u0645\u0633\u0627\u0645\u064a\u0631 \u0623\u0648 \u0645\u062b\u0628\u062a\u0629 \u0628\u0645\u0633\u0627\u0645\u064a\u0631 \u0623\u0648 \u0645\u062b\u0628\u062a\u0629 \u0628\u0627\u0644\u0628\u0631\u0634\u0627\u0645 \u0641\u064a \u0627\u0644\u062c\u0633\u0648\u0631 \u0648\u0627\u0644\u0645\u0628\u0627\u0646\u064a\u060c \u0648\u0643\u0630\u0644\u0643 \u0644\u0644\u0623\u063a\u0631\u0627\u0636 \u0627\u0644\u0625\u0646\u0634\u0627\u0626\u064a\u0629 \u0627\u0644\u0639\u0627\u0645\u0629. \u0646\u0638\u0631\u0627\u064b \u0644\u0646\u0642\u0637\u0629 \u0627\u0644\u062e\u0636\u0648\u0639 \u0627\u0644\u062f\u0646\u064a\u0627\u060c \u064a\u0645\u0643\u0646 \u0627\u0633\u062a\u062e\u062f\u0627\u0645 A36 \u0644\u062a\u0635\u0645\u064a\u0645 \u0627\u0644\u0647\u064a\u0627\u0643\u0644 \u0648\u0627\u0644\u0645\u0639\u062f\u0627\u062a \u0627\u0644\u0623\u062e\u0641 \u0648\u0632\u0646\u0627\u064b\u060c \u0643\u0645\u0627 \u062a\u0648\u0641\u0631 \u0642\u062f\u0631\u0629 \u0644\u062d\u0627\u0645 \u062c\u064a\u062f\u0629.<\/p>","protected":false},"featured_media":7262,"template":"","meta":{"_seopress_robots_primary_cat":"none","_seopress_titles_title":"ASTM A36 Steel Plate | Low Carbon Structural Steel Supplier","_seopress_titles_desc":"ASTM A36 is a low-carbon structural steel plate with excellent weldability and high yield strength. Widely used in bridges, buildings, and welded structures. Reliable A36 steel plate supplier for global markets.","_seopress_robots_index":"","_uag_custom_page_level_css":"","site-sidebar-layout":"default","site-content-layout":"","ast-site-content-layout":"default","site-content-style":"default","site-sidebar-style":"default","ast-global-header-display":"","ast-banner-title-visibility":"","ast-main-header-display":"","ast-hfb-above-header-display":"","ast-hfb-below-header-display":"","ast-hfb-mobile-header-display":"","site-post-title":"","ast-breadcrumbs-content":"","ast-featured-img":"","footer-sml-layout":"","theme-transparent-header-meta":"default","adv-header-id-meta":"","stick-header-meta":"default","header-above-stick-meta":"","header-main-stick-meta":"","header-below-stick-meta":"","astra-migrate-meta-layouts":"set","ast-page-background-enabled":"default","ast-page-background-meta":{"desktop":{"background-color":"","background-image":"","background-repeat":"repeat","background-position":"center center","background-size":"auto","background-attachment":"scroll","background-type":"","background-media":"","overlay-type":"","overlay-color":"","overlay-opacity":"","overlay-gradient":""},"tablet":{"background-color":"","background-image":"","background-repeat":"repeat","background-position":"center center","background-size":"auto","background-attachment":"scroll","background-type":"","background-media":"","overlay-type":"","overlay-color":"","overlay-opacity":"","overlay-gradient":""},"mobile":{"background-color":"","background-image":"","background-repeat":"repeat","background-position":"center center","background-size":"auto","background-attachment":"scroll","background-type":"","background-media":"","overlay-type":"","overlay-color":"","overlay-opacity":"","overlay-gradient":""}},"ast-content-background-meta":{"desktop":{"background-color":"var(--ast-global-color-5)","background-image":"","background-repeat":"repeat","background-position":"center center","background-size":"auto","background-attachment":"scroll","background-type":"","background-media":"","overlay-type":"","overlay-color":"","overlay-opacity":"","overlay-gradient":""},"tablet":{"background-color":"var(--ast-global-color-5)","background-image":"","background-repeat":"repeat","background-position":"center center","background-size":"auto","background-attachment":"scroll","background-type":"","background-media":"","overlay-type":"","overlay-color":"","overlay-opacity":"","overlay-gradient":""},"mobile":{"background-color":"var(--ast-global-color-5)","background-image":"","background-repeat":"repeat","background-position":"center center","background-size":"auto","background-attachment":"scroll","background-type":"","background-media":"","overlay-type":"","overlay-color":"","overlay-opacity":"","overlay-gradient":""}}},"product_brand":[],"product_cat":[116],"product_tag":[],"class_list":{"0":"post-7259","1":"product","2":"type-product","3":"status-publish","4":"has-post-thumbnail","6":"product_cat-round-bar","7":"desktop-align-left","8":"tablet-align-left","9":"mobile-align-left","10":"ast-product-gallery-layout-horizontal-slider","11":"ast-product-tabs-layout-horizontal","13":"first","14":"instock","15":"shipping-taxable","16":"product-type-simple"},"uagb_featured_image_src":{"full":["https:\/\/www.shandongruiying.com\/wp-content\/uploads\/2026\/02\/1-5.jpg",600,600,false],"thumbnail":["https:\/\/www.shandongruiying.com\/wp-content\/uploads\/2026\/02\/1-5-150x150.jpg",150,150,true],"medium":["https:\/\/www.shandongruiying.com\/wp-content\/uploads\/2026\/02\/1-5-300x300.jpg",300,300,true],"medium_large":["https:\/\/www.shandongruiying.com\/wp-content\/uploads\/2026\/02\/1-5.jpg",600,600,false],"large":["https:\/\/www.shandongruiying.com\/wp-content\/uploads\/2026\/02\/1-5.jpg",600,600,false],"1536x1536":["https:\/\/www.shandongruiying.com\/wp-content\/uploads\/2026\/02\/1-5.jpg",600,600,false],"2048x2048":["https:\/\/www.shandongruiying.com\/wp-content\/uploads\/2026\/02\/1-5.jpg",600,600,false],"trp-custom-language-flag":["https:\/\/www.shandongruiying.com\/wp-content\/uploads\/2026\/02\/1-5-12x12.jpg",12,12,true],"woocommerce_thumbnail":["https:\/\/www.shandongruiying.com\/wp-content\/uploads\/2026\/02\/1-5-300x300.jpg",300,300,true],"woocommerce_single":["https:\/\/www.shandongruiying.com\/wp-content\/uploads\/2026\/02\/1-5.jpg",600,600,false],"woocommerce_gallery_thumbnail":["https:\/\/www.shandongruiying.com\/wp-content\/uploads\/2026\/02\/1-5-100x100.jpg",100,100,true]},"uagb_author_info":{"display_name":"Shandong Ruiying Import and Export Trading Co., Ltd.","author_link":"https:\/\/www.shandongruiying.com\/ar\/author\/"},"uagb_comment_info":0,"uagb_excerpt":"A36 is a low-carbon steel that contains trace amounts of manganese, phosphorus, sulfur, silicon, copper and other elements. A36 has excellent welding performance and high yield strength, and is the most specified structural steel plate by engineers. ASTM A36 is most often manufactured into various structural steel parts. This grade is used for welded, bolted&hellip;","_links":{"self":[{"href":"https:\/\/www.shandongruiying.com\/ar\/wp-json\/wp\/v2\/product\/7259","targetHints":{"allow":["GET"]}}],"collection":[{"href":"https:\/\/www.shandongruiying.com\/ar\/wp-json\/wp\/v2\/product"}],"about":[{"href":"https:\/\/www.shandongruiying.com\/ar\/wp-json\/wp\/v2\/types\/product"}],"wp:featuredmedia":[{"embeddable":true,"href":"https:\/\/www.shandongruiying.com\/ar\/wp-json\/wp\/v2\/media\/7262"}],"wp:attachment":[{"href":"https:\/\/www.shandongruiying.com\/ar\/wp-json\/wp\/v2\/media?parent=7259"}],"wp:term":[{"taxonomy":"product_brand","embeddable":true,"href":"https:\/\/www.shandongruiying.com\/ar\/wp-json\/wp\/v2\/product_brand?post=7259"},{"taxonomy":"product_cat","embeddable":true,"href":"https:\/\/www.shandongruiying.com\/ar\/wp-json\/wp\/v2\/product_cat?post=7259"},{"taxonomy":"product_tag","embeddable":true,"href":"https:\/\/www.shandongruiying.com\/ar\/wp-json\/wp\/v2\/product_tag?post=7259"}],"curies":[{"name":"wp","href":"https:\/\/api.w.org\/{rel}","templated":true}]}}